{"id":7720,"date":"2021-07-28T16:41:34","date_gmt":"2021-07-28T14:41:34","guid":{"rendered":"https:\/\/info.formfedern.com\/pedido-de-primavera\/"},"modified":"2021-08-25T10:10:53","modified_gmt":"2021-08-25T08:10:53","slug":"pedido-de-molas","status":"publish","type":"page","link":"https:\/\/info.formfedern.com\/pt-pt\/pedido-de-molas\/","title":{"rendered":"Pedido de molas"},"content":{"rendered":"<p><img loading=\"lazy\" decoding=\"async\" class=\"wp-image-579 size-large aligncenter\" src=\"https:\/\/info.formfedern.com\/wp-content\/uploads\/\/Produktuebersicht-1024x162.jpg\" alt=\"Molas de forma individual, molas planas, molas de folhas, partes perfuradas, pe\u00e7as de flex\u00e3o de soco, pe\u00e7as laser, clipes de molas, molas retangulares e pe\u00e7as de dobragem de arame em formas ilimitadas de deforma\u00e7\u00e3o de a\u00e7o Gutekunst\" width=\"750\" height=\"119\" data-wp-pid=\"579\" srcset=\"https:\/\/info.formfedern.com\/wp-content\/uploads\/Produktuebersicht-1024x162.jpg 1024w, https:\/\/info.formfedern.com\/wp-content\/uploads\/Produktuebersicht-300x48.jpg 300w, https:\/\/info.formfedern.com\/wp-content\/uploads\/Produktuebersicht-200x32.jpg 200w, https:\/\/info.formfedern.com\/wp-content\/uploads\/Produktuebersicht-600x95.jpg 600w, https:\/\/info.formfedern.com\/wp-content\/uploads\/Produktuebersicht-800x127.jpg 800w, https:\/\/info.formfedern.com\/wp-content\/uploads\/Produktuebersicht.jpg 1199w\" sizes=\"auto, (max-width: 750px) 100vw, 750px\" \/><\/p>\n<p>Gutekunst fabrica <a href=\"https:\/\/info.formfedern.com\/pt-pt\/resortes-de-forma-individual-y-resortes-planos\/\" target=\"_blank\" rel=\"noopener noreferrer\">molas moldadas,<\/a> <a href=\"https:\/\/info.formfedern.com\/blattfedern-uebersicht\/\" target=\"_blank\" rel=\"noopener noreferrer\">molas de folhas,<\/a> <a href=\"https:\/\/info.formfedern.com\/pt-pt\/molas-planas\/\" target=\"_blank\" rel=\"noopener noreferrer\">molas planas,<\/a> <a href=\"https:\/\/info.formfedern.com\/pt-pt\/molas-de-contacto-individuais\/\" target=\"_blank\" rel=\"noopener noreferrer\">molas de contacto,<\/a> <a href=\"https:\/\/info.formfedern.com\/pt-pt\/anilhas-para-eixos-e-eixos\/\" target=\"_blank\" rel=\"noopener noreferrer\">anilhas<\/a> e muito mais. em qualquer forma e textura desejadas. Sejam pe\u00e7as de amostra, pequenas quantidades ou pe\u00e7as de s\u00e9rie. Basta enviar-nos os seus dados CAD, um desenho ou esbo\u00e7o com a quantidade desejada atrav\u00e9s do seguinte formul\u00e1rio de inqu\u00e9rito ou por e-mail <a href=\"mailto:info@gutekunst-formfedern.de\">info@gutekunst-formfedern.de<\/a>. Receber\u00e1 a sua oferta individual e n\u00e3o vinculativa em curto prazo &#8211; telefone de contacto direto +49 7445 85160.<\/p>\n<p><strong>Dimens\u00f5es de fabrico para molas moldadas, molas de folhas e molas planas <\/strong><br \/>\nEspessuras do material: 0,1 a 3,0 mm<br \/>\nTamanho m\u00e1ximo da placa: 1500 x 2500 mm<\/p>\n<div class=\"wpforms-container wpforms-container-full\" id=\"wpforms-8269\"><form id=\"wpforms-form-8269\" class=\"wpforms-validate wpforms-form\" data-formid=\"8269\" method=\"post\" enctype=\"multipart\/form-data\" action=\"\/pt-pt\/wp-json\/wp\/v2\/pages\/7720?wpforms_form_id=8269\" data-token=\"fb0ca910e89a5bfea766ed53e34b2d56\" data-token-time=\"1775307699\"><noscript class=\"wpforms-error-noscript\">Please enable JavaScript in your browser to complete this form.<\/noscript><div class=\"wpforms-field-container\"><div id=\"wpforms-8269-field_19-container\" class=\"wpforms-field wpforms-field-file-upload\" data-field-id=\"19\"><label class=\"wpforms-field-label\" for=\"wpforms-8269-field_19\">1) Upload a sketch, drawing, photo or CAD data of the metal spring<\/label><div\n\t\tclass=\"wpforms-uploader \"\n\t\tdata-field-id=\"19\"\n\t\tdata-form-id=\"8269\"\n\t\tdata-input-name=\"wpforms_8269_19\"\n\t\tdata-extensions=\"jpg,jpeg,jpe,gif,png,bmp,tiff,tif,webp,avif,ico,heic,heif,heics,heifs,asf,asx,wmv,wmx,wm,avi,divx,mov,qt,mpeg,mpg,mpe,mp4,m4v,ogv,webm,mkv,3gp,3gpp,3g2,3gp2,txt,asc,c,cc,h,srt,csv,tsv,ics,rtx,css,vtt,mp3,m4a,m4b,aac,ra,ram,wav,x-wav,ogg,oga,flac,mid,midi,wma,wax,mka,rtf,pdf,class,tar,zip,gz,gzip,rar,7z,psd,xcf,doc,pot,pps,ppt,wri,xla,xls,xlt,xlw,mpp,docx,docm,dotx,dotm,xlsx,xlsm,xlsb,xltx,xltm,xlam,pptx,pptm,ppsx,ppsm,potx,potm,ppam,sldx,sldm,onetoc,onetoc2,onepkg,oxps,xps,odt,odp,ods,odg,odc,odb,odf,wp,wpd,key,numbers,pages,dxf,dwf,dwg,igs,igx,wmf,txt,iges,eps,stp,sat,stl,step\"\n\t\tdata-max-size=\"10485760\"\n\t\tdata-max-file-number=\"1\"\n\t\tdata-post-max-size=\"20971520\"\n\t\tdata-max-parallel-uploads=\"4\"\n\t\tdata-parallel-uploads=\"true\"\n\t\tdata-file-chunk-size=\"2097152\">\n\t<div class=\"dz-message\">\n\t\t<svg  viewBox=\"0 0 640 640\" focusable=\"false\" data-icon=\"inbox\" width=\"50px\" height=\"50px\" fill=\"currentColor\" aria-hidden=\"true\">\n\t\t\t<path d=\"M352 173.3L352 384C352 401.7 337.7 416 320 416C302.3 416 288 401.7 288 384L288 173.3L246.6 214.7C234.1 227.2 213.8 227.2 201.3 214.7C188.8 202.2 188.8 181.9 201.3 169.4L297.3 73.4C309.8 60.9 330.1 60.9 342.6 73.4L438.6 169.4C451.1 181.9 451.1 202.2 438.6 214.7C426.1 227.2 405.8 227.2 393.3 214.7L352 173.3zM320 464C364.2 464 400 428.2 400 384L480 384C515.3 384 544 412.7 544 448L544 480C544 515.3 515.3 544 480 544L160 544C124.7 544 96 515.3 96 480L96 448C96 412.7 124.7 384 160 384L240 384C240 428.2 275.8 464 320 464zM464 488C477.3 488 488 477.3 488 464C488 450.7 477.3 440 464 440C450.7 440 440 450.7 440 464C440 477.3 450.7 488 464 488z\"\/>\n\t\t<\/svg>\n\n\t\t<span class=\"modern-title\">\n\t\t\t\t\t\t\tDrag &amp; Drop Files, \t\t\t\t<span>Choose Files to Upload<\/span>\n\t\t\t\t\t<\/span>\n\n\t\t\t<\/div>\n<\/div>\n\n<input\n\t\ttype=\"text\"\n\t\tautocomplete=\"off\"\n\t\treadonly\n\t\tclass=\"dropzone-input\"\n\t\tstyle=\"position:absolute!important;clip:rect(0,0,0,0)!important;height:1px!important;width:1px!important;border:0!important;overflow:hidden!important;padding:0!important;margin:0!important;\"\n\t\tid=\"wpforms-8269-field_19\"\n\t\tname=\"wpforms_8269_19\" \t\tvalue=\"\">\n<div class=\"wpforms-field-description\">Please send a sketch, drawing, photo or CAD file in the formats - jpg, tif, gif, png, doc, xls, pdf, stp, sat, igs, dxf, dwg, stl, mpg, mov, wmv or zip - up to a maximum file size of 10 MB with. <\/div><\/div><div id=\"wpforms-8269-field_64-container\" class=\"wpforms-field wpforms-field-textarea\" data-field-id=\"64\"><label class=\"wpforms-field-label\" for=\"wpforms-8269-field_64\">2) More information<\/label><textarea id=\"wpforms-8269-field_64\" class=\"wpforms-field-medium\" name=\"wpforms[fields][64]\" ><\/textarea><\/div><div id=\"wpforms-8269-field_24-container\" class=\"wpforms-field wpforms-field-select wpforms-conditional-trigger wpforms-field-select-style-classic\" data-field-id=\"24\"><label class=\"wpforms-field-label\" for=\"wpforms-8269-field_24\">3) Material of the technical spring [please select or state the properties under point 5]<\/label><select id=\"wpforms-8269-field_24\" class=\"wpforms-field-medium\" name=\"wpforms[fields][24]\"><option value=\"----\"  class=\"choice-1 depth-1\"  >----<\/option><option value=\"C75S+LC (untempered)\"  class=\"choice-11 depth-1\"  >C75S+LC (untempered)<\/option><option value=\"C75S+QT (tempered)\"  class=\"choice-2 depth-1\"  >C75S+QT (tempered)<\/option><option value=\"1.4310 (X10CrNi18-8)\"  class=\"choice-3 depth-1\"  >1.4310 (X10CrNi18-8)<\/option><option value=\"1.4568 (X7CrNiAl17-7)\"  class=\"choice-4 depth-1\"  >1.4568 (X7CrNiAl17-7)<\/option><option value=\"1.4401 (X5CrNiMo17-12-2)\"  class=\"choice-5 depth-1\"  >1.4401 (X5CrNiMo17-12-2)<\/option><option value=\"CM452K (CuSn6)\"  class=\"choice-6 depth-1\"  >CM452K (CuSn6)<\/option><option value=\"CW101C (CuBe2)\"  class=\"choice-7 depth-1\"  >CW101C (CuBe2)<\/option><option value=\"Nimonic 90 (NiCr20Co18Ti) - only as a material provided\"  class=\"choice-8 depth-1\"  >Nimonic 90 (NiCr20Co18Ti) - only as a material provided<\/option><option value=\"Inconel X-750 (NiCr15Fe7TiAl) - only as a material provided\"  class=\"choice-9 depth-1\"  >Inconel X-750 (NiCr15Fe7TiAl) - only as a material provided<\/option><option value=\"Inconel 718 (NiCr19NbMo) - only as a material provided\"  class=\"choice-10 depth-1\"  >Inconel 718 (NiCr19NbMo) - only as a material provided<\/option><option value=\"Other material\"  class=\"choice-12 depth-1\"  >Other material<\/option><\/select><div class=\"wpforms-field-description\"><a href=\"https:\/\/info.formfedern.com\/en\/properties-of-spring-steel-sheets\/\" target=\"_blank\">Information materials<\/a><\/div><\/div><div id=\"wpforms-8269-field_37-container\" class=\"wpforms-field wpforms-field-text wpforms-conditional-field wpforms-conditional-show\" data-field-id=\"37\" style=\"display:none;\"><label class=\"wpforms-field-label wpforms-label-hide\" for=\"wpforms-8269-field_37\">Other material<\/label><input type=\"text\" id=\"wpforms-8269-field_37\" class=\"wpforms-field-medium\" name=\"wpforms[fields][37]\" placeholder=\"Other material\" ><\/div><div id=\"wpforms-8269-field_25-container\" class=\"wpforms-field wpforms-field-select wpforms-conditional-trigger wpforms-field-select-style-classic\" data-field-id=\"25\"><label class=\"wpforms-field-label\" for=\"wpforms-8269-field_25\">4) Surface treatment of the metal spring [select if necessary]<\/label><select id=\"wpforms-8269-field_25\" class=\"wpforms-field-medium\" name=\"wpforms[fields][25]\"><option value=\"----\"  class=\"choice-1 depth-1\"  >----<\/option><option value=\"Pickling\"  class=\"choice-19 depth-1\"  >Pickling<\/option><option value=\"Burnishing\"  class=\"choice-2 depth-1\"  >Burnishing<\/option><option value=\"Delta\u00ae-Tone und Delta\u00ae-Seal\"  class=\"choice-3 depth-1\"  >Delta\u00ae-Tone und Delta\u00ae-Seal<\/option><option value=\"Thick-film passivation\"  class=\"choice-10 depth-1\"  >Thick-film passivation<\/option><option value=\"Electropolishing\"  class=\"choice-9 depth-1\"  >Electropolishing<\/option><option value=\"Bright galvanizing\"  class=\"choice-8 depth-1\"  >Bright galvanizing<\/option><option value=\"Glass bead rays\"  class=\"choice-7 depth-1\"  >Glass bead rays<\/option><option value=\"Hardening | Austenitizing\"  class=\"choice-21 depth-1\"  >Hardening | Austenitizing<\/option><option value=\"Shot peening\"  class=\"choice-6 depth-1\"  >Shot peening<\/option><option value=\"Passivate\"  class=\"choice-5 depth-1\"  >Passivate<\/option><option value=\"Phosphating\"  class=\"choice-4 depth-1\"  >Phosphating<\/option><option value=\"Powder coating\"  class=\"choice-14 depth-1\"  >Powder coating<\/option><option value=\"Teflon coating (PTFE)\"  class=\"choice-13 depth-1\"  >Teflon coating (PTFE)<\/option><option value=\"Chrome plating\"  class=\"choice-12 depth-1\"  >Chrome plating<\/option><option value=\"Gold plating\"  class=\"choice-11 depth-1\"  >Gold plating<\/option><option value=\"Copper plating\"  class=\"choice-16 depth-1\"  >Copper plating<\/option><option value=\"Nickel plating\"  class=\"choice-15 depth-1\"  >Nickel plating<\/option><option value=\"Galvanizing\"  class=\"choice-17 depth-1\"  >Galvanizing<\/option><option value=\"Galvanized chromating [color blue]\"  class=\"choice-18 depth-1\"  >Galvanized chromating [color blue]<\/option><option value=\"Other surface\"  class=\"choice-20 depth-1\"  >Other surface<\/option><\/select><div class=\"wpforms-field-description\"><a href=\"https:\/\/info.formfedern.com\/en\/surface-refinement-and-surface-coating-of-metal-springs\/\"target=\"_blank\">Information surfaces<\/a><\/div><\/div><div id=\"wpforms-8269-field_38-container\" class=\"wpforms-field wpforms-field-text wpforms-conditional-field wpforms-conditional-show\" data-field-id=\"38\" style=\"display:none;\"><label class=\"wpforms-field-label wpforms-label-hide\" for=\"wpforms-8269-field_38\">Other surface<\/label><input type=\"text\" id=\"wpforms-8269-field_38\" class=\"wpforms-field-medium\" name=\"wpforms[fields][38]\" placeholder=\"Other surface\" ><\/div><div id=\"wpforms-8269-field_11-container\" class=\"wpforms-field wpforms-field-checkbox wpforms-list-2-columns\" data-field-id=\"11\"><label class=\"wpforms-field-label\">5) Eigenschaften der technischen Feder  [bei Bedarf bitte anklicken - Mehrfachauswahl m\u00f6glich]<\/label><ul id=\"wpforms-8269-field_11\"><li class=\"choice-1 depth-1\"><input type=\"checkbox\" id=\"wpforms-8269-field_11_1\" name=\"wpforms[fields][11][]\" value=\"Non-stick\"  ><label class=\"wpforms-field-label-inline\" for=\"wpforms-8269-field_11_1\">Non-stick<\/label><\/li><li class=\"choice-2 depth-1\"><input type=\"checkbox\" id=\"wpforms-8269-field_11_2\" name=\"wpforms[fields][11][]\" value=\"Permanent\"  ><label class=\"wpforms-field-label-inline\" for=\"wpforms-8269-field_11_2\">Permanent<\/label><\/li><li class=\"choice-24 depth-1\"><input type=\"checkbox\" id=\"wpforms-8269-field_11_24\" name=\"wpforms[fields][11][]\" value=\"Cleaned\"  ><label class=\"wpforms-field-label-inline\" for=\"wpforms-8269-field_11_24\">Cleaned<\/label><\/li><li class=\"choice-3 depth-1\"><input type=\"checkbox\" id=\"wpforms-8269-field_11_3\" name=\"wpforms[fields][11][]\" value=\"Easy to slide\"  ><label class=\"wpforms-field-label-inline\" for=\"wpforms-8269-field_11_3\">Easy to slide<\/label><\/li><li class=\"choice-4 depth-1\"><input type=\"checkbox\" id=\"wpforms-8269-field_11_4\" name=\"wpforms[fields][11][]\" value=\"Free of burrs\"  ><label class=\"wpforms-field-label-inline\" for=\"wpforms-8269-field_11_4\">Free of burrs<\/label><\/li><li class=\"choice-5 depth-1\"><input type=\"checkbox\" id=\"wpforms-8269-field_11_5\" name=\"wpforms[fields][11][]\" value=\"Primed\"  ><label class=\"wpforms-field-label-inline\" for=\"wpforms-8269-field_11_5\">Primed<\/label><\/li><li class=\"choice-6 depth-1\"><input type=\"checkbox\" id=\"wpforms-8269-field_11_6\" name=\"wpforms[fields][11][]\" value=\"Heat resistant\"  ><label class=\"wpforms-field-label-inline\" for=\"wpforms-8269-field_11_6\">Heat resistant<\/label><\/li><li class=\"choice-7 depth-1\"><input type=\"checkbox\" id=\"wpforms-8269-field_11_7\" name=\"wpforms[fields][11][]\" value=\"Insulating\"  ><label class=\"wpforms-field-label-inline\" for=\"wpforms-8269-field_11_7\">Insulating<\/label><\/li><li class=\"choice-8 depth-1\"><input type=\"checkbox\" id=\"wpforms-8269-field_11_8\" name=\"wpforms[fields][11][]\" value=\"Cold resistant\"  ><label class=\"wpforms-field-label-inline\" for=\"wpforms-8269-field_11_8\">Cold resistant<\/label><\/li><li class=\"choice-9 depth-1\"><input type=\"checkbox\" id=\"wpforms-8269-field_11_9\" name=\"wpforms[fields][11][]\" value=\"Corrosion Resistant\"  ><label class=\"wpforms-field-label-inline\" for=\"wpforms-8269-field_11_9\">Corrosion Resistant<\/label><\/li><li class=\"choice-25 depth-1\"><input type=\"checkbox\" id=\"wpforms-8269-field_11_25\" name=\"wpforms[fields][11][]\" value=\"Resistant to fuel\"  ><label class=\"wpforms-field-label-inline\" for=\"wpforms-8269-field_11_25\">Resistant to fuel<\/label><\/li><li class=\"choice-10 depth-1\"><input type=\"checkbox\" id=\"wpforms-8269-field_11_10\" name=\"wpforms[fields][11][]\" value=\"Food safe\"  ><label class=\"wpforms-field-label-inline\" for=\"wpforms-8269-field_11_10\">Food safe<\/label><\/li><li class=\"choice-11 depth-1\"><input type=\"checkbox\" id=\"wpforms-8269-field_11_11\" name=\"wpforms[fields][11][]\" value=\"Conductive\"  ><label class=\"wpforms-field-label-inline\" for=\"wpforms-8269-field_11_11\">Conductive<\/label><\/li><li class=\"choice-26 depth-1\"><input type=\"checkbox\" id=\"wpforms-8269-field_11_26\" name=\"wpforms[fields][11][]\" value=\"Resistant to solvents\"  ><label class=\"wpforms-field-label-inline\" for=\"wpforms-8269-field_11_26\">Resistant to solvents<\/label><\/li><li class=\"choice-12 depth-1\"><input type=\"checkbox\" id=\"wpforms-8269-field_11_12\" name=\"wpforms[fields][11][]\" value=\"Solderable\"  ><label class=\"wpforms-field-label-inline\" for=\"wpforms-8269-field_11_12\">Solderable<\/label><\/li><li class=\"choice-14 depth-1\"><input type=\"checkbox\" id=\"wpforms-8269-field_11_14\" name=\"wpforms[fields][11][]\" value=\"Medical technology\"  ><label class=\"wpforms-field-label-inline\" for=\"wpforms-8269-field_11_14\">Medical technology<\/label><\/li><li class=\"choice-13 depth-1\"><input type=\"checkbox\" id=\"wpforms-8269-field_11_13\" name=\"wpforms[fields][11][]\" value=\"Metallic pure\"  ><label class=\"wpforms-field-label-inline\" for=\"wpforms-8269-field_11_13\">Metallic pure<\/label><\/li><li class=\"choice-15 depth-1\"><input type=\"checkbox\" id=\"wpforms-8269-field_11_15\" name=\"wpforms[fields][11][]\" value=\"Regenerating\"  ><label class=\"wpforms-field-label-inline\" for=\"wpforms-8269-field_11_15\">Regenerating<\/label><\/li><li class=\"choice-17 depth-1\"><input type=\"checkbox\" id=\"wpforms-8269-field_11_17\" name=\"wpforms[fields][11][]\" value=\"Salt water resistant\"  ><label class=\"wpforms-field-label-inline\" for=\"wpforms-8269-field_11_17\">Salt water resistant<\/label><\/li><li class=\"choice-27 depth-1\"><input type=\"checkbox\" id=\"wpforms-8269-field_11_27\" name=\"wpforms[fields][11][]\" value=\"Acid resistant\"  ><label class=\"wpforms-field-label-inline\" for=\"wpforms-8269-field_11_27\">Acid resistant<\/label><\/li><li class=\"choice-18 depth-1\"><input type=\"checkbox\" id=\"wpforms-8269-field_11_18\" name=\"wpforms[fields][11][]\" value=\"Resistant to lubricants\"  ><label class=\"wpforms-field-label-inline\" for=\"wpforms-8269-field_11_18\">Resistant to lubricants<\/label><\/li><li class=\"choice-20 depth-1\"><input type=\"checkbox\" id=\"wpforms-8269-field_11_20\" name=\"wpforms[fields][11][]\" value=\"Heavily used\"  ><label class=\"wpforms-field-label-inline\" for=\"wpforms-8269-field_11_20\">Heavily used<\/label><\/li><li class=\"choice-21 depth-1\"><input type=\"checkbox\" id=\"wpforms-8269-field_11_21\" name=\"wpforms[fields][11][]\" value=\"Non-magnetic\"  ><label class=\"wpforms-field-label-inline\" for=\"wpforms-8269-field_11_21\">Non-magnetic<\/label><\/li><\/ul><div class=\"wpforms-field-description\"><a href=\"https:\/\/info.formfedern.com\/en\/application-of-spring-steel-sheets-and-surface-treatments\/\" target=\"_blank\">Information properties<\/a><\/div><\/div><div id=\"wpforms-8269-field_63-container\" class=\"wpforms-field wpforms-field-text\" data-field-id=\"63\"><label class=\"wpforms-field-label wpforms-label-hide\" for=\"wpforms-8269-field_63\">Other properties<\/label><input type=\"text\" id=\"wpforms-8269-field_63\" class=\"wpforms-field-medium\" name=\"wpforms[fields][63]\" placeholder=\"Other properties\" ><\/div><div id=\"wpforms-8269-field_54-container\" class=\"wpforms-field wpforms-field-text\" data-field-id=\"54\"><label class=\"wpforms-field-label\" for=\"wpforms-8269-field_54\">6) Inquiry quantity in pieces (multiple entries possible) <span class=\"wpforms-required-label\">*<\/span><\/label><input type=\"text\" id=\"wpforms-8269-field_54\" class=\"wpforms-field-large wpforms-field-required\" name=\"wpforms[fields][54]\" required><\/div><div id=\"wpforms-8269-field_12-container\" class=\"wpforms-field wpforms-field-name\" data-field-id=\"12\"><label class=\"wpforms-field-label\" for=\"wpforms-8269-field_12\">Company name \/ contact person <span class=\"wpforms-required-label\">*<\/span><\/label><input type=\"text\" id=\"wpforms-8269-field_12\" class=\"wpforms-field-medium wpforms-field-required\" name=\"wpforms[fields][12]\" required><\/div><div id=\"wpforms-8269-field_28-container\" class=\"wpforms-field wpforms-field-text\" data-field-id=\"28\"><label class=\"wpforms-field-label\" for=\"wpforms-8269-field_28\">Street and house number<\/label><input type=\"text\" id=\"wpforms-8269-field_28\" class=\"wpforms-field-medium\" name=\"wpforms[fields][28]\" ><\/div><div id=\"wpforms-8269-field_30-container\" class=\"wpforms-field wpforms-field-text\" data-field-id=\"30\"><label class=\"wpforms-field-label\" for=\"wpforms-8269-field_30\">ZIP and City<\/label><input type=\"text\" id=\"wpforms-8269-field_30\" class=\"wpforms-field-medium\" name=\"wpforms[fields][30]\" ><\/div><div id=\"wpforms-8269-field_55-container\" class=\"wpforms-field wpforms-field-text\" data-field-id=\"55\"><label class=\"wpforms-field-label\" for=\"wpforms-8269-field_55\">Phone<\/label><input type=\"text\" id=\"wpforms-8269-field_55\" class=\"wpforms-field-medium\" name=\"wpforms[fields][55]\" ><div class=\"wpforms-field-description\">Please give us your telephone number to clarify any technical issues! <\/div><\/div><div id=\"wpforms-8269-field_13-container\" class=\"wpforms-field wpforms-field-email\" data-field-id=\"13\"><label class=\"wpforms-field-label\" for=\"wpforms-8269-field_13\">Email-address <span class=\"wpforms-required-label\">*<\/span><\/label><input type=\"email\" id=\"wpforms-8269-field_13\" class=\"wpforms-field-medium wpforms-field-required\" name=\"wpforms[fields][13]\" spellcheck=\"false\" required><\/div><div id=\"wpforms-8269-field_53-container\" class=\"wpforms-field wpforms-field-html\" data-field-id=\"53\"><div id=\"wpforms-8269-field_53\"><a href=\"https:\/\/info.formfedern.com\/en\/data-protection\/\"target=\"_blank\">Data protection<\/a><\/div><\/div><\/div><!-- .wpforms-field-container --><div class=\"wpforms-field wpforms-field-hp\"><label for=\"wpforms-8269-field-hp\" class=\"wpforms-field-label\">Message<\/label><input type=\"text\" name=\"wpforms[hp]\" id=\"wpforms-8269-field-hp\" class=\"wpforms-field-medium\"><\/div><div class=\"wpforms-recaptcha-container wpforms-is-recaptcha wpforms-is-recaptcha-type-v2\" ><div class=\"g-recaptcha\" data-sitekey=\"6LcJ3VkUAAAAAEwsmxCvrU7HOIBZ_JjX0y11Awxi\"><\/div><input type=\"text\" name=\"g-recaptcha-hidden\" class=\"wpforms-recaptcha-hidden\" style=\"position:absolute!important;clip:rect(0,0,0,0)!important;height:1px!important;width:1px!important;border:0!important;overflow:hidden!important;padding:0!important;margin:0!important;\" data-rule-recaptcha=\"1\"><\/div><div class=\"wpforms-submit-container\" ><input type=\"hidden\" name=\"wpforms[id]\" value=\"8269\"><input type=\"hidden\" name=\"page_title\" value=\"\"><input type=\"hidden\" name=\"page_url\" value=\"https:\/\/info.formfedern.com\/pt-pt\/wp-json\/wp\/v2\/pages\/7720\"><input type=\"hidden\" name=\"url_referer\" value=\"\"><button type=\"submit\" name=\"wpforms[submit]\" id=\"wpforms-submit-8269\" class=\"wpforms-submit\" data-alt-text=\"Sending request ...\" data-submit-text=\"Send request\" aria-live=\"assertive\" value=\"wpforms-submit\">Send request<\/button><\/div><\/form><\/div>  <!-- .wpforms-container -->","protected":false},"excerpt":{"rendered":"<p>Gutekunst fabrica molas moldadas, molas de folhas, molas planas, molas de contacto, anilhas e muito mais. em qualquer forma e textura desejadas. Sejam pe\u00e7as de amostra, pequenas quantidades ou pe\u00e7as de s\u00e9rie. Basta enviar-nos os seus dados CAD, um desenho<\/p>\n","protected":false},"author":5,"featured_media":0,"parent":0,"menu_order":0,"comment_status":"closed","ping_status":"closed","template":"","meta":{"footnotes":""},"page_tag":[],"class_list":["post-7720","page","type-page","status-publish","hentry"],"_links":{"self":[{"href":"https:\/\/info.formfedern.com\/pt-pt\/wp-json\/wp\/v2\/pages\/7720","targetHints":{"allow":["GET"]}}],"collection":[{"href":"https:\/\/info.formfedern.com\/pt-pt\/wp-json\/wp\/v2\/pages"}],"about":[{"href":"https:\/\/info.formfedern.com\/pt-pt\/wp-json\/wp\/v2\/types\/page"}],"author":[{"embeddable":true,"href":"https:\/\/info.formfedern.com\/pt-pt\/wp-json\/wp\/v2\/users\/5"}],"replies":[{"embeddable":true,"href":"https:\/\/info.formfedern.com\/pt-pt\/wp-json\/wp\/v2\/comments?post=7720"}],"version-history":[{"count":4,"href":"https:\/\/info.formfedern.com\/pt-pt\/wp-json\/wp\/v2\/pages\/7720\/revisions"}],"predecessor-version":[{"id":8310,"href":"https:\/\/info.formfedern.com\/pt-pt\/wp-json\/wp\/v2\/pages\/7720\/revisions\/8310"}],"wp:attachment":[{"href":"https:\/\/info.formfedern.com\/pt-pt\/wp-json\/wp\/v2\/media?parent=7720"}],"wp:term":[{"taxonomy":"page_tag","embeddable":true,"href":"https:\/\/info.formfedern.com\/pt-pt\/wp-json\/wp\/v2\/page_tag?post=7720"}],"curies":[{"name":"wp","href":"https:\/\/api.w.org\/{rel}","templated":true}]}}