{"id":6702,"date":"2021-05-19T15:07:49","date_gmt":"2021-05-19T13:07:49","guid":{"rendered":"https:\/\/info.formfedern.com\/bem-vindos-ao-gutekunst-formfedern-gmbh\/"},"modified":"2021-05-19T15:16:38","modified_gmt":"2021-05-19T13:16:38","slug":"bem-vindos-ao-gutekunst-formfedern-gmbh","status":"publish","type":"page","link":"https:\/\/info.formfedern.com\/pt-pt\/bem-vindos-ao-gutekunst-formfedern-gmbh\/","title":{"rendered":"Bem-vindos ao Gutekunst Formfedern GmbH"},"content":{"rendered":"<h3 style=\"text-align: left;\">A casa da tecnologia de primavera de \u00faltima gera\u00e7\u00e3o<\/h3>\n<p>&nbsp;<\/p>\n<p><a href=\"https:\/\/info.formfedern.com\/wp-content\/uploads\/Produktuebersicht.jpg\"><img loading=\"lazy\" decoding=\"async\" class=\"alignnone wp-image-6704 size-full\" src=\"https:\/\/info.formfedern.com\/wp-content\/uploads\/Produktuebersicht.jpg\" alt=\"Molas de forma individual, molas planas, molas de folhas, partes perfuradas, partes de flex\u00e3o de soco, pe\u00e7as laser, clipes de molas, molas retangulares e pe\u00e7as de dobragem de arame em formas ilimitadas de boas molas de forma de arte\" width=\"1199\" height=\"190\" data-wp-pid=\"579\" srcset=\"https:\/\/info.formfedern.com\/wp-content\/uploads\/Produktuebersicht.jpg 1199w, https:\/\/info.formfedern.com\/wp-content\/uploads\/Produktuebersicht-300x48.jpg 300w, https:\/\/info.formfedern.com\/wp-content\/uploads\/Produktuebersicht-1024x162.jpg 1024w, https:\/\/info.formfedern.com\/wp-content\/uploads\/Produktuebersicht-200x32.jpg 200w, https:\/\/info.formfedern.com\/wp-content\/uploads\/Produktuebersicht-600x95.jpg 600w, https:\/\/info.formfedern.com\/wp-content\/uploads\/Produktuebersicht-800x127.jpg 800w\" sizes=\"auto, (max-width: 1199px) 100vw, 1199px\" \/><\/a><\/p>\n<p>Gutekunst Formfedern GmbH \u00e9 especializado na produ\u00e7\u00e3o de molas em forma individual, molas planas, molas de folhas, partes perfuradas, partes de corte de morte, pe\u00e7as de laser, grampos de mola, molas retangulares e pe\u00e7as de dobragem de fios numa variedade ilimitada de formas. Quer sejam formas complexas ou propriedades multi-benef\u00edcios, para al\u00e9m da melhor qualidade, a empresa sediada em Pfalzgrafenweiler, fundada em 1990, representa solu\u00e7\u00f5es inovadoras e um servi\u00e7o abrangente desde o in\u00edcio.<\/p>\n<p>Certificado para a ISO 9001:2008, 14001, 18001 e 45001, a Gutekunst Formfedern GmbH oferece uma precis\u00e3o de pe\u00e7a extremamente elevada e uma precis\u00e3o repetitiva com a sua extensa maquinaria moderna de lasers controlados por CAD\/CAM, m\u00e1quinas de perfura\u00e7\u00e3o, corte, dobragem e eros\u00e3o de fios. E garante um fluxo de encomenda r\u00e1pido e ideal para prot\u00f3tipos, pequenas quantidades e grandes s\u00e9ries atrav\u00e9s da fabrica\u00e7\u00e3o de ferramentas internas, da ordem e controlo de produ\u00e7\u00e3o baseados em CAD, bem como do princ\u00edpio &#8220;tudo-em-um&#8221; com o suporte personalizado da ordem.<\/p>\n<hr \/>\n<p>As possibilidades de aplica\u00e7\u00e3o e conce\u00e7\u00e3o de molas de moldes, molas planas, molas de folhas, pe\u00e7as perfuradas, pe\u00e7as de flex\u00e3o de socos, pe\u00e7as laser, grampos de mola e pe\u00e7as de dobragem de arame s\u00e3o t\u00e3o vers\u00e1teis e complexas como a sua produ\u00e7\u00e3o. De forma a ajud\u00e1-lo na sele\u00e7\u00e3o e interpreta\u00e7\u00e3o, lan\u00e7\u00e1mos o nosso website em <a href=\"http:\/\/www.formfedern.com\" target=\"_blank\" rel=\"noopener noreferrer\">www.formfedern.com,<\/a>e o nosso servi\u00e7o de design <a href=\"mailto:info@gutekunst-formfedern.de\">em info@gutekunst-formfedern.de,<\/a>esta plataforma de informa\u00e7\u00e3o com temas constantemente interessantes, atuais e orientados para solu\u00e7\u00f5es na nossa gama de produtos.<\/p>\n<p>Gostar\u00edamos tamb\u00e9m de responder \u00e0s suas perguntas espec\u00edficas sobre este tema. Por favor envie-nos a sua pergunta para &gt; <a href=\"mailto:info@formfedern.news2b.de\">info@formfedern.news2b.de.<\/a><\/p>\n<p><strong>Gutekunst Formfedern<br \/>\nGmbH<\/strong> Siemensstra\u00dfe 11<br \/>\n72285 Pfalzgrafenweiler<br \/>\nTelefone +49 74 45-85 16-0<br \/>\nFax +49 74 45-85 16-33<br \/>\n<a class=\"email\" href=\"mailto:info@gutekunst-formfedern.de\">info@gutekunst-formfedern.de<\/a><\/p>","protected":false},"excerpt":{"rendered":"<p>A casa da tecnologia de primavera de \u00faltima gera\u00e7\u00e3o &nbsp; Gutekunst Formfedern GmbH \u00e9 especializado na produ\u00e7\u00e3o de molas em forma individual, molas planas, molas de folhas, partes perfuradas, partes de corte de morte, pe\u00e7as de laser, grampos de mola,<\/p>\n","protected":false},"author":6,"featured_media":0,"parent":0,"menu_order":0,"comment_status":"closed","ping_status":"closed","template":"","meta":{"footnotes":""},"page_tag":[],"class_list":["post-6702","page","type-page","status-publish","hentry"],"_links":{"self":[{"href":"https:\/\/info.formfedern.com\/pt-pt\/wp-json\/wp\/v2\/pages\/6702","targetHints":{"allow":["GET"]}}],"collection":[{"href":"https:\/\/info.formfedern.com\/pt-pt\/wp-json\/wp\/v2\/pages"}],"about":[{"href":"https:\/\/info.formfedern.com\/pt-pt\/wp-json\/wp\/v2\/types\/page"}],"author":[{"embeddable":true,"href":"https:\/\/info.formfedern.com\/pt-pt\/wp-json\/wp\/v2\/users\/6"}],"replies":[{"embeddable":true,"href":"https:\/\/info.formfedern.com\/pt-pt\/wp-json\/wp\/v2\/comments?post=6702"}],"version-history":[{"count":2,"href":"https:\/\/info.formfedern.com\/pt-pt\/wp-json\/wp\/v2\/pages\/6702\/revisions"}],"predecessor-version":[{"id":6732,"href":"https:\/\/info.formfedern.com\/pt-pt\/wp-json\/wp\/v2\/pages\/6702\/revisions\/6732"}],"wp:attachment":[{"href":"https:\/\/info.formfedern.com\/pt-pt\/wp-json\/wp\/v2\/media?parent=6702"}],"wp:term":[{"taxonomy":"page_tag","embeddable":true,"href":"https:\/\/info.formfedern.com\/pt-pt\/wp-json\/wp\/v2\/page_tag?post=6702"}],"curies":[{"name":"wp","href":"https:\/\/api.w.org\/{rel}","templated":true}]}}