{"id":7688,"date":"2021-07-28T16:13:34","date_gmt":"2021-07-28T14:13:34","guid":{"rendered":"https:\/\/info.formfedern.com\/asortyment-produktow-gutekunst-formfedern\/"},"modified":"2021-07-28T16:13:35","modified_gmt":"2021-07-28T14:13:35","slug":"asortyment-produktow-gutekunst-formfedern","status":"publish","type":"page","link":"https:\/\/info.formfedern.com\/pl\/asortyment-produktow-gutekunst-formfedern\/","title":{"rendered":"Asortyment produkt\u00f3w Gutekunst Formfedern"},"content":{"rendered":"<p style=\"text-align: left;\">Gutekunst Formfedern to niezwyk\u0142a r\u00f3\u017cnorodno\u015b\u0107 spr\u0119\u017cyn, bogactwo pomys\u0142\u00f3w i najwy\u017cszy poziom precyzji w technologii spr\u0119\u017cyn. Od 1991 roku projektujemy i produkujemy ka\u017cdy po\u017c\u0105dany produkt<a href=\"https:\/\/info.formfedern.com\/pl\/indywidualnie-ksztaltowane-sprezyny-i-sprezyny-plaskie\/\" target=\"_blank\" rel=\"noopener noreferrer\"> Kszta\u0142towana wiosna<\/a> ,<a href=\"https:\/\/info.formfedern.com\/pl\/flachfedern\/\" target=\"_blank\" rel=\"noopener noreferrer\"> P\u0142aska spr\u0119\u017cyna<\/a> ,<a href=\"https:\/\/info.formfedern.com\/pl\/przeglad-resorow-piorowych\/\" target=\"_blank\" rel=\"noopener noreferrer\"> Spr\u0119\u017cyna li\u015bciowa<\/a> NS<a href=\"https:\/\/info.formfedern.com\/pl\/wlasciwosci-wytlaczanych-elementow-gietych\/\" target=\"_blank\" rel=\"noopener noreferrer\"> Cz\u0119\u015bci t\u0142oczone i gi\u0119te<\/a> oraz<a href=\"https:\/\/info.formfedern.com\/pl\/czesci-laserowe-w-produkcji-ekspresowej\/\" target=\"_blank\" rel=\"noopener noreferrer\"> Cz\u0119\u015bci laserowe<\/a> Ze wszystkich<a href=\"https:\/\/info.formfedern.com\/pl\/wlasciwosci-blach-ze-stali-sprezynowej\/\" target=\"_blank\" rel=\"noopener noreferrer\"> Stale p\u0142askie i ta\u015bmowe<\/a> w ma\u0142ych ilo\u015bciach i du\u017cych seriach. Niezale\u017cnie od tego, czy chodzi o skomplikowane kszta\u0142ty, w\u0142a\u015bciwo\u015bci wielokrotnego u\u017cytku, czy po prostu dla tego w\u0142a\u015bciwego<a href=\"https:\/\/info.formfedern.com\/pl\/przeglad-typow-sprezyn\/\" target=\"_blank\" rel=\"noopener noreferrer\"> Metalowa spr\u0119\u017cyna<\/a> wykonane z p\u0142askiego materia\u0142u &#8211; przedstaw nam swoje wymagania i zanurz si\u0119 w \u015bwiecie<a href=\"https:\/\/info.formfedern.com\/pl\/witamy-w-gutekunst-formfedern-gmbh\/\" target=\"_blank\" rel=\"noopener noreferrer\"> Gutekunst tworz\u0105 spr\u0119\u017cyny<\/a> .<\/p>\n<p><img loading=\"lazy\" decoding=\"async\" class=\"aligncenter wp-image-6528 size-full\" src=\"https:\/\/info.formfedern.com\/wp-content\/uploads\/Formfedern_Uebersicht_900.jpg\" alt=\"Formfedern, Blattfedern, Flachfedern, Kontaktfedern und Laserteile - Gutekunst Formfedern\" width=\"900\" height=\"626\" data-wp-pid=\"4057\" srcset=\"https:\/\/info.formfedern.com\/wp-content\/uploads\/Formfedern_Uebersicht_900.jpg 900w, https:\/\/info.formfedern.com\/wp-content\/uploads\/Formfedern_Uebersicht_900-300x209.jpg 300w, https:\/\/info.formfedern.com\/wp-content\/uploads\/Formfedern_Uebersicht_900-768x534.jpg 768w, https:\/\/info.formfedern.com\/wp-content\/uploads\/Formfedern_Uebersicht_900-600x417.jpg 600w, https:\/\/info.formfedern.com\/wp-content\/uploads\/Formfedern_Uebersicht_900-150x104.jpg 150w, https:\/\/info.formfedern.com\/wp-content\/uploads\/Formfedern_Uebersicht_900-288x200.jpg 288w, https:\/\/info.formfedern.com\/wp-content\/uploads\/Formfedern_Uebersicht_900-800x556.jpg 800w, https:\/\/info.formfedern.com\/wp-content\/uploads\/Formfedern_Uebersicht_900-200x139.jpg 200w\" sizes=\"auto, (max-width: 900px) 100vw, 900px\" \/><\/p>\n<div id=\"ez-toc-container\" class=\"ez-toc-v2_0_82_2 counter-hierarchy ez-toc-counter ez-toc-grey ez-toc-container-direction\">\n<div class=\"ez-toc-title-container\">\n<p class=\"ez-toc-title\" style=\"cursor:inherit\">Table of Contents<\/p>\n<span class=\"ez-toc-title-toggle\"><\/span><\/div>\n<nav><ul class='ez-toc-list ez-toc-list-level-1 ' ><li class='ez-toc-page-1 ez-toc-heading-level-2'><a class=\"ez-toc-link ez-toc-heading-1\" href=\"https:\/\/info.formfedern.com\/pl\/asortyment-produktow-gutekunst-formfedern\/#Proces_produkcji\" >Proces produkcji<\/a><\/li><li class='ez-toc-page-1 ez-toc-heading-level-2'><a class=\"ez-toc-link ez-toc-heading-2\" href=\"https:\/\/info.formfedern.com\/pl\/asortyment-produktow-gutekunst-formfedern\/#Wymiary_produkcyjne\" >Wymiary produkcyjne<\/a><\/li><li class='ez-toc-page-1 ez-toc-heading-level-2'><a class=\"ez-toc-link ez-toc-heading-3\" href=\"https:\/\/info.formfedern.com\/pl\/asortyment-produktow-gutekunst-formfedern\/#krotki_czas_dostawy\" >kr\u00f3tki czas dostawy<\/a><\/li><li class='ez-toc-page-1 ez-toc-heading-level-2'><a class=\"ez-toc-link ez-toc-heading-4\" href=\"https:\/\/info.formfedern.com\/pl\/asortyment-produktow-gutekunst-formfedern\/#Rozwoj_konstrukcja_i_transfer_danych_CAD\" >Rozw\u00f3j, konstrukcja i transfer danych CAD<\/a><\/li><li class='ez-toc-page-1 ez-toc-heading-level-2'><a class=\"ez-toc-link ez-toc-heading-5\" href=\"https:\/\/info.formfedern.com\/pl\/asortyment-produktow-gutekunst-formfedern\/#Oberflachenbehandlungen\" >Oberfl\u00e4chenbehandlungen<\/a><\/li><li class='ez-toc-page-1 ez-toc-heading-level-2'><a class=\"ez-toc-link ez-toc-heading-6\" href=\"https:\/\/info.formfedern.com\/pl\/asortyment-produktow-gutekunst-formfedern\/#Dalsze_prace_i_montaze\" >Dalsze prace i monta\u017ce<\/a><\/li><li class='ez-toc-page-1 ez-toc-heading-level-2'><a class=\"ez-toc-link ez-toc-heading-7\" href=\"https:\/\/info.formfedern.com\/pl\/asortyment-produktow-gutekunst-formfedern\/#Specjalna_oferta_produktowa\" >Specjalna oferta produktowa<\/a><\/li><li class='ez-toc-page-1 ez-toc-heading-level-2'><a class=\"ez-toc-link ez-toc-heading-8\" href=\"https:\/\/info.formfedern.com\/pl\/asortyment-produktow-gutekunst-formfedern\/#Niewiazaca_oferta_od_Gutekunst_Formfedern\" >Niewi\u0105\u017c\u0105ca oferta od Gutekunst Formfedern<\/a><\/li><\/ul><\/nav><\/div>\n<h2><span class=\"ez-toc-section\" id=\"Proces_produkcji\"><\/span>Proces produkcji<span class=\"ez-toc-section-end\"><\/span><\/h2>\n<p>W zale\u017cno\u015bci od w\u0142a\u015bciwo\u015bci, wymaga\u0144 i ilo\u015bci<a href=\"https:\/\/info.formfedern.com\/pl\/techniki-wytwarzania-obejmuja-sprezyny-sprezyny-plaskie-i-resory-piorowe\/\" target=\"_blank\" rel=\"noopener noreferrer\"> produkcja<\/a> stosujemy nasze spr\u0119\u017cyny kszta\u0142towe, p\u0142askie, resory pi\u00f3rowe oraz cz\u0119\u015bci t\u0142oczone i gi\u0119te oraz cz\u0119\u015bci laserowe na nowoczesnych<a href=\"https:\/\/info.formfedern.com\/?p=8450&#038;preview=true&#038;preview_id=8450&#038;preview=true&#038;preview_id=8450\"> Maszyny do t\u0142oczenia i gi\u0119cia<\/a> lub w<a href=\"https:\/\/info.formfedern.com\/laserschneiden-metall\/\"> Ci\u0119cie laserowe<\/a> , Procesy ci\u0119cia i trawienia strumieniem wody z p\u00f3\u017aniejszymi<a href=\"https:\/\/info.formfedern.com\/biegeverfahren-metallumformung\/\" target=\"_blank\" rel=\"noopener noreferrer\"> Technologia formowania<\/a> poprzez gi\u0119tarki TruBend i narz\u0119dzia o dowolnym kszta\u0142cie. Osi\u0105gamy bardzo wysok\u0105 precyzj\u0119 detali i powtarzalno\u015b\u0107 do +\/- 0,05 mm. Ch\u0119tnie udost\u0119pnimy na \u017cyczenie kompletny dziennik proces\u00f3w.<\/p>\n<h2><span class=\"ez-toc-section\" id=\"Wymiary_produkcyjne\"><\/span>Wymiary produkcyjne<span class=\"ez-toc-section-end\"><\/span><\/h2>\n<p><u>Grubo\u015b\u0107 materia\u0142u:<\/u> 0,1 do 3,0 mm<br \/>\n<u>Przepustowo\u015bci:<\/u> 1,0 mm &#8211; 150 mm<br \/>\n<u>Rozmiary p\u0142yt:<\/u> 1500 x 2500 mm<\/p>\n<h2><span class=\"ez-toc-section\" id=\"krotki_czas_dostawy\"><\/span>kr\u00f3tki czas dostawy<span class=\"ez-toc-section-end\"><\/span><\/h2>\n<p>Dzi\u0119ki w\u0142asnej narz\u0119dziowni do wykrawania, gi\u0119cia i t\u0142oczenia oraz obszernemu magazynowi materia\u0142\u00f3w umo\u017cliwiamy najkr\u00f3tsze mo\u017cliwe czasy przezbrajania, produkcji i dostaw prototyp\u00f3w, ma\u0142ych ilo\u015bci i du\u017cych serii. Dodatkowo<a href=\"https:\/\/info.formfedern.com\/pl\/wlasciwosci-blach-ze-stali-sprezynowej\/\" target=\"_blank\" rel=\"noopener noreferrer\"> Gatunki stali spr\u0119\u017cynowej<\/a> C75, C85, C100, MK101, blachy nierdzewne 1.4310, 1.4301, 1.4571, 1.4568 oraz metale kolorowe<a href=\"https:\/\/info.formfedern.com\/pl\/wlasciwosci-miedzi-berylu-cube\/\" target=\"_blank\" rel=\"noopener noreferrer\"> CuBe2<\/a> , CuSn6, CW612N, CW508L, przechowujemy r\u00f3wnie\u017c aluminium ALMG3, AI99, blachy elektryczne wg EN 10106 M530-50A, a tak\u017ce r\u00f3\u017cne materia\u0142y wysokotemperaturowe takie jak Duratherm i Inconel w r\u00f3\u017cnych wymiarach.<\/p>\n<h2><span class=\"ez-toc-section\" id=\"Rozwoj_konstrukcja_i_transfer_danych_CAD\"><\/span>Rozw\u00f3j, konstrukcja i transfer danych CAD<span class=\"ez-toc-section-end\"><\/span><\/h2>\n<p>Niezale\u017cnie od tego, czy chodzi o skomplikowane kszta\u0142ty, wielozadaniowe w\u0142a\u015bciwo\u015bci, czy te\u017c odpowiedni\u0105 metalow\u0105 spr\u0119\u017cyn\u0119, nasz dzia\u0142 technologii i rozwoju udzieli Ci wsparcia od samego pocz\u0105tku<a href=\"https:\/\/info.formfedern.com\/pl\/wlasciwosci-sprezyn-technicznych\/\" target=\"_blank\" rel=\"noopener noreferrer\"> optymalny projekt<\/a> \u017c\u0105dany kszta\u0142t spr\u0119\u017cyny, spr\u0119\u017cyny p\u0142askiej i spr\u0119\u017cyny p\u0142ytkowej. Opr\u00f3cz bezpo\u015bredniego przesy\u0142ania danych CAD w formacie 2D i 3D przejmujemy r\u00f3wnie\u017c ca\u0142kowicie projektowanie i rozw\u00f3j na podstawie pr\u00f3bki, rysunku, profilu wymaga\u0144 lub sytuacji instalacyjnej. Opr\u00f3cz r\u00f3\u017cnorodnych metod obliczeniowych posiadamy 30-letnie do\u015bwiadczenie w produkcji spr\u0119\u017cyn i wyprasek z materia\u0142u p\u0142askiego.<\/p>\n<h2><span class=\"ez-toc-section\" id=\"Oberflachenbehandlungen\"><\/span>Oberfl\u00e4chenbehandlungen<span class=\"ez-toc-section-end\"><\/span><\/h2>\n<p>Do ochrony, do optyki lub do zapewnienia dodatkowych funkcji. Oferujemy r\u00f3wnie\u017c odpowiedni\u0105 dla ka\u017cdej po\u017c\u0105danej aplikacji<a href=\"https:\/\/info.formfedern.com\/pl\/uszlachetnianie-powierzchni-i-powlekanie-powierzchni-sprezyn-metalowych\/\" target=\"_blank\" rel=\"noopener noreferrer\"> Obr\u00f3bka powierzchniowa<\/a> . Takich jak cynkowanie, chromowanie, niklowanie, pasywacja grubowarstwowa, chromowanie, z\u0142ocenie, miedziowanie, srebrzenie, elektropolerowanie, szk\u0142o i \u015brutowanie, nagniatanie, fosforanowanie, pasywacja, powlekanie tworzywem sztucznym, malowanie proszkowe, azotowanie, Delta-Tone 9000 i Delta-Seal, obr\u00f3bka wibracyjna (wyka\u0144czanie beczek), gratowanie chemiczne, hartowanie indukcyjne, obr\u00f3bka cieplna bainitu.<\/p>\n<h2><span class=\"ez-toc-section\" id=\"Dalsze_prace_i_montaze\"><\/span>Dalsze prace i monta\u017ce<span class=\"ez-toc-section-end\"><\/span><\/h2>\n<p>Ch\u0119tnie podejmiemy si\u0119 na zlecenie dalszych prac, takich jak t\u0142oczenie, spawanie, lutowanie, \u0142\u0105czenie, nitowanie, nacinanie, prasowanie, szlifowanie, gwintowanie, monta\u017c, skr\u0119canie, pakowanie oraz monta\u017c bezpo\u015bredni w dostarczonych zespo\u0142ach.<\/p>\n<h2><span class=\"ez-toc-section\" id=\"Specjalna_oferta_produktowa\"><\/span>Specjalna oferta produktowa<span class=\"ez-toc-section-end\"><\/span><\/h2>\n<p>Opr\u00f3cz naszego asortymentu dooko\u0142a<a href=\"https:\/\/info.formfedern.com\/pl\/sprezyny-formowane-resory-piorowe-i-plaskie\/\" target=\"_blank\" rel=\"noopener noreferrer\"> Spr\u0119\u017cyny formowe<\/a> ,<a href=\"https:\/\/info.formfedern.com\/pl\/flachfedern\/\" target=\"_blank\" rel=\"noopener noreferrer\"> Spr\u0119\u017cyny p\u0142askie<\/a> ,<a href=\"https:\/\/info.formfedern.com\/pl\/przeglad-resorow-piorowych\/\" target=\"_blank\" rel=\"noopener noreferrer\"> Spr\u0119\u017cyny pi\u00f3rowe<\/a> NS<a href=\"https:\/\/info.formfedern.com\/pl\/wlasciwosci-wytlaczanych-elementow-gietych\/\" target=\"_blank\" rel=\"noopener noreferrer\"> Cz\u0119\u015bci t\u0142oczone i gi\u0119te<\/a> oraz<a href=\"https:\/\/info.formfedern.com\/pl\/czesci-laserowe-w-produkcji-ekspresowej\/\" target=\"_blank\" rel=\"noopener noreferrer\"> Cz\u0119\u015bci laserowe<\/a> , sp\u00f3jrz na nasz\u0105 specjaln\u0105 ofert\u0119 produkt\u00f3w<a href=\"https:\/\/info.formfedern.com\/pl\/informacje-o-sprezynach-srubowych\/\" target=\"_blank\" rel=\"noopener noreferrer\"> Spirala i spr\u0119\u017cyna g\u0142\u00f3wna<\/a> ,<a href=\"https:\/\/info.formfedern.com\/pl\/indywidualne-sprezyny-kontaktowe\/\" target=\"_blank\" rel=\"noopener noreferrer\"> Spr\u0119\u017cyny kontaktowe<\/a> ,<a href=\"https:\/\/info.formfedern.com\/pl\/sprzedam-zaciski-sprezynowe-i-zaciski-rurowe\/\" target=\"_blank\" rel=\"noopener noreferrer\"> Zaciski spr\u0119\u017cynowe<\/a> ,<a href=\"https:\/\/info.formfedern.com\/pl\/wykonane-na-miare-metalowe-klipsy\/\" target=\"_blank\" rel=\"noopener noreferrer\"> Metalowe klipsy<\/a> ,<a href=\"https:\/\/info.formfedern.com\/pl\/podkladki-zabezpieczajace-do-walow-i-osi\/\" target=\"_blank\" rel=\"noopener noreferrer\"> Podk\u0142adki blokuj\u0105ce<\/a> ,<a href=\"https:\/\/info.formfedern.com\/pl\/blachy-ze-stali-sprezynowej-i-stali-sprezynowej-z-magazynu\/\" target=\"_blank\" rel=\"noopener noreferrer\"> Stal spr\u0119\u017cynowa<\/a> oraz<a href=\"https:\/\/info.formfedern.com\/federscheiben-klemmscheiben\/\" target=\"_blank\" rel=\"noopener noreferrer\"> Podk\u0142adki spr\u0119\u017cyste<\/a> na.<\/p>\n<p><center><iframe loading=\"lazy\" src=\"https:\/\/www.youtube.com\/embed\/XrcSHOWxcT4\" width=\"560\" height=\"315\" frameborder=\"0\" allowfullscreen=\"allowfullscreen\"><span style=\"display: inline-block; width: 0px; overflow: hidden; line-height: 0;\" data-mce-type=\"bookmark\" class=\"mce_SELRES_start\">\ufeff<\/span><span style=\"display: inline-block; width: 0px; overflow: hidden; line-height: 0;\" data-mce-type=\"bookmark\" class=\"mce_SELRES_start\">\ufeff<\/span><\/iframe><\/center><\/p>\n<h2><span class=\"ez-toc-section\" id=\"Niewiazaca_oferta_od_Gutekunst_Formfedern\"><\/span>Niewi\u0105\u017c\u0105ca oferta od Gutekunst Formfedern<span class=\"ez-toc-section-end\"><\/span><\/h2>\n<p>Je\u015bli jeste\u015b zainteresowany, wy\u015blij nam nast\u0119puj\u0105ce informacje<a href=\"https:\/\/info.formfedern.com\/pl\/zadanie-sprezyn\/\" target=\"_blank\" rel=\"noopener noreferrer\"> Przycisk \u017c\u0105dania<\/a> dane \u017c\u0105danej spr\u0119\u017cyny technicznej, wyt\u0142oczonej i wygi\u0119tej lub laserowej cz\u0119\u015bci ze szczeg\u00f3\u0142ami liczby sztuk i rysunkiem \/ danymi CAD. W kr\u00f3tkim czasie przygotujemy dla Pa\u0144stwa niezobowi\u0105zuj\u0105c\u0105 ofert\u0119 jako pr\u00f3bk\u0119, prototyp, w ma\u0142ych ilo\u015bciach i du\u017cych seriach.<\/p>\n<table>\n<tbody>\n<tr>\n<td width=\"302\">\n<p style=\"text-align: center;\"><span style=\"text-align: center;\"><a class=\"maxbutton-1 maxbutton maxbutton-formfedern\" target=\"_blank\" rel=\"noopener\" href=\"https:\/\/info.formfedern.com\/formfedern-anfrage\/\"><span class='mb-text'>Anfrage Formfedern &amp; Blattfedern<\/span><\/a><\/span><\/p>\n<\/td>\n<td width=\"302\">\n<p style=\"text-align: center;\"><span style=\"text-align: center;\"><a class=\"maxbutton-2 maxbutton maxbutton-kontaktfedern\" target=\"_blank\" rel=\"noopener\" href=\"https:\/\/info.formfedern.com\/kontaktfedern-anfrage\/\"><span class='mb-text'>Anfrage Kontaktfedern<\/span><\/a><\/span><\/p>\n<\/td>\n<\/tr>\n<tr>\n<td width=\"302\">\n<p style=\"text-align: center;\"><span style=\"text-align: center;\"><a class=\"maxbutton-3 maxbutton maxbutton-stanzbiegeteile\" target=\"_blank\" rel=\"noopener\" href=\"https:\/\/info.formfedern.com\/stanzbiegeteile-anfrageformular\/\"><span class='mb-text'>Anfrage Stanzbiegeteile &amp; Stanzteile<\/span><\/a><\/span><\/p>\n<\/td>\n<td width=\"302\">\n<p style=\"text-align: center;\"><span style=\"text-align: center;\"><a class=\"maxbutton-4 maxbutton maxbutton-laserteile\" target=\"_blank\" rel=\"noopener\" href=\"https:\/\/info.formfedern.com\/laserteile-anfrageformular\/\"><span class='mb-text'>Anfrage Laserteile<\/span><\/a><\/span><\/p>\n<\/td>\n<\/tr>\n<\/tbody>\n<\/table>\n<p>Mo\u017cesz r\u00f3wnie\u017c skontaktowa\u0107 si\u0119 bezpo\u015brednio z naszymi technikami pod adresem<a href=\"mailto:info@gutekunst-formfedern.de\"> info@gutekunst-formfedern.de<\/a> i telefon (+49) 07445 85160.<\/p>\n<p><strong>Gutekunst Formfedern GmbH<br \/>\n<\/strong> Siemensstrasse 11<br \/>\n72285 Pfalzgrafenweiler<br \/>\nTelefon +49 74 45-85 16-0<br \/>\nFaks +49 74 45-85 16-33<br \/>\n<a class=\"email\" href=\"mailto:info@gutekunst-formfedern.de\">info@gutekunst-formfedern.de<\/a><\/p>","protected":false},"excerpt":{"rendered":"<p>Gutekunst Formfedern to niezwyk\u0142a r\u00f3\u017cnorodno\u015b\u0107 spr\u0119\u017cyn, bogactwo pomys\u0142\u00f3w i najwy\u017cszy poziom precyzji w technologii spr\u0119\u017cyn. Od 1991 roku projektujemy i produkujemy ka\u017cdy po\u017c\u0105dany produkt Kszta\u0142towana wiosna , P\u0142aska spr\u0119\u017cyna , Spr\u0119\u017cyna li\u015bciowa NS Cz\u0119\u015bci t\u0142oczone i gi\u0119te oraz Cz\u0119\u015bci laserowe<\/p>\n","protected":false},"author":6,"featured_media":0,"parent":0,"menu_order":0,"comment_status":"closed","ping_status":"closed","template":"","meta":{"footnotes":""},"page_tag":[],"class_list":["post-7688","page","type-page","status-publish","hentry"],"_links":{"self":[{"href":"https:\/\/info.formfedern.com\/pl\/wp-json\/wp\/v2\/pages\/7688","targetHints":{"allow":["GET"]}}],"collection":[{"href":"https:\/\/info.formfedern.com\/pl\/wp-json\/wp\/v2\/pages"}],"about":[{"href":"https:\/\/info.formfedern.com\/pl\/wp-json\/wp\/v2\/types\/page"}],"author":[{"embeddable":true,"href":"https:\/\/info.formfedern.com\/pl\/wp-json\/wp\/v2\/users\/6"}],"replies":[{"embeddable":true,"href":"https:\/\/info.formfedern.com\/pl\/wp-json\/wp\/v2\/comments?post=7688"}],"version-history":[{"count":1,"href":"https:\/\/info.formfedern.com\/pl\/wp-json\/wp\/v2\/pages\/7688\/revisions"}],"predecessor-version":[{"id":7690,"href":"https:\/\/info.formfedern.com\/pl\/wp-json\/wp\/v2\/pages\/7688\/revisions\/7690"}],"wp:attachment":[{"href":"https:\/\/info.formfedern.com\/pl\/wp-json\/wp\/v2\/media?parent=7688"}],"wp:term":[{"taxonomy":"page_tag","embeddable":true,"href":"https:\/\/info.formfedern.com\/pl\/wp-json\/wp\/v2\/page_tag?post=7688"}],"curies":[{"name":"wp","href":"https:\/\/api.w.org\/{rel}","templated":true}]}}