{"id":6690,"date":"2021-05-19T15:06:10","date_gmt":"2021-05-19T13:06:10","guid":{"rendered":"https:\/\/info.formfedern.com\/witamy-w-gutekunst-formfedern-gmbh\/"},"modified":"2021-05-19T15:14:56","modified_gmt":"2021-05-19T13:14:56","slug":"witamy-w-gutekunst-formfedern-gmbh","status":"publish","type":"page","link":"https:\/\/info.formfedern.com\/pl\/witamy-w-gutekunst-formfedern-gmbh\/","title":{"rendered":"Witamy w Gutekunst Formfedern GmbH"},"content":{"rendered":"<h3 style=\"text-align: left;\">Dom najnowszej technologii wiosennej<\/h3>\n<p>&nbsp;<\/p>\n<p><a href=\"https:\/\/info.formfedern.com\/wp-content\/uploads\/Produktuebersicht.jpg\"><img loading=\"lazy\" decoding=\"async\" class=\"alignnone wp-image-6692 size-full\" src=\"https:\/\/info.formfedern.com\/wp-content\/uploads\/Produktuebersicht.jpg\" alt=\"Indywidualnie kszta\u0142towane spr\u0119\u017cyny, p\u0142askie spr\u0119\u017cyny, resory pi\u00f3rowe, elementy t\u0142oczone, t\u0142oczone i gi\u0119te, cz\u0119\u015bci laserowe, zaciski spr\u0119\u017cynowe, spr\u0119\u017cyny prostok\u0105tne i gi\u0119te elementy z drutu w nieograniczonej r\u00f3\u017cnorodno\u015bci kszta\u0142t\u00f3w ze spr\u0119\u017cyn formowanych Gutekunst\" width=\"1199\" height=\"190\" data-wp-pid=\"579\" srcset=\"https:\/\/info.formfedern.com\/wp-content\/uploads\/Produktuebersicht.jpg 1199w, https:\/\/info.formfedern.com\/wp-content\/uploads\/Produktuebersicht-300x48.jpg 300w, https:\/\/info.formfedern.com\/wp-content\/uploads\/Produktuebersicht-1024x162.jpg 1024w, https:\/\/info.formfedern.com\/wp-content\/uploads\/Produktuebersicht-200x32.jpg 200w, https:\/\/info.formfedern.com\/wp-content\/uploads\/Produktuebersicht-600x95.jpg 600w, https:\/\/info.formfedern.com\/wp-content\/uploads\/Produktuebersicht-800x127.jpg 800w\" sizes=\"auto, (max-width: 1199px) 100vw, 1199px\" \/><\/a><\/p>\n<p>Gutekunst Formfedern GmbH specjalizuje si\u0119 w produkcji spr\u0119\u017cyn kszta\u0142towanych na indywidualne zam\u00f3wienie, p\u0142askich, p\u0142askich, t\u0142oczonych, t\u0142oczonych i gi\u0119tych, laserowych, zacisk\u00f3w spr\u0119\u017cynowych, prostok\u0105tnych oraz gi\u0119tych z drutu o nieograniczonej r\u00f3\u017cnorodno\u015bci kszta\u0142t\u00f3w. Niezale\u017cnie od tego, czy s\u0105 to z\u0142o\u017cone kszta\u0142ty, czy wielofunkcyjne w\u0142a\u015bciwo\u015bci, opr\u00f3cz najwy\u017cszej jako\u015bci, firma Pfalzgrafenweiler, za\u0142o\u017cona w 1990 roku, od samego pocz\u0105tku stawia na innowacyjne rozwi\u0105zania i kompleksow\u0105 obs\u0142ug\u0119.<\/p>\n<p>Certyfikowana zgodnie z ISO 9001: 2008, 14001, 18001 i 45001, Gutekunst Formfedern GmbH oferuje wyj\u0105tkowo wysok\u0105 precyzj\u0119 i powtarzalno\u015b\u0107 cz\u0119\u015bci dzi\u0119ki rozleg\u0142emu, nowoczesnemu parkowi maszynowemu laser\u00f3w sterowanych CAD \/ CAM, wykrawarek, gi\u0119tarek, gi\u0119tarek i wycinarek drutowych. Zapewnia r\u00f3wnie\u017c szybki i optymalny przep\u0142yw zam\u00f3wie\u0144 na prototypy, ma\u0142e ilo\u015bci i du\u017ce serie za po\u015brednictwem w\u0142asnej narz\u0119dziowni, kontroli zam\u00f3wie\u0144 i produkcji w oparciu o CAD, a tak\u017ce zasady \u201ewszystko w jednym\u201d ze spersonalizowanym zarz\u0105dzaniem zam\u00f3wieniami .<\/p>\n<hr \/>\n<p>Mo\u017cliwo\u015bci zastosowania i projektowania spr\u0119\u017cyn kszta\u0142towych, p\u0142askich, p\u0142askich, t\u0142oczonych, t\u0142oczonych gi\u0119tych, laserowych, zacisk\u00f3w spr\u0119\u017cynowych i gi\u0119tych element\u00f3w z drutu s\u0105 tak r\u00f3\u017cnorodne i z\u0142o\u017cone, jak ich produkcja. Aby m\u00f3c wesprze\u0107 Ci\u0119 w wyborze i projektowaniu, mamy obok naszej strony internetowej<a href=\"http:\/\/www.formfedern.com\" target=\"_blank\" rel=\"noopener noreferrer\"> www.formfedern.com<\/a> i nasze us\u0142ugi projektowe pod adresem<a href=\"mailto:info@gutekunst-formfedern.de\"> info@gutekunst-formfedern.de<\/a> , uruchomi\u0142 t\u0119 platform\u0119 informacyjn\u0105 z ci\u0105gle interesuj\u0105cymi, aktualnymi i zorientowanymi na rozwi\u0105zania tematami zwi\u0105zanymi z naszym asortymentem.<\/p>\n<p>Chcieliby\u015bmy r\u00f3wnie\u017c odpowiedzie\u0107 na Twoje szczeg\u00f3\u0142owe pytania w tym temacie. Prosimy o przes\u0142anie nam pytania w prosty i niezobowi\u0105zuj\u0105cy spos\u00f3b&gt;<a href=\"mailto:info@formfedern.news2b.de\"> info@formfedern.news2b.de<\/a> .<\/p>\n<p><strong>Gutekunst Formfedern GmbH<br \/>\n<\/strong> Siemensstrasse 11<br \/>\n72285 Pfalzgrafenweiler<br \/>\nTelefon +49 74 45-85 16-0<br \/>\nFaks +49 74 45-85 16-33<br \/>\n<a class=\"email\" href=\"mailto:info@gutekunst-formfedern.de\">info@gutekunst-formfedern.de<\/a><\/p>","protected":false},"excerpt":{"rendered":"<p>Dom najnowszej technologii wiosennej &nbsp; Gutekunst Formfedern GmbH specjalizuje si\u0119 w produkcji spr\u0119\u017cyn kszta\u0142towanych na indywidualne zam\u00f3wienie, p\u0142askich, p\u0142askich, t\u0142oczonych, t\u0142oczonych i gi\u0119tych, laserowych, zacisk\u00f3w spr\u0119\u017cynowych, prostok\u0105tnych oraz gi\u0119tych z drutu o nieograniczonej r\u00f3\u017cnorodno\u015bci kszta\u0142t\u00f3w. Niezale\u017cnie od tego, czy s\u0105<\/p>\n","protected":false},"author":6,"featured_media":0,"parent":0,"menu_order":0,"comment_status":"closed","ping_status":"closed","template":"","meta":{"footnotes":""},"page_tag":[],"class_list":["post-6690","page","type-page","status-publish","hentry"],"_links":{"self":[{"href":"https:\/\/info.formfedern.com\/pl\/wp-json\/wp\/v2\/pages\/6690","targetHints":{"allow":["GET"]}}],"collection":[{"href":"https:\/\/info.formfedern.com\/pl\/wp-json\/wp\/v2\/pages"}],"about":[{"href":"https:\/\/info.formfedern.com\/pl\/wp-json\/wp\/v2\/types\/page"}],"author":[{"embeddable":true,"href":"https:\/\/info.formfedern.com\/pl\/wp-json\/wp\/v2\/users\/6"}],"replies":[{"embeddable":true,"href":"https:\/\/info.formfedern.com\/pl\/wp-json\/wp\/v2\/comments?post=6690"}],"version-history":[{"count":2,"href":"https:\/\/info.formfedern.com\/pl\/wp-json\/wp\/v2\/pages\/6690\/revisions"}],"predecessor-version":[{"id":6731,"href":"https:\/\/info.formfedern.com\/pl\/wp-json\/wp\/v2\/pages\/6690\/revisions\/6731"}],"wp:attachment":[{"href":"https:\/\/info.formfedern.com\/pl\/wp-json\/wp\/v2\/media?parent=6690"}],"wp:term":[{"taxonomy":"page_tag","embeddable":true,"href":"https:\/\/info.formfedern.com\/pl\/wp-json\/wp\/v2\/page_tag?post=6690"}],"curies":[{"name":"wp","href":"https:\/\/api.w.org\/{rel}","templated":true}]}}