{"id":7695,"date":"2021-07-28T16:13:45","date_gmt":"2021-07-28T14:13:45","guid":{"rendered":"https:\/\/info.formfedern.com\/gamma-di-prodotti-gutekunst-formfedern\/"},"modified":"2021-07-28T16:13:45","modified_gmt":"2021-07-28T14:13:45","slug":"gamma-di-prodotti-gutekunst-formfedern","status":"publish","type":"page","link":"https:\/\/info.formfedern.com\/it\/gamma-di-prodotti-gutekunst-formfedern\/","title":{"rendered":"Gamma di prodotti Gutekunst Formfedern"},"content":{"rendered":"<p style=\"text-align: left;\">Gutekunst Formfedern \u00e8 sinonimo di una straordinaria variet\u00e0 di molle, una ricchezza di idee e il pi\u00f9 alto livello di precisione nella tecnologia delle molle. Sviluppiamo e produciamo tutti quelli desiderati dal 1991<a href=\"https:\/\/info.formfedern.com\/it\/molle-a-forma-individuale-e-molle-piatte\/\" target=\"_blank\" rel=\"noopener noreferrer\"> Molla sagomata<\/a> ,<a href=\"https:\/\/info.formfedern.com\/it\/molle-piatte\/\" target=\"_blank\" rel=\"noopener noreferrer\"> Molla piatta<\/a> ,<a href=\"https:\/\/info.formfedern.com\/it\/panoramica-delle-molle-a-balestra\/\" target=\"_blank\" rel=\"noopener noreferrer\"> balestra<\/a> come<a href=\"https:\/\/info.formfedern.com\/it\/proprieta-stampate-parti-piegate\/\" target=\"_blank\" rel=\"noopener noreferrer\"> Parti stampate e piegate<\/a> e<a href=\"https:\/\/info.formfedern.com\/it\/parti-laser-nella-produzione-espressa\/\" target=\"_blank\" rel=\"noopener noreferrer\"> Parti laser<\/a> da tutto<a href=\"https:\/\/info.formfedern.com\/it\/proprieta-delle-lamiere-di-acciaio-per-molle\/\" target=\"_blank\" rel=\"noopener noreferrer\"> Acciai piatti e in nastro<\/a> in piccole quantit\u00e0 e grandi serie. Che si tratti di forme complesse, propriet\u00e0 multiuso o semplicemente per quella giusta<a href=\"https:\/\/info.formfedern.com\/it\/panoramica-dei-tipi-di-primavera\/\" target=\"_blank\" rel=\"noopener noreferrer\"> Molla di metallo<\/a> realizzato in materiale piatto &#8211; raccontaci le tue esigenze e immergiti nel mondo di<a href=\"https:\/\/info.formfedern.com\/it\/benvenuti-in-gutekunst-formfedern-gmbh\/\" target=\"_blank\" rel=\"noopener noreferrer\"> Molle di forma Gutekunst<\/a> .<\/p>\n<p><img loading=\"lazy\" decoding=\"async\" class=\"aligncenter wp-image-6508 size-full\" src=\"https:\/\/info.formfedern.com\/wp-content\/uploads\/Formfedern_Uebersicht_900.jpg\" alt=\"Formfedern, Blattfedern, Flachfedern, Kontaktfedern und Laserteile - Gutekunst Formfedern\" width=\"900\" height=\"626\" data-wp-pid=\"4057\" srcset=\"https:\/\/info.formfedern.com\/wp-content\/uploads\/Formfedern_Uebersicht_900.jpg 900w, https:\/\/info.formfedern.com\/wp-content\/uploads\/Formfedern_Uebersicht_900-300x209.jpg 300w, https:\/\/info.formfedern.com\/wp-content\/uploads\/Formfedern_Uebersicht_900-768x534.jpg 768w, https:\/\/info.formfedern.com\/wp-content\/uploads\/Formfedern_Uebersicht_900-600x417.jpg 600w, https:\/\/info.formfedern.com\/wp-content\/uploads\/Formfedern_Uebersicht_900-150x104.jpg 150w, https:\/\/info.formfedern.com\/wp-content\/uploads\/Formfedern_Uebersicht_900-288x200.jpg 288w, https:\/\/info.formfedern.com\/wp-content\/uploads\/Formfedern_Uebersicht_900-800x556.jpg 800w, https:\/\/info.formfedern.com\/wp-content\/uploads\/Formfedern_Uebersicht_900-200x139.jpg 200w\" sizes=\"auto, (max-width: 900px) 100vw, 900px\" \/><\/p>\n<div id=\"ez-toc-container\" class=\"ez-toc-v2_0_79 counter-hierarchy ez-toc-counter ez-toc-grey ez-toc-container-direction\">\n<div class=\"ez-toc-title-container\">\n<p class=\"ez-toc-title\" style=\"cursor:inherit\">Table of Contents<\/p>\n<span class=\"ez-toc-title-toggle\"><\/span><\/div>\n<nav><ul class='ez-toc-list ez-toc-list-level-1 ' ><li class='ez-toc-page-1 ez-toc-heading-level-2'><a class=\"ez-toc-link ez-toc-heading-1\" href=\"https:\/\/info.formfedern.com\/it\/gamma-di-prodotti-gutekunst-formfedern\/#Processo_di_produzione\" >Processo di produzione<\/a><\/li><li class='ez-toc-page-1 ez-toc-heading-level-2'><a class=\"ez-toc-link ez-toc-heading-2\" href=\"https:\/\/info.formfedern.com\/it\/gamma-di-prodotti-gutekunst-formfedern\/#Dimensioni_di_produzione\" >Dimensioni di produzione<\/a><\/li><li class='ez-toc-page-1 ez-toc-heading-level-2'><a class=\"ez-toc-link ez-toc-heading-3\" href=\"https:\/\/info.formfedern.com\/it\/gamma-di-prodotti-gutekunst-formfedern\/#tempi_di_consegna_brevi\" >tempi di consegna brevi<\/a><\/li><li class='ez-toc-page-1 ez-toc-heading-level-2'><a class=\"ez-toc-link ez-toc-heading-4\" href=\"https:\/\/info.formfedern.com\/it\/gamma-di-prodotti-gutekunst-formfedern\/#Sviluppo_costruzione_e_trasferimento_dati_CAD\" >Sviluppo, costruzione e trasferimento dati CAD<\/a><\/li><li class='ez-toc-page-1 ez-toc-heading-level-2'><a class=\"ez-toc-link ez-toc-heading-5\" href=\"https:\/\/info.formfedern.com\/it\/gamma-di-prodotti-gutekunst-formfedern\/#Trattamenti_superficiali\" >Trattamenti superficiali<\/a><\/li><li class='ez-toc-page-1 ez-toc-heading-level-2'><a class=\"ez-toc-link ez-toc-heading-6\" href=\"https:\/\/info.formfedern.com\/it\/gamma-di-prodotti-gutekunst-formfedern\/#Ulteriori_lavori_e_assemblee\" >Ulteriori lavori e assemblee<\/a><\/li><li class='ez-toc-page-1 ez-toc-heading-level-2'><a class=\"ez-toc-link ez-toc-heading-7\" href=\"https:\/\/info.formfedern.com\/it\/gamma-di-prodotti-gutekunst-formfedern\/#Offerta_di_prodotti_speciali\" >Offerta di prodotti speciali<\/a><\/li><li class='ez-toc-page-1 ez-toc-heading-level-2'><a class=\"ez-toc-link ez-toc-heading-8\" href=\"https:\/\/info.formfedern.com\/it\/gamma-di-prodotti-gutekunst-formfedern\/#Offerta_non_vincolante_di_Gutekunst_Formfedern\" >Offerta non vincolante di Gutekunst Formfedern<\/a><\/li><\/ul><\/nav><\/div>\n<h2><span class=\"ez-toc-section\" id=\"Processo_di_produzione\"><\/span>Processo di produzione<span class=\"ez-toc-section-end\"><\/span><\/h2>\n<p>A seconda delle propriet\u00e0, dei requisiti e della quantit\u00e0<a href=\"https:\/\/info.formfedern.com\/it\/le-tecniche-di-produzione-formano-molle-molle-piatte-e-molle-a-balestra\/\" target=\"_blank\" rel=\"noopener noreferrer\"> produzione<\/a> utilizziamo le nostre molle sagomate, molle piatte, molle a balestra, nonch\u00e9 pezzi stampati e piegati e pezzi laser su moderne<a href=\"https:\/\/info.formfedern.com\/?p=8417&#038;preview=true&#038;preview_id=8417&#038;preview=true&#038;preview_id=8417\"> Macchine per stampaggio e piegatura<\/a> o in<a href=\"https:\/\/info.formfedern.com\/laserschneiden-metall\/\"> Taglio laser<\/a> , Processi di taglio e incisione a getto d&#8217;acqua con successivi<a href=\"https:\/\/info.formfedern.com\/biegeverfahren-metallumformung\/\" target=\"_blank\" rel=\"noopener noreferrer\"> Tecnologia di formatura<\/a> tramite piegatrici TruBend e utensili a forma libera. Raggiungiamo un&#8217;elevata precisione del pezzo e ripetibilit\u00e0 fino a +\/- 0,05 mm. Saremo lieti di fornirvi un registro completo del processo su richiesta.<\/p>\n<h2><span class=\"ez-toc-section\" id=\"Dimensioni_di_produzione\"><\/span>Dimensioni di produzione<span class=\"ez-toc-section-end\"><\/span><\/h2>\n<p><u>Spessori dei materiali:<\/u> Da 0,1 a 3,0 mm<br \/>\n<u>Larghezze di banda:<\/u> 1,0 mm &#8211; 150 mm<br \/>\n<u>Dimensioni piastra:<\/u> 1500 x 2500 mm<\/p>\n<h2><span class=\"ez-toc-section\" id=\"tempi_di_consegna_brevi\"><\/span>tempi di consegna brevi<span class=\"ez-toc-section-end\"><\/span><\/h2>\n<p>Con il nostro negozio di utensili per gli utensili di punzonatura, piegatura e goffratura e il nostro ampio magazzino di materiali, consentiamo tempi di installazione, produzione e consegna pi\u00f9 brevi possibili per prototipi, piccole quantit\u00e0 e grandi serie. In aggiunta a<a href=\"https:\/\/info.formfedern.com\/it\/proprieta-delle-lamiere-di-acciaio-per-molle\/\" target=\"_blank\" rel=\"noopener noreferrer\"> Gradi di acciaio per molle<\/a> C75, C85, C100, MK101, le lamiere in acciaio inossidabile 1.4310, 1.4301, 1.4571, 1.4568 e metalli non ferrosi<a href=\"https:\/\/info.formfedern.com\/it\/proprieta-del-rame-berillio-cube\/\" target=\"_blank\" rel=\"noopener noreferrer\"> CuBe2<\/a> , CuSn6, CW612N, CW508L, immagazziniamo anche alluminio ALMG3, AI99, lamiere elettriche secondo EN 10106 M530-50A, oltre a vari materiali per alte temperature come Duratherm e Inconel in varie dimensioni.<\/p>\n<h2><span class=\"ez-toc-section\" id=\"Sviluppo_costruzione_e_trasferimento_dati_CAD\"><\/span>Sviluppo, costruzione e trasferimento dati CAD<span class=\"ez-toc-section-end\"><\/span><\/h2>\n<p>Che si tratti di forme complesse, propriet\u00e0 multiuso o della giusta molla metallica, il nostro dipartimento di tecnologia e sviluppo ti supporter\u00e0 fin dall&#8217;inizio<a href=\"https:\/\/info.formfedern.com\/it\/proprieta-delle-molle-tecniche\/\" target=\"_blank\" rel=\"noopener noreferrer\"> design ottimale<\/a> la molla sagomata desiderata, la molla piatta e la molla a balestra. Oltre al trasferimento diretto dei dati CAD in formato 2D e 3D, ci occupiamo completamente anche della progettazione e dello sviluppo sulla base di un campione, disegno, profilo dei requisiti o situazione di installazione. Oltre a una variet\u00e0 di metodi di calcolo, abbiamo 30 anni di know-how nella produzione di molle e pezzi stampati in materiale piatto.<\/p>\n<h2><span class=\"ez-toc-section\" id=\"Trattamenti_superficiali\"><\/span>Trattamenti superficiali<span class=\"ez-toc-section-end\"><\/span><\/h2>\n<p>Per protezione, per ottiche o per fornire funzioni aggiuntive. Ti offriamo anche quello giusto per ogni applicazione desiderata<a href=\"https:\/\/info.formfedern.com\/it\/affinamento-superficiale-e-rivestimento-superficiale-di-molle-metalliche\/\" target=\"_blank\" rel=\"noopener noreferrer\"> Trattamento della superficie<\/a> . Come zincatura, cromatura, nichelatura, passivazione a film spesso, cromatura, doratura, ramatura, argentatura, elettrolucidatura, pallinatura del vetro e pallinatura, brunitura, fosfatazione, passivazione, rivestimento plastico, verniciatura a polvere, nitrurazione, Delta-Tone 9000 e Delta-Seal, vibrofinitura (barrel finish), sbavatura chimica, tempra ad induzione, trattamenti termici bainitici.<\/p>\n<h2><span class=\"ez-toc-section\" id=\"Ulteriori_lavori_e_assemblee\"><\/span>Ulteriori lavori e assemblee<span class=\"ez-toc-section-end\"><\/span><\/h2>\n<p>Siamo lieti di eseguire ulteriori lavori su richiesta, come goffratura, saldatura, brasatura, giunzione, rivettatura, roditura, pressatura, rettifica, filettatura, assemblaggio, avvitatura, imballaggio e montaggio diretto negli assemblaggi forniti.<\/p>\n<h2><span class=\"ez-toc-section\" id=\"Offerta_di_prodotti_speciali\"><\/span>Offerta di prodotti speciali<span class=\"ez-toc-section-end\"><\/span><\/h2>\n<p>Oltre alla nostra gamma di prodotti tutt&#8217;intorno<a href=\"https:\/\/info.formfedern.com\/it\/forma-molle-molle-a-balestra-e-molle-piatte\/\" target=\"_blank\" rel=\"noopener noreferrer\"> Molle di forma<\/a> ,<a href=\"https:\/\/info.formfedern.com\/it\/molle-piatte\/\" target=\"_blank\" rel=\"noopener noreferrer\"> Molle piatte<\/a> ,<a href=\"https:\/\/info.formfedern.com\/it\/panoramica-delle-molle-a-balestra\/\" target=\"_blank\" rel=\"noopener noreferrer\"> molle a balestra<\/a> come<a href=\"https:\/\/info.formfedern.com\/it\/proprieta-stampate-parti-piegate\/\" target=\"_blank\" rel=\"noopener noreferrer\"> Parti stampate e piegate<\/a> e<a href=\"https:\/\/info.formfedern.com\/it\/parti-laser-nella-produzione-espressa\/\" target=\"_blank\" rel=\"noopener noreferrer\"> Parti laser<\/a> , dai un&#8217;occhiata alla nostra gamma di prodotti speciali<a href=\"https:\/\/info.formfedern.com\/it\/informazioni-sulle-molle-elicoidali\/\" target=\"_blank\" rel=\"noopener noreferrer\"> Spirale e molla principale<\/a> ,<a href=\"https:\/\/info.formfedern.com\/it\/molle-di-contatto-individuali\/\" target=\"_blank\" rel=\"noopener noreferrer\"> Molle di contatto<\/a> ,<a href=\"https:\/\/info.formfedern.com\/it\/acquista-clip-a-molla-e-clip-per-tubi\/\" target=\"_blank\" rel=\"noopener noreferrer\"> Clip a molla<\/a> ,<a href=\"https:\/\/info.formfedern.com\/it\/clip-in-metallo-su-misura\/\" target=\"_blank\" rel=\"noopener noreferrer\"> Clip in metallo<\/a> ,<a href=\"https:\/\/info.formfedern.com\/it\/rondelle-di-sicurezza-per-alberi-e-assali\/\" target=\"_blank\" rel=\"noopener noreferrer\"> Rondelle di sicurezza<\/a> ,<a href=\"https:\/\/info.formfedern.com\/it\/acciaio-a-fascia-elastica-e-lamiere-in-acciaio-per-molle-da-stock\/\" target=\"_blank\" rel=\"noopener noreferrer\"> Acciaio a fascia elastica<\/a> e<a href=\"https:\/\/info.formfedern.com\/federscheiben-klemmscheiben\/\" target=\"_blank\" rel=\"noopener noreferrer\"> Rondelle elastiche<\/a> sopra.<\/p>\n<p><center><iframe loading=\"lazy\" src=\"https:\/\/www.youtube.com\/embed\/XrcSHOWxcT4\" width=\"560\" height=\"315\" frameborder=\"0\" allowfullscreen=\"allowfullscreen\"><span style=\"display: inline-block; width: 0px; overflow: hidden; line-height: 0;\" data-mce-type=\"bookmark\" class=\"mce_SELRES_start\">\ufeff<\/span><span style=\"display: inline-block; width: 0px; overflow: hidden; line-height: 0;\" data-mce-type=\"bookmark\" class=\"mce_SELRES_start\">\ufeff<\/span><\/iframe><\/center><\/p>\n<h2><span class=\"ez-toc-section\" id=\"Offerta_non_vincolante_di_Gutekunst_Formfedern\"><\/span>Offerta non vincolante di Gutekunst Formfedern<span class=\"ez-toc-section-end\"><\/span><\/h2>\n<p>Se sei interessato, inviaci quanto segue<a href=\"https:\/\/info.formfedern.com\/it\/richiesta-di-molla\/\" target=\"_blank\" rel=\"noopener noreferrer\"> Pulsante di richiesta<\/a> i dati della molla tecnica desiderata, stampata e piegata o parte laser con il dettaglio del numero di pezzi e il disegno\/dati CAD. Ti faremo un&#8217;offerta non vincolante a breve termine come campione, prototipo, in piccole quantit\u00e0 e grandi serie.<\/p>\n<table>\n<tbody>\n<tr>\n<td width=\"302\">\n<p style=\"text-align: center;\"><span style=\"text-align: center;\"><a class=\"maxbutton-1 maxbutton maxbutton-formfedern\" target=\"_blank\" rel=\"noopener\" href=\"https:\/\/info.formfedern.com\/formfedern-anfrage\/\"><span class='mb-text'>Anfrage Formfedern &amp; Blattfedern<\/span><\/a><\/span><\/p>\n<\/td>\n<td width=\"302\">\n<p style=\"text-align: center;\"><span style=\"text-align: center;\"><a class=\"maxbutton-2 maxbutton maxbutton-kontaktfedern\" target=\"_blank\" rel=\"noopener\" href=\"https:\/\/info.formfedern.com\/kontaktfedern-anfrage\/\"><span class='mb-text'>Anfrage Kontaktfedern<\/span><\/a><\/span><\/p>\n<\/td>\n<\/tr>\n<tr>\n<td width=\"302\">\n<p style=\"text-align: center;\"><span style=\"text-align: center;\"><a class=\"maxbutton-3 maxbutton maxbutton-stanzbiegeteile\" target=\"_blank\" rel=\"noopener\" href=\"https:\/\/info.formfedern.com\/stanzbiegeteile-anfrageformular\/\"><span class='mb-text'>Anfrage Stanzbiegeteile &amp; Stanzteile<\/span><\/a><\/span><\/p>\n<\/td>\n<td width=\"302\">\n<p style=\"text-align: center;\"><span style=\"text-align: center;\"><a class=\"maxbutton-4 maxbutton maxbutton-laserteile\" target=\"_blank\" rel=\"noopener\" href=\"https:\/\/info.formfedern.com\/laserteile-anfrageformular\/\"><span class='mb-text'>Anfrage Laserteile<\/span><\/a><\/span><\/p>\n<\/td>\n<\/tr>\n<\/tbody>\n<\/table>\n<p>Puoi anche contattare direttamente i nostri tecnici al<a href=\"mailto:info@gutekunst-formfedern.de\"> info@gutekunst-formfedern.de<\/a> e telefono (+49) 07445 85160.<\/p>\n<p><strong>Gutekunst Formfedern GmbH<br \/>\n<\/strong> Siemensstrasse 11<br \/>\n72285 Pfalzgrafenweiler<br \/>\nTelefono +49 74 45-85 16-0<br \/>\nFax +49 74 45-85 16-33<br \/>\n<a class=\"email\" href=\"mailto:info@gutekunst-formfedern.de\">info@gutekunst-formfedern.de<\/a><\/p>","protected":false},"excerpt":{"rendered":"<p>Gutekunst Formfedern \u00e8 sinonimo di una straordinaria variet\u00e0 di molle, una ricchezza di idee e il pi\u00f9 alto livello di precisione nella tecnologia delle molle. Sviluppiamo e produciamo tutti quelli desiderati dal 1991 Molla sagomata , Molla piatta , balestra<\/p>\n","protected":false},"author":6,"featured_media":0,"parent":0,"menu_order":0,"comment_status":"closed","ping_status":"closed","template":"","meta":{"footnotes":""},"page_tag":[],"class_list":["post-7695","page","type-page","status-publish","hentry"],"_links":{"self":[{"href":"https:\/\/info.formfedern.com\/it\/wp-json\/wp\/v2\/pages\/7695","targetHints":{"allow":["GET"]}}],"collection":[{"href":"https:\/\/info.formfedern.com\/it\/wp-json\/wp\/v2\/pages"}],"about":[{"href":"https:\/\/info.formfedern.com\/it\/wp-json\/wp\/v2\/types\/page"}],"author":[{"embeddable":true,"href":"https:\/\/info.formfedern.com\/it\/wp-json\/wp\/v2\/users\/6"}],"replies":[{"embeddable":true,"href":"https:\/\/info.formfedern.com\/it\/wp-json\/wp\/v2\/comments?post=7695"}],"version-history":[{"count":0,"href":"https:\/\/info.formfedern.com\/it\/wp-json\/wp\/v2\/pages\/7695\/revisions"}],"wp:attachment":[{"href":"https:\/\/info.formfedern.com\/it\/wp-json\/wp\/v2\/media?parent=7695"}],"wp:term":[{"taxonomy":"page_tag","embeddable":true,"href":"https:\/\/info.formfedern.com\/it\/wp-json\/wp\/v2\/page_tag?post=7695"}],"curies":[{"name":"wp","href":"https:\/\/api.w.org\/{rel}","templated":true}]}}