{"id":6678,"date":"2021-05-19T15:04:31","date_gmt":"2021-05-19T13:04:31","guid":{"rendered":"https:\/\/info.formfedern.com\/benvenuti-in-gutekunst-formfedern-gmbh\/"},"modified":"2021-05-19T15:14:07","modified_gmt":"2021-05-19T13:14:07","slug":"benvenuti-in-gutekunst-formfedern-gmbh","status":"publish","type":"page","link":"https:\/\/info.formfedern.com\/it\/benvenuti-in-gutekunst-formfedern-gmbh\/","title":{"rendered":"Benvenuti in Gutekunst Formfedern GmbH"},"content":{"rendered":"<h3 style=\"text-align: left;\">La casa dell&#8217;ultima tecnologia primaverile<\/h3>\n<p>&nbsp;<\/p>\n<p><a href=\"https:\/\/info.formfedern.com\/wp-content\/uploads\/Produktuebersicht.jpg\"><img loading=\"lazy\" decoding=\"async\" class=\"alignnone wp-image-6680 size-full\" src=\"https:\/\/info.formfedern.com\/wp-content\/uploads\/Produktuebersicht.jpg\" alt=\"Molle sagomate individualmente, molle piatte, molle a balestra, parti stampate, parti stampate e piegate, parti laser, clip a molla, molle rettangolari e parti in filo piegato in una variet\u00e0 illimitata di forme dalle molle stampate Gutekunst\" width=\"1199\" height=\"190\" data-wp-pid=\"579\" srcset=\"https:\/\/info.formfedern.com\/wp-content\/uploads\/Produktuebersicht.jpg 1199w, https:\/\/info.formfedern.com\/wp-content\/uploads\/Produktuebersicht-300x48.jpg 300w, https:\/\/info.formfedern.com\/wp-content\/uploads\/Produktuebersicht-1024x162.jpg 1024w, https:\/\/info.formfedern.com\/wp-content\/uploads\/Produktuebersicht-200x32.jpg 200w, https:\/\/info.formfedern.com\/wp-content\/uploads\/Produktuebersicht-600x95.jpg 600w, https:\/\/info.formfedern.com\/wp-content\/uploads\/Produktuebersicht-800x127.jpg 800w\" sizes=\"auto, (max-width: 1199px) 100vw, 1199px\" \/><\/a><\/p>\n<p>Gutekunst Formfedern GmbH \u00e8 specializzata nella produzione di molle sagomate individuali, molle piatte, molle a balestra, parti stampate, parti stampate e piegate, parti laser, clip a molla, molle rettangolari e parti in filo piegato in una variet\u00e0 illimitata di forme. Che si tratti di forme complesse o propriet\u00e0 multiuso, oltre alla migliore qualit\u00e0, l&#8217;azienda di Pfalzgrafenweiler, fondata nel 1990, sin dall&#8217;inizio \u00e8 sinonimo di soluzioni innovative e servizio completo.<\/p>\n<p>Certificata secondo ISO 9001: 2008, 14001, 18001 e 45001, Gutekunst Formfedern GmbH offre altissima precisione e ripetibilit\u00e0 dei pezzi con il suo ampio parco macchine moderno di laser controllati CAD \/ CAM, punzonatrici, piegatrici, piegatrici e tagliafili. E garantisce un flusso di ordini rapido e ottimale per prototipi, piccole quantit\u00e0 e grandi serie tramite l&#8217;officina interna, il controllo degli ordini e della produzione basato su CAD, nonch\u00e9 il principio &#8220;tutto in uno&#8221; con gestione degli ordini personalizzata .<\/p>\n<hr \/>\n<p>Le opzioni di applicazione e design per molle sagomate, molle piatte, molle a balestra, parti stampate, parti piegate stampate, parti laser, clip a molla e parti in filo piegato sono tanto varie e complesse quanto la loro produzione. Per poterti supportare nella scelta e nella progettazione, abbiamo accanto al nostro sito web<a href=\"http:\/\/www.formfedern.com\" target=\"_blank\" rel=\"noopener noreferrer\"> www.formfedern.com<\/a> e il nostro servizio di progettazione all&#8217;indirizzo<a href=\"mailto:info@gutekunst-formfedern.de\"> info@gutekunst-formfedern.de<\/a> , ha lanciato questa piattaforma informativa con argomenti sempre interessanti, attuali e orientati alla soluzione relativi alla nostra gamma di prodotti.<\/p>\n<p>Vorremmo anche rispondere alle vostre domande specifiche su questo argomento. Inviaci la tua domanda in modo semplice e senza impegno&gt;<a href=\"mailto:info@formfedern.news2b.de\"> info@formfedern.news2b.de<\/a> .<\/p>\n<p><strong>Gutekunst Formfedern GmbH<br \/>\n<\/strong> Siemensstrasse 11<br \/>\n72285 Pfalzgrafenweiler<br \/>\nTelefono +49 74 45-85 16-0<br \/>\nFax +49 74 45-85 16-33<br \/>\n<a class=\"email\" href=\"mailto:info@gutekunst-formfedern.de\">info@gutekunst-formfedern.de<\/a><\/p>","protected":false},"excerpt":{"rendered":"<p>La casa dell&#8217;ultima tecnologia primaverile &nbsp; Gutekunst Formfedern GmbH \u00e8 specializzata nella produzione di molle sagomate individuali, molle piatte, molle a balestra, parti stampate, parti stampate e piegate, parti laser, clip a molla, molle rettangolari e parti in filo piegato<\/p>\n","protected":false},"author":6,"featured_media":0,"parent":0,"menu_order":0,"comment_status":"closed","ping_status":"closed","template":"","meta":{"footnotes":""},"page_tag":[],"class_list":["post-6678","page","type-page","status-publish","hentry"],"_links":{"self":[{"href":"https:\/\/info.formfedern.com\/it\/wp-json\/wp\/v2\/pages\/6678","targetHints":{"allow":["GET"]}}],"collection":[{"href":"https:\/\/info.formfedern.com\/it\/wp-json\/wp\/v2\/pages"}],"about":[{"href":"https:\/\/info.formfedern.com\/it\/wp-json\/wp\/v2\/types\/page"}],"author":[{"embeddable":true,"href":"https:\/\/info.formfedern.com\/it\/wp-json\/wp\/v2\/users\/6"}],"replies":[{"embeddable":true,"href":"https:\/\/info.formfedern.com\/it\/wp-json\/wp\/v2\/comments?post=6678"}],"version-history":[{"count":2,"href":"https:\/\/info.formfedern.com\/it\/wp-json\/wp\/v2\/pages\/6678\/revisions"}],"predecessor-version":[{"id":6730,"href":"https:\/\/info.formfedern.com\/it\/wp-json\/wp\/v2\/pages\/6678\/revisions\/6730"}],"wp:attachment":[{"href":"https:\/\/info.formfedern.com\/it\/wp-json\/wp\/v2\/media?parent=6678"}],"wp:term":[{"taxonomy":"page_tag","embeddable":true,"href":"https:\/\/info.formfedern.com\/it\/wp-json\/wp\/v2\/page_tag?post=6678"}],"curies":[{"name":"wp","href":"https:\/\/api.w.org\/{rel}","templated":true}]}}