{"id":7684,"date":"2021-07-28T16:13:21","date_gmt":"2021-07-28T14:13:21","guid":{"rendered":"https:\/\/info.formfedern.com\/gutekunst-formfedern-termekpaletta\/"},"modified":"2021-07-28T16:13:21","modified_gmt":"2021-07-28T14:13:21","slug":"gutekunst-formfedern-termekpaletta","status":"publish","type":"page","link":"https:\/\/info.formfedern.com\/hu\/gutekunst-formfedern-termekpaletta\/","title":{"rendered":"Gutekunst Formfedern term\u00e9kpaletta"},"content":{"rendered":"<p style=\"text-align: left;\">A Gutekunst Formfedern a rug\u00f3k rendk\u00edv\u00fcli v\u00e1ltozatoss\u00e1g\u00e1t, rengeteg \u00f6tletet \u00e9s a tavaszi technika legmagasabb pontoss\u00e1g\u00e1t jelenti. 1991 \u00f3ta fejleszt\u00fcnk \u00e9s gy\u00e1rtunk minden k\u00edv\u00e1ntat<a href=\"https:\/\/info.formfedern.com\/hu\/egyedi-alaku-rugok-es-lapos-rugok\/\" target=\"_blank\" rel=\"noopener noreferrer\"> Alak\u00fa rug\u00f3<\/a> ,<a href=\"https:\/\/info.formfedern.com\/hu\/flachfedern\/\" target=\"_blank\" rel=\"noopener noreferrer\"> Lapos rug\u00f3<\/a> ,<a href=\"https:\/\/info.formfedern.com\/hu\/a-levelrugok-attekintese\/\" target=\"_blank\" rel=\"noopener noreferrer\"> Laprug\u00f3<\/a> mint<a href=\"https:\/\/info.formfedern.com\/hu\/belyegzett-es-hajlitott-alkatreszek-tulajdonsagai\/\" target=\"_blank\" rel=\"noopener noreferrer\"> B\u00e9lyegzett \u00e9s hajl\u00edtott r\u00e9szek<\/a> \u00e9s<a href=\"https:\/\/info.formfedern.com\/hu\/lezer-alkatreszek-expressz-gyartasban\/\" target=\"_blank\" rel=\"noopener noreferrer\"> L\u00e9zer alkatr\u00e9szek<\/a> mindett\u0151l<a href=\"https:\/\/info.formfedern.com\/hu\/a-rugos-acellemezek-tulajdonsagai\/\" target=\"_blank\" rel=\"noopener noreferrer\"> Lapos \u00e9s szalagos ac\u00e9lok<\/a> kis mennyis\u00e9gben \u00e9s nagy sorozatban. Legyen sz\u00f3 \u00f6sszetett form\u00e1kr\u00f3l, t\u00f6bbsz\u00f6r\u00f6s felhaszn\u00e1l\u00e1si tulajdons\u00e1gokr\u00f3l vagy egyszer\u0171en a megfelel\u0151nek<a href=\"https:\/\/info.formfedern.com\/hu\/a-rugotipusok-attekintese\/\" target=\"_blank\" rel=\"noopener noreferrer\"> F\u00e9m rug\u00f3<\/a> lapos anyagb\u00f3l k\u00e9sz\u00fclt &#8211; mondja el nek\u00fcnk ig\u00e9nyeit, \u00e9s mer\u00fclj\u00f6n el a vil\u00e1gban<a href=\"https:\/\/info.formfedern.com\/hu\/uedvoezoeljuek-a-gutekunst-formfedern-gmbh-nal\/\" target=\"_blank\" rel=\"noopener noreferrer\"> Gutekunst rug\u00f3kat alkotnak<\/a> .<\/p>\n<p><img loading=\"lazy\" decoding=\"async\" class=\"aligncenter wp-image-6520 size-full\" src=\"https:\/\/info.formfedern.com\/wp-content\/uploads\/Formfedern_Uebersicht_900.jpg\" alt=\"Formfedern, Blattfedern, Flachfedern, Kontaktfedern und Laserteile - Gutekunst Formfedern\" width=\"900\" height=\"626\" data-wp-pid=\"4057\" srcset=\"https:\/\/info.formfedern.com\/wp-content\/uploads\/Formfedern_Uebersicht_900.jpg 900w, https:\/\/info.formfedern.com\/wp-content\/uploads\/Formfedern_Uebersicht_900-300x209.jpg 300w, https:\/\/info.formfedern.com\/wp-content\/uploads\/Formfedern_Uebersicht_900-768x534.jpg 768w, https:\/\/info.formfedern.com\/wp-content\/uploads\/Formfedern_Uebersicht_900-600x417.jpg 600w, https:\/\/info.formfedern.com\/wp-content\/uploads\/Formfedern_Uebersicht_900-150x104.jpg 150w, https:\/\/info.formfedern.com\/wp-content\/uploads\/Formfedern_Uebersicht_900-288x200.jpg 288w, https:\/\/info.formfedern.com\/wp-content\/uploads\/Formfedern_Uebersicht_900-800x556.jpg 800w, https:\/\/info.formfedern.com\/wp-content\/uploads\/Formfedern_Uebersicht_900-200x139.jpg 200w\" sizes=\"auto, (max-width: 900px) 100vw, 900px\" \/><\/p>\n<div id=\"ez-toc-container\" class=\"ez-toc-v2_0_82_2 counter-hierarchy ez-toc-counter ez-toc-grey ez-toc-container-direction\">\n<div class=\"ez-toc-title-container\">\n<p class=\"ez-toc-title\" style=\"cursor:inherit\">Table of Contents<\/p>\n<span class=\"ez-toc-title-toggle\"><\/span><\/div>\n<nav><ul class='ez-toc-list ez-toc-list-level-1 ' ><li class='ez-toc-page-1 ez-toc-heading-level-2'><a class=\"ez-toc-link ez-toc-heading-1\" href=\"https:\/\/info.formfedern.com\/hu\/gutekunst-formfedern-termekpaletta\/#Gyartasi_folyamat\" >Gy\u00e1rt\u00e1si folyamat<\/a><\/li><li class='ez-toc-page-1 ez-toc-heading-level-2'><a class=\"ez-toc-link ez-toc-heading-2\" href=\"https:\/\/info.formfedern.com\/hu\/gutekunst-formfedern-termekpaletta\/#Gyartasi_meretek\" >Gy\u00e1rt\u00e1si m\u00e9retek<\/a><\/li><li class='ez-toc-page-1 ez-toc-heading-level-2'><a class=\"ez-toc-link ez-toc-heading-3\" href=\"https:\/\/info.formfedern.com\/hu\/gutekunst-formfedern-termekpaletta\/#rovid_szallitasi_ido\" >r\u00f6vid sz\u00e1ll\u00edt\u00e1si id\u0151<\/a><\/li><li class='ez-toc-page-1 ez-toc-heading-level-2'><a class=\"ez-toc-link ez-toc-heading-4\" href=\"https:\/\/info.formfedern.com\/hu\/gutekunst-formfedern-termekpaletta\/#Fejlesztes_epites_es_CAD_adatatvitel\" >Fejleszt\u00e9s, \u00e9p\u00edt\u00e9s \u00e9s CAD adat\u00e1tvitel<\/a><\/li><li class='ez-toc-page-1 ez-toc-heading-level-2'><a class=\"ez-toc-link ez-toc-heading-5\" href=\"https:\/\/info.formfedern.com\/hu\/gutekunst-formfedern-termekpaletta\/#Oberflachenbehandlungen\" >Oberfl\u00e4chenbehandlungen<\/a><\/li><li class='ez-toc-page-1 ez-toc-heading-level-2'><a class=\"ez-toc-link ez-toc-heading-6\" href=\"https:\/\/info.formfedern.com\/hu\/gutekunst-formfedern-termekpaletta\/#Tovabbi_munkak_es_szerelesek\" >Tov\u00e1bbi munk\u00e1k \u00e9s szerel\u00e9sek<\/a><\/li><li class='ez-toc-page-1 ez-toc-heading-level-2'><a class=\"ez-toc-link ez-toc-heading-7\" href=\"https:\/\/info.formfedern.com\/hu\/gutekunst-formfedern-termekpaletta\/#Kulonleges_termekajanlat\" >K\u00fcl\u00f6nleges term\u00e9kaj\u00e1nlat<\/a><\/li><li class='ez-toc-page-1 ez-toc-heading-level-2'><a class=\"ez-toc-link ez-toc-heading-8\" href=\"https:\/\/info.formfedern.com\/hu\/gutekunst-formfedern-termekpaletta\/#Nem_kotelezo_ervenyu_ajanlat_a_Gutekunst_Formfedern-tol\" >Nem k\u00f6telez\u0151 \u00e9rv\u00e9ny\u0171 aj\u00e1nlat a Gutekunst Formfedern-t\u0151l<\/a><\/li><\/ul><\/nav><\/div>\n<h2><span class=\"ez-toc-section\" id=\"Gyartasi_folyamat\"><\/span>Gy\u00e1rt\u00e1si folyamat<span class=\"ez-toc-section-end\"><\/span><\/h2>\n<p>Tulajdons\u00e1gait\u00f3l, ig\u00e9nyeit\u0151l \u00e9s mennyis\u00e9g\u00e9t\u0151l f\u00fcgg\u0151en<a href=\"https:\/\/info.formfedern.com\/hu\/a-gyartasi-technikak-rugokat-lapos-rugokat-es-levelrugokat-alkotnak\/\" target=\"_blank\" rel=\"noopener noreferrer\"> gy\u00e1rt\u00e1s<\/a> formarug\u00f3inkat, lapos rug\u00f3inkat, lev\u00e9lrug\u00f3inkat, valamint a b\u00e9lyegzett \u00e9s hajl\u00edtott alkatr\u00e9szeket \u00e9s a l\u00e9zer alkatr\u00e9szeket a moderneken haszn\u00e1ljuk<a href=\"https:\/\/info.formfedern.com\/?p=8431&#038;preview=true&#038;preview_id=8431&#038;preview=true&#038;preview_id=8431\"> B\u00e9lyegz\u0151 \u00e9s hajl\u00edt\u00f3 g\u00e9pek<\/a> vagy be<a href=\"https:\/\/info.formfedern.com\/laserschneiden-metall\/\"> L\u00e9zerv\u00e1g\u00e1s<\/a> , V\u00edzsug\u00e1r v\u00e1g\u00e1si \u00e9s marat\u00e1si folyamatok az ezt k\u00f6vet\u0151 elj\u00e1r\u00e1sokkal<a href=\"https:\/\/info.formfedern.com\/biegeverfahren-metallumformung\/\" target=\"_blank\" rel=\"noopener noreferrer\"> Alak\u00edt\u00e1stechnika<\/a> a TruBend hajl\u00edt\u00f3 g\u00e9pek \u00e9s a szabad form\u00e1j\u00fa szersz\u00e1mok r\u00e9v\u00e9n. Nagyon nagy pontoss\u00e1got \u00e9s +\/- 0,05 mm-es ism\u00e9telhet\u0151s\u00e9get \u00e9r\u00fcnk el. Sz\u00edvesen biztos\u00edtunk \u00d6nnek egy teljes folyamatnapl\u00f3t k\u00e9r\u00e9sre.<\/p>\n<h2><span class=\"ez-toc-section\" id=\"Gyartasi_meretek\"><\/span>Gy\u00e1rt\u00e1si m\u00e9retek<span class=\"ez-toc-section-end\"><\/span><\/h2>\n<p><u>Anyagvastags\u00e1g:<\/u> 0,1-3,0 mm<br \/>\n<u>S\u00e1vsz\u00e9less\u00e9gek:<\/u> 1,0 mm &#8211; 150 mm<br \/>\n<u>Lemezm\u00e9retek:<\/u> 1500 x 2500 mm<\/p>\n<h2><span class=\"ez-toc-section\" id=\"rovid_szallitasi_ido\"><\/span>r\u00f6vid sz\u00e1ll\u00edt\u00e1si id\u0151<span class=\"ez-toc-section-end\"><\/span><\/h2>\n<p>Saj\u00e1t lyukaszt\u00f3, hajl\u00edt\u00f3 \u00e9s dombor\u00edt\u00f3 szersz\u00e1m\u00fczlet\u00fcnkkel \u00e9s kiterjedt anyagrakt\u00e1runkkal a lehet\u0151 legr\u00f6videbb fel\u00e1ll\u00edt\u00e1si, gy\u00e1rt\u00e1si \u00e9s sz\u00e1ll\u00edt\u00e1si id\u0151ket biztos\u00edtjuk protot\u00edpusok, kis mennyis\u00e9gek \u00e9s nagy sorozat eset\u00e9n. Amellett, hogy a<a href=\"https:\/\/info.formfedern.com\/hu\/a-rugos-acellemezek-tulajdonsagai\/\" target=\"_blank\" rel=\"noopener noreferrer\"> Rug\u00f3s ac\u00e9lmin\u0151s\u00e9gek<\/a> C75, C85, C100, MK101, rozsdamentes ac\u00e9llemezek 1.4310, 1.4301, 1.4571, 1.4568 \u00e9s sz\u00ednesf\u00e9mek<a href=\"https:\/\/info.formfedern.com\/hu\/rez-berillium-cube-tulajdonsagai\/\" target=\"_blank\" rel=\"noopener noreferrer\"> CuBe2<\/a> , CuSn6, CW612N, CW508L, t\u00e1rolunk alum\u00ednium ALMG3, AI99, elektromos lemezeket az EN 10106 M530-50A szerint, valamint k\u00fcl\u00f6nf\u00e9le magas h\u0151m\u00e9rs\u00e9klet\u0171 anyagokat, p\u00e9ld\u00e1ul Duratherm \u00e9s Inconel k\u00fcl\u00f6nb\u00f6z\u0151 m\u00e9retekben.<\/p>\n<h2><span class=\"ez-toc-section\" id=\"Fejlesztes_epites_es_CAD_adatatvitel\"><\/span>Fejleszt\u00e9s, \u00e9p\u00edt\u00e9s \u00e9s CAD adat\u00e1tvitel<span class=\"ez-toc-section-end\"><\/span><\/h2>\n<p>Legyen sz\u00f3 \u00f6sszetett form\u00e1kr\u00f3l, t\u00f6bbsz\u00f6r\u00f6s felhaszn\u00e1l\u00e1si tulajdons\u00e1gokr\u00f3l vagy a megfelel\u0151 f\u00e9mrug\u00f3r\u00f3l, technol\u00f3giai \u00e9s fejleszt\u00e9si r\u00e9szleg\u00fcnk a kezdetekt\u0151l fogva t\u00e1mogatni fogja \u00d6nt<a href=\"https:\/\/info.formfedern.com\/hu\/a-muszaki-rugok-tulajdonsagai\/\" target=\"_blank\" rel=\"noopener noreferrer\"> optim\u00e1lis kialak\u00edt\u00e1s<\/a> a k\u00edv\u00e1nt alak\u00fa rug\u00f3t, lapos rug\u00f3t \u00e9s lev\u00e9lrug\u00f3t. A 2D \u00e9s 3D form\u00e1tum\u00fa k\u00f6zvetlen CAD adat\u00e1tvitel mellett a tervez\u00e9st \u00e9s fejleszt\u00e9st is teljes m\u00e9rt\u00e9kben \u00e1tvessz\u00fck minta, rajz, k\u00f6vetelm\u00e9nyprofil vagy telep\u00edt\u00e9si helyzet alapj\u00e1n. A k\u00fcl\u00f6nf\u00e9le sz\u00e1m\u00edt\u00e1si m\u00f3dszerek mellett 30 \u00e9ves know-how-val rendelkez\u00fcnk rug\u00f3k \u00e9s \u00f6nt\u00f6tt alkatr\u00e9szek s\u00edk anyagb\u00f3l t\u00f6rt\u00e9n\u0151 gy\u00e1rt\u00e1s\u00e1val kapcsolatban.<\/p>\n<h2><span class=\"ez-toc-section\" id=\"Oberflachenbehandlungen\"><\/span>Oberfl\u00e4chenbehandlungen<span class=\"ez-toc-section-end\"><\/span><\/h2>\n<p>V\u00e9delemre, optik\u00e1ra vagy tov\u00e1bbi funkci\u00f3k biztos\u00edt\u00e1s\u00e1ra. Minden k\u00edv\u00e1nt alkalmaz\u00e1shoz aj\u00e1nljuk a megfelel\u0151t is<a href=\"https:\/\/info.formfedern.com\/hu\/femrugok-feluletenek-finomitasa-es-feluleti-bevonata\/\" target=\"_blank\" rel=\"noopener noreferrer\"> Fel\u00fcletkezel\u00e9s<\/a> . Ilyen p\u00e9ld\u00e1ul a horganyz\u00e1s, a kr\u00f3moz\u00e1s, a nikkelez\u00e9s, a vastag f\u00f3lia passziv\u00e1l\u00e1sa, a krom\u00e1l\u00e1s, az aranyoz\u00e1s, a r\u00e9z bevon\u00e1s, az ez\u00fcst\u00f6z\u00e9s, az elektrol\u00edroz\u00e1s, az \u00fcveg \u00e9s a szemcsesz\u00f3r\u00e1s, a pol\u00edroz\u00e1s, a foszf\u00e1toz\u00e1s, a passziv\u00e1l\u00e1s, a m\u0171anyag bevonat, a porbevonat, a nitrid\u00e1l\u00e1s, a Delta-Tone 9000 \u00e9s Delta-Seal, vibr\u00e1ci\u00f3s kik\u00e9sz\u00edt\u00e9s (hord\u00f3k\u00e9s), k\u00e9miai sorj\u00e1z\u00e1s, indukci\u00f3s edz\u00e9s, bainit h\u0151kezel\u00e9sek.<\/p>\n<h2><span class=\"ez-toc-section\" id=\"Tovabbi_munkak_es_szerelesek\"><\/span>Tov\u00e1bbi munk\u00e1k \u00e9s szerel\u00e9sek<span class=\"ez-toc-section-end\"><\/span><\/h2>\n<p>K\u00e9r\u00e9sre sz\u00edvesen v\u00e1llalunk tov\u00e1bbi munk\u00e1kat, p\u00e9ld\u00e1ul dombornyom\u00e1st, hegeszt\u00e9st, forraszt\u00e1st, illeszt\u00e9st, szegecsel\u00e9st, r\u00e1gcs\u00e1l\u00e1st, pr\u00e9sel\u00e9st, csiszol\u00e1st, menetv\u00e1g\u00e1st, \u00f6sszeszerel\u00e9st, csavaroz\u00e1st, csomagol\u00e1st \u00e9s k\u00f6zvetlen \u00f6sszeszerel\u00e9st a mell\u00e9kelt szerelv\u00e9nyekben.<\/p>\n<h2><span class=\"ez-toc-section\" id=\"Kulonleges_termekajanlat\"><\/span>K\u00fcl\u00f6nleges term\u00e9kaj\u00e1nlat<span class=\"ez-toc-section-end\"><\/span><\/h2>\n<p>Term\u00e9kk\u00edn\u00e1latunkon k\u00edv\u00fcl<a href=\"https:\/\/info.formfedern.com\/hu\/formazzon-rugokat-levelrugokat-es-lapos-rugokat\/\" target=\"_blank\" rel=\"noopener noreferrer\"> Forma rug\u00f3k<\/a> ,<a href=\"https:\/\/info.formfedern.com\/hu\/flachfedern\/\" target=\"_blank\" rel=\"noopener noreferrer\"> Lapos rug\u00f3k<\/a> ,<a href=\"https:\/\/info.formfedern.com\/hu\/a-levelrugok-attekintese\/\" target=\"_blank\" rel=\"noopener noreferrer\"> Lev\u00e9lrug\u00f3k<\/a> mint<a href=\"https:\/\/info.formfedern.com\/hu\/belyegzett-es-hajlitott-alkatreszek-tulajdonsagai\/\" target=\"_blank\" rel=\"noopener noreferrer\"> B\u00e9lyegzett \u00e9s hajl\u00edtott r\u00e9szek<\/a> \u00e9s<a href=\"https:\/\/info.formfedern.com\/hu\/lezer-alkatreszek-expressz-gyartasban\/\" target=\"_blank\" rel=\"noopener noreferrer\"> L\u00e9zer alkatr\u00e9szek<\/a> , vessen egy pillant\u00e1st k\u00fcl\u00f6nleges term\u00e9kpalett\u00e1nkra<a href=\"https:\/\/info.formfedern.com\/hu\/a-tekercsek-informacioi\/\" target=\"_blank\" rel=\"noopener noreferrer\"> Spir\u00e1l \u00e9s f\u0151 rug\u00f3<\/a> ,<a href=\"https:\/\/info.formfedern.com\/hu\/egyedi-erintkezo-rugok\/\" target=\"_blank\" rel=\"noopener noreferrer\"> \u00c9rintkez\u0151 rug\u00f3k<\/a> ,<a href=\"https:\/\/info.formfedern.com\/hu\/vasaroljon-rugos-kapcsokat-es-csobilincseket\/\" target=\"_blank\" rel=\"noopener noreferrer\"> Tavaszi klipek<\/a> ,<a href=\"https:\/\/info.formfedern.com\/hu\/meretre-gyartott-fem-kapcsok\/\" target=\"_blank\" rel=\"noopener noreferrer\"> F\u00e9m klipek<\/a> ,<a href=\"https:\/\/info.formfedern.com\/hu\/zaroalatetek-tengelyekhez-es-tengelyekhez\/\" target=\"_blank\" rel=\"noopener noreferrer\"> Z\u00e1r\u00f3 al\u00e1t\u00e9tek<\/a> ,<a href=\"https:\/\/info.formfedern.com\/hu\/rugosav-acel-es-rugos-acellemez-keszletbol\/\" target=\"_blank\" rel=\"noopener noreferrer\"> Rug\u00f3s\u00e1v ac\u00e9l<\/a> \u00e9s<a href=\"https:\/\/info.formfedern.com\/federscheiben-klemmscheiben\/\" target=\"_blank\" rel=\"noopener noreferrer\"> Rug\u00f3s al\u00e1t\u00e9tek<\/a> tov\u00e1bb.<\/p>\n<p><center><iframe loading=\"lazy\" src=\"https:\/\/www.youtube.com\/embed\/XrcSHOWxcT4\" width=\"560\" height=\"315\" frameborder=\"0\" allowfullscreen=\"allowfullscreen\"><span style=\"display: inline-block; width: 0px; overflow: hidden; line-height: 0;\" data-mce-type=\"bookmark\" class=\"mce_SELRES_start\">\ufeff<\/span><span style=\"display: inline-block; width: 0px; overflow: hidden; line-height: 0;\" data-mce-type=\"bookmark\" class=\"mce_SELRES_start\">\ufeff<\/span><\/iframe><\/center><\/p>\n<h2><span class=\"ez-toc-section\" id=\"Nem_kotelezo_ervenyu_ajanlat_a_Gutekunst_Formfedern-tol\"><\/span>Nem k\u00f6telez\u0151 \u00e9rv\u00e9ny\u0171 aj\u00e1nlat a Gutekunst Formfedern-t\u0151l<span class=\"ez-toc-section-end\"><\/span><\/h2>\n<p>Ha \u00e9rdekel, k\u00fcldje el nek\u00fcnk a k\u00f6vetkez\u0151ket<a href=\"https:\/\/info.formfedern.com\/hu\/rugok-kerese\/\" target=\"_blank\" rel=\"noopener noreferrer\"> K\u00e9r\u00e9s gomb<\/a> a k\u00edv\u00e1nt m\u0171szaki rug\u00f3, b\u00e9lyegzett \u00e9s hajl\u00edtott vagy l\u00e9zeres r\u00e9sz adatai a darabsz\u00e1m \u00e9s a rajz \/ CAD adatok r\u00e9szleteivel. R\u00f6vid id\u0151n bel\u00fcl nem k\u00f6telez\u0151 \u00e9rv\u00e9ny\u0171 aj\u00e1nlatot tesz\u00fcnk \u00d6nnek mintak\u00e9nt, protot\u00edpusk\u00e9nt, kis mennyis\u00e9gben \u00e9s nagy sorozatban.<\/p>\n<table>\n<tbody>\n<tr>\n<td width=\"302\">\n<p style=\"text-align: center;\"><span style=\"text-align: center;\"><a class=\"maxbutton-1 maxbutton maxbutton-formfedern\" target=\"_blank\" rel=\"noopener\" href=\"https:\/\/info.formfedern.com\/formfedern-anfrage\/\"><span class='mb-text'>Anfrage Formfedern &amp; Blattfedern<\/span><\/a><\/span><\/p>\n<\/td>\n<td width=\"302\">\n<p style=\"text-align: center;\"><span style=\"text-align: center;\"><a class=\"maxbutton-2 maxbutton maxbutton-kontaktfedern\" target=\"_blank\" rel=\"noopener\" href=\"https:\/\/info.formfedern.com\/kontaktfedern-anfrage\/\"><span class='mb-text'>Anfrage Kontaktfedern<\/span><\/a><\/span><\/p>\n<\/td>\n<\/tr>\n<tr>\n<td width=\"302\">\n<p style=\"text-align: center;\"><span style=\"text-align: center;\"><a class=\"maxbutton-3 maxbutton maxbutton-stanzbiegeteile\" target=\"_blank\" rel=\"noopener\" href=\"https:\/\/info.formfedern.com\/stanzbiegeteile-anfrageformular\/\"><span class='mb-text'>Anfrage Stanzbiegeteile &amp; Stanzteile<\/span><\/a><\/span><\/p>\n<\/td>\n<td width=\"302\">\n<p style=\"text-align: center;\"><span style=\"text-align: center;\"><a class=\"maxbutton-4 maxbutton maxbutton-laserteile\" target=\"_blank\" rel=\"noopener\" href=\"https:\/\/info.formfedern.com\/laserteile-anfrageformular\/\"><span class='mb-text'>Anfrage Laserteile<\/span><\/a><\/span><\/p>\n<\/td>\n<\/tr>\n<\/tbody>\n<\/table>\n<p>Technikusainkkal k\u00f6zvetlen\u00fcl is kapcsolatba l\u00e9phet a c\u00edmen<a href=\"mailto:info@gutekunst-formfedern.de\"> info@gutekunst-formfedern.de<\/a> \u00e9s telefon (+49) 07445 85160.<\/p>\n<p><strong>Gutekunst Formfedern GmbH<br \/>\n<\/strong> Siemensstrasse 11<br \/>\n72285 Pfalzgrafenweiler<br \/>\nTelefon: +49 74 45-85 16-0<br \/>\nFax: +49 74 45-85 16-33<br \/>\n<a class=\"email\" href=\"mailto:info@gutekunst-formfedern.de\">info@gutekunst-formfedern.de<\/a><\/p>","protected":false},"excerpt":{"rendered":"<p>A Gutekunst Formfedern a rug\u00f3k rendk\u00edv\u00fcli v\u00e1ltozatoss\u00e1g\u00e1t, rengeteg \u00f6tletet \u00e9s a tavaszi technika legmagasabb pontoss\u00e1g\u00e1t jelenti. 1991 \u00f3ta fejleszt\u00fcnk \u00e9s gy\u00e1rtunk minden k\u00edv\u00e1ntat Alak\u00fa rug\u00f3 , Lapos rug\u00f3 , Laprug\u00f3 mint B\u00e9lyegzett \u00e9s hajl\u00edtott r\u00e9szek \u00e9s L\u00e9zer alkatr\u00e9szek mindett\u0151l Lapos<\/p>\n","protected":false},"author":6,"featured_media":0,"parent":0,"menu_order":0,"comment_status":"closed","ping_status":"closed","template":"","meta":{"footnotes":""},"page_tag":[],"class_list":["post-7684","page","type-page","status-publish","hentry"],"_links":{"self":[{"href":"https:\/\/info.formfedern.com\/hu\/wp-json\/wp\/v2\/pages\/7684","targetHints":{"allow":["GET"]}}],"collection":[{"href":"https:\/\/info.formfedern.com\/hu\/wp-json\/wp\/v2\/pages"}],"about":[{"href":"https:\/\/info.formfedern.com\/hu\/wp-json\/wp\/v2\/types\/page"}],"author":[{"embeddable":true,"href":"https:\/\/info.formfedern.com\/hu\/wp-json\/wp\/v2\/users\/6"}],"replies":[{"embeddable":true,"href":"https:\/\/info.formfedern.com\/hu\/wp-json\/wp\/v2\/comments?post=7684"}],"version-history":[{"count":0,"href":"https:\/\/info.formfedern.com\/hu\/wp-json\/wp\/v2\/pages\/7684\/revisions"}],"wp:attachment":[{"href":"https:\/\/info.formfedern.com\/hu\/wp-json\/wp\/v2\/media?parent=7684"}],"wp:term":[{"taxonomy":"page_tag","embeddable":true,"href":"https:\/\/info.formfedern.com\/hu\/wp-json\/wp\/v2\/page_tag?post=7684"}],"curies":[{"name":"wp","href":"https:\/\/api.w.org\/{rel}","templated":true}]}}