{"id":6666,"date":"2021-05-19T15:03:19","date_gmt":"2021-05-19T13:03:19","guid":{"rendered":"https:\/\/info.formfedern.com\/uedvoezoeljuek-a-gutekunst-formfedern-gmbh-nal\/"},"modified":"2021-05-19T15:13:33","modified_gmt":"2021-05-19T13:13:33","slug":"uedvoezoeljuek-a-gutekunst-formfedern-gmbh-nal","status":"publish","type":"page","link":"https:\/\/info.formfedern.com\/hu\/uedvoezoeljuek-a-gutekunst-formfedern-gmbh-nal\/","title":{"rendered":"\u00dcdv\u00f6z\u00f6lj\u00fck a Gutekunst Formfedern GmbH-n\u00e1l"},"content":{"rendered":"<h3 style=\"text-align: left;\">A leg\u00fajabb tavaszi technol\u00f3gia otthona<\/h3>\n<p>&nbsp;<\/p>\n<p><a href=\"https:\/\/info.formfedern.com\/wp-content\/uploads\/Produktuebersicht.jpg\"><img loading=\"lazy\" decoding=\"async\" class=\"alignnone wp-image-6668 size-full\" src=\"https:\/\/info.formfedern.com\/wp-content\/uploads\/Produktuebersicht.jpg\" alt=\"Egyedi alak\u00fa rug\u00f3k, lapos rug\u00f3k, laprug\u00f3k, b\u00e9lyegzett alkatr\u00e9szek, b\u00e9lyegzett \u00e9s hajl\u00edtott alkatr\u00e9szek, l\u00e9zerr\u00e9szek, rug\u00f3s kapcsok, t\u00e9glalap alak\u00fa rug\u00f3k \u00e9s hajl\u00edtott huzalr\u00e9szek korl\u00e1tlan form\u00e1ban a Gutekunst \u00f6nt\u00f6tt rug\u00f3kb\u00f3l\" width=\"1199\" height=\"190\" data-wp-pid=\"579\" srcset=\"https:\/\/info.formfedern.com\/wp-content\/uploads\/Produktuebersicht.jpg 1199w, https:\/\/info.formfedern.com\/wp-content\/uploads\/Produktuebersicht-300x48.jpg 300w, https:\/\/info.formfedern.com\/wp-content\/uploads\/Produktuebersicht-1024x162.jpg 1024w, https:\/\/info.formfedern.com\/wp-content\/uploads\/Produktuebersicht-200x32.jpg 200w, https:\/\/info.formfedern.com\/wp-content\/uploads\/Produktuebersicht-600x95.jpg 600w, https:\/\/info.formfedern.com\/wp-content\/uploads\/Produktuebersicht-800x127.jpg 800w\" sizes=\"auto, (max-width: 1199px) 100vw, 1199px\" \/><\/a><\/p>\n<p>A Gutekunst Formfedern GmbH egyedi alak\u00fa rug\u00f3k, lapos rug\u00f3k, lev\u00e9lrug\u00f3k, b\u00e9lyegzett alkatr\u00e9szek, b\u00e9lyegzett \u00e9s hajl\u00edtott alkatr\u00e9szek, l\u00e9zerr\u00e9szek, rug\u00f3s kapcsok, t\u00e9glalap alak\u00fa rug\u00f3k \u00e9s hajl\u00edtott huzalr\u00e9szek gy\u00e1rt\u00e1s\u00e1ra specializ\u00e1l\u00f3dott, korl\u00e1tlan form\u00e1ban. Legyen sz\u00f3 ak\u00e1r \u00f6sszetett form\u00e1kr\u00f3l, ak\u00e1r t\u00f6bbfunkci\u00f3s tulajdons\u00e1gokr\u00f3l, a legjobb min\u0151s\u00e9g mellett az 1990-ben alap\u00edtott pfalzgrafenweileri v\u00e1llalat m\u00e1r az elej\u00e9n az innovat\u00edv megold\u00e1sok\u00e9rt \u00e9s az \u00e1tfog\u00f3 szolg\u00e1ltat\u00e1s\u00e9rt \u00e1ll.<\/p>\n<p>Az ISO 9001: 2008, 14001, 18001 \u00e9s 45001 szerint tan\u00fas\u00edtott Gutekunst Formfedern GmbH rendk\u00edv\u00fcl nagy pontoss\u00e1got \u00e9s megism\u00e9telhet\u0151s\u00e9get k\u00edn\u00e1l sz\u00e9lesk\u00f6r\u0171, modern CAD \/ CAM vez\u00e9rl\u00e9s\u0171 l\u00e9zerek, lyukaszt\u00f3, hajl\u00edt\u00f3, hajl\u00edt\u00f3 \u00e9s huzalv\u00e1g\u00f3 g\u00e9pek g\u00e9pparkj\u00e1val. Gyors \u00e9s optim\u00e1lis protot\u00edpus-\u00e1raml\u00e1st biztos\u00edt a protot\u00edpusok, kis mennyis\u00e9gek \u00e9s nagy sorozatok sz\u00e1m\u00e1ra a h\u00e1zon bel\u00fcli szersz\u00e1mbolton, a CAD-alap\u00fa megrendel\u00e9s- \u00e9s gy\u00e1rt\u00e1sellen\u0151rz\u00e9sen kereszt\u00fcl, valamint az &#8222;all-in-one&#8221; elv\u00e9n kereszt\u00fcl, szem\u00e9lyre szabott rendel\u00e9skezel\u00e9ssel .<\/p>\n<hr \/>\n<p>A form\u00e1zott rug\u00f3k, a lapos rug\u00f3k, a laprug\u00f3k, a b\u00e9lyegzett alkatr\u00e9szek, a b\u00e9lyegzett hajl\u00edtott alkatr\u00e9szek, a l\u00e9zerr\u00e9szek, a rug\u00f3s kapcsok \u00e9s a hajl\u00edtott huzalr\u00e9szek felhaszn\u00e1l\u00e1si \u00e9s tervez\u00e9si lehet\u0151s\u00e9gei ugyanolyan v\u00e1ltozatosak \u00e9s \u00f6sszetettek, mint azok gy\u00e1rt\u00e1sa. Annak \u00e9rdek\u00e9ben, hogy t\u00e1mogatni tudjuk \u00d6nt a kiv\u00e1laszt\u00e1sban \u00e9s a tervez\u00e9sben, a weboldalunk mellett van<a href=\"http:\/\/www.formfedern.com\" target=\"_blank\" rel=\"noopener noreferrer\"> www.formfedern.com<\/a> , \u00e9s a tervez\u00e9si szolg\u00e1ltat\u00e1sunkat a<a href=\"mailto:info@gutekunst-formfedern.de\"> info@gutekunst-formfedern.de<\/a> elind\u00edtotta ezt az inform\u00e1ci\u00f3s platformot, folyamatosan \u00e9rdekes, aktu\u00e1lis \u00e9s megold\u00e1s-orient\u00e1lt t\u00e9m\u00e1kkal a term\u00e9kpalett\u00e1nkkal kapcsolatban.<\/p>\n<p>Szeretn\u00e9nk v\u00e1laszolni a t\u00e9m\u00e1val kapcsolatos konkr\u00e9t k\u00e9rd\u00e9seire is. K\u00e9rj\u00fck, egyszer\u0171en \u00e9s k\u00f6telezetts\u00e9g n\u00e9lk\u00fcl k\u00fcldje el nek\u00fcnk k\u00e9rd\u00e9s\u00e9t&gt;<a href=\"mailto:info@formfedern.news2b.de\"> info@formfedern.news2b.de<\/a> .<\/p>\n<p><strong>Gutekunst Formfedern GmbH<br \/>\n<\/strong> Siemensstrasse 11<br \/>\n72285 Pfalzgrafenweiler<br \/>\nTelefon: +49 74 45-85 16-0<br \/>\nFax: +49 74 45-85 16-33<br \/>\n<a class=\"email\" href=\"mailto:info@gutekunst-formfedern.de\">info@gutekunst-formfedern.de<\/a><\/p>","protected":false},"excerpt":{"rendered":"<p>A leg\u00fajabb tavaszi technol\u00f3gia otthona &nbsp; A Gutekunst Formfedern GmbH egyedi alak\u00fa rug\u00f3k, lapos rug\u00f3k, lev\u00e9lrug\u00f3k, b\u00e9lyegzett alkatr\u00e9szek, b\u00e9lyegzett \u00e9s hajl\u00edtott alkatr\u00e9szek, l\u00e9zerr\u00e9szek, rug\u00f3s kapcsok, t\u00e9glalap alak\u00fa rug\u00f3k \u00e9s hajl\u00edtott huzalr\u00e9szek gy\u00e1rt\u00e1s\u00e1ra specializ\u00e1l\u00f3dott, korl\u00e1tlan form\u00e1ban. Legyen sz\u00f3 ak\u00e1r \u00f6sszetett form\u00e1kr\u00f3l,<\/p>\n","protected":false},"author":6,"featured_media":0,"parent":0,"menu_order":0,"comment_status":"closed","ping_status":"closed","template":"","meta":{"footnotes":""},"page_tag":[],"class_list":["post-6666","page","type-page","status-publish","hentry"],"_links":{"self":[{"href":"https:\/\/info.formfedern.com\/hu\/wp-json\/wp\/v2\/pages\/6666","targetHints":{"allow":["GET"]}}],"collection":[{"href":"https:\/\/info.formfedern.com\/hu\/wp-json\/wp\/v2\/pages"}],"about":[{"href":"https:\/\/info.formfedern.com\/hu\/wp-json\/wp\/v2\/types\/page"}],"author":[{"embeddable":true,"href":"https:\/\/info.formfedern.com\/hu\/wp-json\/wp\/v2\/users\/6"}],"replies":[{"embeddable":true,"href":"https:\/\/info.formfedern.com\/hu\/wp-json\/wp\/v2\/comments?post=6666"}],"version-history":[{"count":2,"href":"https:\/\/info.formfedern.com\/hu\/wp-json\/wp\/v2\/pages\/6666\/revisions"}],"predecessor-version":[{"id":6729,"href":"https:\/\/info.formfedern.com\/hu\/wp-json\/wp\/v2\/pages\/6666\/revisions\/6729"}],"wp:attachment":[{"href":"https:\/\/info.formfedern.com\/hu\/wp-json\/wp\/v2\/media?parent=6666"}],"wp:term":[{"taxonomy":"page_tag","embeddable":true,"href":"https:\/\/info.formfedern.com\/hu\/wp-json\/wp\/v2\/page_tag?post=6666"}],"curies":[{"name":"wp","href":"https:\/\/api.w.org\/{rel}","templated":true}]}}