{"id":7702,"date":"2021-07-28T16:13:53","date_gmt":"2021-07-28T14:13:53","guid":{"rendered":"https:\/\/info.formfedern.com\/gamme-de-produits-gutekunst-formfedern\/"},"modified":"2021-07-28T16:13:54","modified_gmt":"2021-07-28T14:13:54","slug":"gamme-de-produits-gutekunst-formfedern","status":"publish","type":"page","link":"https:\/\/info.formfedern.com\/fr\/gamme-de-produits-gutekunst-formfedern\/","title":{"rendered":"Gamme de produits Gutekunst Formfedern"},"content":{"rendered":"<p style=\"text-align: left;\">Gutekunst Formfedern est synonyme d&rsquo;une extraordinaire vari\u00e9t\u00e9 de ressorts, d&rsquo;une multitude d&rsquo;id\u00e9es et du plus haut niveau de pr\u00e9cision dans la technologie des ressorts. Nous d\u00e9veloppons et fabriquons tout ce que vous d\u00e9sirez depuis 1991<a href=\"https:\/\/info.formfedern.com\/fr\/ressorts-de-forme-individuelle-et-ressorts-plats\/\" target=\"_blank\" rel=\"noopener noreferrer\"> Ressort en forme<\/a> ,<a href=\"https:\/\/info.formfedern.com\/fr\/ressorts-plats\/\" target=\"_blank\" rel=\"noopener noreferrer\"> Ressort plat<\/a> ,<a href=\"https:\/\/info.formfedern.com\/fr\/apercu-des-ressorts-a-lames\/\" target=\"_blank\" rel=\"noopener noreferrer\"> Ressort \u00e0 lames<\/a> comme<a href=\"https:\/\/info.formfedern.com\/fr\/proprietes-des-pieces-pliees-embouties\/\" target=\"_blank\" rel=\"noopener noreferrer\"> Pi\u00e8ces estamp\u00e9es et pli\u00e9es<\/a> et<a href=\"https:\/\/info.formfedern.com\/fr\/pieces-laser-en-production-express\/\" target=\"_blank\" rel=\"noopener noreferrer\"> Pi\u00e8ces laser<\/a> de tous<a href=\"https:\/\/info.formfedern.com\/fr\/proprietes-des-toles-dacier-a-ressort\/\" target=\"_blank\" rel=\"noopener noreferrer\"> Aciers plats et feuillards<\/a> en petites quantit\u00e9s et en grandes s\u00e9ries. Qu&rsquo;il s&rsquo;agisse de formes complexes, de propri\u00e9t\u00e9s multi-usages ou simplement pour la bonne<a href=\"https:\/\/info.formfedern.com\/fr\/apercu-des-types-de-ressorts\/\" target=\"_blank\" rel=\"noopener noreferrer\"> Ressort en m\u00e9tal<\/a> en mat\u00e9riau plat &#8211; faites-nous part de vos besoins et plongez-vous dans le monde de<a href=\"https:\/\/info.formfedern.com\/fr\/bienvenue-chez-gutekunst-formfedern-gmbh\/\" target=\"_blank\" rel=\"noopener noreferrer\"> Ressorts de forme Gutekunst<\/a> .<\/p>\n<p><img loading=\"lazy\" decoding=\"async\" class=\"aligncenter wp-image-6522 size-full\" src=\"https:\/\/info.formfedern.com\/wp-content\/uploads\/Formfedern_Uebersicht_900.jpg\" alt=\"Formfedern, Blattfedern, Flachfedern, Kontaktfedern und Laserteile - Gutekunst Formfedern\" width=\"900\" height=\"626\" data-wp-pid=\"4057\" srcset=\"https:\/\/info.formfedern.com\/wp-content\/uploads\/Formfedern_Uebersicht_900.jpg 900w, https:\/\/info.formfedern.com\/wp-content\/uploads\/Formfedern_Uebersicht_900-300x209.jpg 300w, https:\/\/info.formfedern.com\/wp-content\/uploads\/Formfedern_Uebersicht_900-768x534.jpg 768w, https:\/\/info.formfedern.com\/wp-content\/uploads\/Formfedern_Uebersicht_900-600x417.jpg 600w, https:\/\/info.formfedern.com\/wp-content\/uploads\/Formfedern_Uebersicht_900-150x104.jpg 150w, https:\/\/info.formfedern.com\/wp-content\/uploads\/Formfedern_Uebersicht_900-288x200.jpg 288w, https:\/\/info.formfedern.com\/wp-content\/uploads\/Formfedern_Uebersicht_900-800x556.jpg 800w, https:\/\/info.formfedern.com\/wp-content\/uploads\/Formfedern_Uebersicht_900-200x139.jpg 200w\" sizes=\"auto, (max-width: 900px) 100vw, 900px\" \/><\/p>\n<div id=\"ez-toc-container\" class=\"ez-toc-v2_0_82_2 counter-hierarchy ez-toc-counter ez-toc-grey ez-toc-container-direction\">\n<div class=\"ez-toc-title-container\">\n<p class=\"ez-toc-title\" style=\"cursor:inherit\">Table of Contents<\/p>\n<span class=\"ez-toc-title-toggle\"><\/span><\/div>\n<nav><ul class='ez-toc-list ez-toc-list-level-1 ' ><li class='ez-toc-page-1 ez-toc-heading-level-2'><a class=\"ez-toc-link ez-toc-heading-1\" href=\"https:\/\/info.formfedern.com\/fr\/gamme-de-produits-gutekunst-formfedern\/#Processus_de_fabrication\" >Processus de fabrication<\/a><\/li><li class='ez-toc-page-1 ez-toc-heading-level-2'><a class=\"ez-toc-link ez-toc-heading-2\" href=\"https:\/\/info.formfedern.com\/fr\/gamme-de-produits-gutekunst-formfedern\/#Dimensions_de_fabrication\" >Dimensions de fabrication<\/a><\/li><li class='ez-toc-page-1 ez-toc-heading-level-2'><a class=\"ez-toc-link ez-toc-heading-3\" href=\"https:\/\/info.formfedern.com\/fr\/gamme-de-produits-gutekunst-formfedern\/#delai_de_livraison_court\" >d\u00e9lai de livraison court<\/a><\/li><li class='ez-toc-page-1 ez-toc-heading-level-2'><a class=\"ez-toc-link ez-toc-heading-4\" href=\"https:\/\/info.formfedern.com\/fr\/gamme-de-produits-gutekunst-formfedern\/#Developpement_construction_et_transfert_de_donnees_CAO\" >D\u00e9veloppement, construction et transfert de donn\u00e9es CAO<\/a><\/li><li class='ez-toc-page-1 ez-toc-heading-level-2'><a class=\"ez-toc-link ez-toc-heading-5\" href=\"https:\/\/info.formfedern.com\/fr\/gamme-de-produits-gutekunst-formfedern\/#Traitements_de_surface\" >Traitements de surface<\/a><\/li><li class='ez-toc-page-1 ez-toc-heading-level-2'><a class=\"ez-toc-link ez-toc-heading-6\" href=\"https:\/\/info.formfedern.com\/fr\/gamme-de-produits-gutekunst-formfedern\/#Travaux_ulterieurs_et_assemblages\" >Travaux ult\u00e9rieurs et assemblages<\/a><\/li><li class='ez-toc-page-1 ez-toc-heading-level-2'><a class=\"ez-toc-link ez-toc-heading-7\" href=\"https:\/\/info.formfedern.com\/fr\/gamme-de-produits-gutekunst-formfedern\/#Offre_speciale_de_produits\" >Offre sp\u00e9ciale de produits<\/a><\/li><li class='ez-toc-page-1 ez-toc-heading-level-2'><a class=\"ez-toc-link ez-toc-heading-8\" href=\"https:\/\/info.formfedern.com\/fr\/gamme-de-produits-gutekunst-formfedern\/#Offre_sans_engagement_de_Gutekunst_Formfedern\" >Offre sans engagement de Gutekunst Formfedern<\/a><\/li><\/ul><\/nav><\/div>\n<h2><span class=\"ez-toc-section\" id=\"Processus_de_fabrication\"><\/span>Processus de fabrication<span class=\"ez-toc-section-end\"><\/span><\/h2>\n<p>Selon les propri\u00e9t\u00e9s, les exigences et la quantit\u00e9<a href=\"https:\/\/info.formfedern.com\/fr\/les-techniques-de-fabrication-forment-des-ressorts-des-ressorts-plats-et-des-ressorts-a-lames\/\" target=\"_blank\" rel=\"noopener noreferrer\"> fabrication<\/a> nous utilisons nos ressorts de forme, ressorts plats, ressorts \u00e0 lames ainsi que des pi\u00e8ces estamp\u00e9es et pli\u00e9es et des pi\u00e8ces laser sur des<a href=\"https:\/\/info.formfedern.com\/?p=8423&#038;preview=true&#038;preview_id=8423&#038;preview=true&#038;preview_id=8423\"> Machines d&rsquo;estampage et de pliage<\/a> ou en<a href=\"https:\/\/info.formfedern.com\/laserschneiden-metall\/\"> D\u00e9coupe au laser<\/a> , Proc\u00e9d\u00e9s de d\u00e9coupe et de gravure au jet d&rsquo;eau avec<a href=\"https:\/\/info.formfedern.com\/biegeverfahren-metallumformung\/\" target=\"_blank\" rel=\"noopener noreferrer\"> Technologie de formage<\/a> gr\u00e2ce aux plieuses TruBend et aux outils de forme libre. Nous atteignons une pr\u00e9cision de pi\u00e8ce tr\u00e8s \u00e9lev\u00e9e et une r\u00e9p\u00e9tabilit\u00e9 allant jusqu&rsquo;\u00e0 +\/- 0,05 mm. Nous serions heureux de vous fournir un journal de processus complet sur demande.<\/p>\n<h2><span class=\"ez-toc-section\" id=\"Dimensions_de_fabrication\"><\/span>Dimensions de fabrication<span class=\"ez-toc-section-end\"><\/span><\/h2>\n<p><u>\u00c9paisseur de mat\u00e9riau:<\/u> 0,1 \u00e0 3,0 mm<br \/>\n<u>Bandes passantes:<\/u> 1,0 mm \u00e0 150 mm<br \/>\n<u>Tailles des plaques:<\/u> 1500 x 2500 millim\u00e8tre<\/p>\n<h2><span class=\"ez-toc-section\" id=\"delai_de_livraison_court\"><\/span>d\u00e9lai de livraison court<span class=\"ez-toc-section-end\"><\/span><\/h2>\n<p>Avec notre propre atelier d&rsquo;outillage pour les outils de poin\u00e7onnage, de pliage et de gaufrage et notre vaste entrep\u00f4t de mat\u00e9riaux, nous permettons des d\u00e9lais d&rsquo;installation, de production et de livraison les plus courts possibles pour les prototypes, les petites quantit\u00e9s et les grandes s\u00e9ries. En plus de<a href=\"https:\/\/info.formfedern.com\/fr\/proprietes-des-toles-dacier-a-ressort\/\" target=\"_blank\" rel=\"noopener noreferrer\"> Nuances d&rsquo;acier \u00e0 ressort<\/a> C75, C85, C100, MK101, les t\u00f4les en acier inoxydable 1.4310, 1.4301, 1.4571, 1.4568 et les m\u00e9taux non ferreux<a href=\"https:\/\/info.formfedern.com\/fr\/proprietes-du-cuivre-beryllium-cube\/\" target=\"_blank\" rel=\"noopener noreferrer\"> Cube2<\/a> , CuSn6, CW612N, CW508L, nous stockons \u00e9galement de l&rsquo;aluminium ALMG3, AI99, des t\u00f4les \u00e9lectriques selon EN 10106 M530-50A, ainsi que divers mat\u00e9riaux haute temp\u00e9rature tels que Duratherm et Inconel dans diff\u00e9rentes dimensions.<\/p>\n<h2><span class=\"ez-toc-section\" id=\"Developpement_construction_et_transfert_de_donnees_CAO\"><\/span>D\u00e9veloppement, construction et transfert de donn\u00e9es CAO<span class=\"ez-toc-section-end\"><\/span><\/h2>\n<p>Qu&rsquo;il s&rsquo;agisse de formes complexes, de propri\u00e9t\u00e9s multi-usages ou du bon ressort m\u00e9tallique, notre service technologie et d\u00e9veloppement vous accompagne d\u00e8s le d\u00e9part<a href=\"https:\/\/info.formfedern.com\/fr\/proprietes-des-ressorts-techniques\/\" target=\"_blank\" rel=\"noopener noreferrer\"> conception optimale<\/a> le ressort de forme, le ressort plat et le ressort \u00e0 lames souhait\u00e9s. En plus du transfert direct des donn\u00e9es CAO au format 2D et 3D, nous prenons \u00e9galement enti\u00e8rement en charge la conception et le d\u00e9veloppement sur la base d&rsquo;un \u00e9chantillon, d&rsquo;un dessin, d&rsquo;un profil d&rsquo;exigence ou de la situation d&rsquo;installation. En plus d&rsquo;une vari\u00e9t\u00e9 de m\u00e9thodes de calcul, nous avons 30 ans de savoir-faire dans la fabrication de ressorts et de pi\u00e8ces moul\u00e9es en mat\u00e9riau plat.<\/p>\n<h2><span class=\"ez-toc-section\" id=\"Traitements_de_surface\"><\/span>Traitements de surface<span class=\"ez-toc-section-end\"><\/span><\/h2>\n<p>Pour la protection, pour l&rsquo;optique, ou pour fournir des fonctions suppl\u00e9mentaires. Nous vous proposons \u00e9galement le bon pour chaque application souhait\u00e9e<a href=\"https:\/\/info.formfedern.com\/fr\/amelioration-de-la-surface-et-revetement-de-surface-des-ressorts-metalliques\/\" target=\"_blank\" rel=\"noopener noreferrer\"> Traitement de surface<\/a> . Tels que la galvanisation, le chromage, le nickelage, la passivation \u00e0 couche \u00e9paisse, la chromatation, le placage \u00e0 l&rsquo;or, le placage de cuivre, le placage d&rsquo;argent, l&rsquo;\u00e9lectropolissage, le verre et le grenaillage, le brunissage, la phosphatation, la passivation, le rev\u00eatement plastique, le rev\u00eatement en poudre, la nitruration, Delta-Tone 9000 et Delta-Seal, finition vibratoire (finition Barrel), \u00e9bavurage chimique, trempe par induction, traitements thermiques bainitiques.<\/p>\n<h2><span class=\"ez-toc-section\" id=\"Travaux_ulterieurs_et_assemblages\"><\/span>Travaux ult\u00e9rieurs et assemblages<span class=\"ez-toc-section-end\"><\/span><\/h2>\n<p>Nous sommes heureux de prendre en charge d&rsquo;autres travaux sur demande, tels que le gaufrage, le soudage, le brasage, l&rsquo;assemblage, le rivetage, le grignotage, le pressage, le meulage, le taraudage, l&rsquo;assemblage, le vissage, l&#8217;emballage et l&rsquo;assemblage direct dans les assemblages fournis.<\/p>\n<h2><span class=\"ez-toc-section\" id=\"Offre_speciale_de_produits\"><\/span>Offre sp\u00e9ciale de produits<span class=\"ez-toc-section-end\"><\/span><\/h2>\n<p>En plus de notre gamme de produits tout autour<a href=\"https:\/\/info.formfedern.com\/fr\/formez-des-ressorts-des-ressorts-a-lames-et-des-ressorts-plats\/\" target=\"_blank\" rel=\"noopener noreferrer\"> Ressorts de forme<\/a> ,<a href=\"https:\/\/info.formfedern.com\/fr\/ressorts-plats\/\" target=\"_blank\" rel=\"noopener noreferrer\"> Ressorts plats<\/a> ,<a href=\"https:\/\/info.formfedern.com\/fr\/apercu-des-ressorts-a-lames\/\" target=\"_blank\" rel=\"noopener noreferrer\"> ressorts \u00e0 lames<\/a> comme<a href=\"https:\/\/info.formfedern.com\/fr\/proprietes-des-pieces-pliees-embouties\/\" target=\"_blank\" rel=\"noopener noreferrer\"> Pi\u00e8ces estamp\u00e9es et pli\u00e9es<\/a> et<a href=\"https:\/\/info.formfedern.com\/fr\/pieces-laser-en-production-express\/\" target=\"_blank\" rel=\"noopener noreferrer\"> Pi\u00e8ces laser<\/a> , jetez un \u0153il \u00e0 notre gamme de produits sp\u00e9ciaux<a href=\"https:\/\/info.formfedern.com\/fr\/informations-sur-les-ressorts-helicoidaux\/\" target=\"_blank\" rel=\"noopener noreferrer\"> Spirale et ressort<\/a> ,<a href=\"https:\/\/info.formfedern.com\/fr\/ressorts-de-contact-individuels\/\" target=\"_blank\" rel=\"noopener noreferrer\"> ressorts de contact<\/a> ,<a href=\"https:\/\/info.formfedern.com\/fr\/acheter-des-clips-a-ressort-et-des-clips-de-tuyau\/\" target=\"_blank\" rel=\"noopener noreferrer\"> Pinces \u00e0 ressort<\/a> ,<a href=\"https:\/\/info.formfedern.com\/fr\/clips-metalliques-sur-mesure\/\" target=\"_blank\" rel=\"noopener noreferrer\"> Pinces en m\u00e9tal<\/a> ,<a href=\"https:\/\/info.formfedern.com\/fr\/rondelles-de-blocage-pour-arbres-et-essieux\/\" target=\"_blank\" rel=\"noopener noreferrer\"> Rondelles de blocage<\/a> ,<a href=\"https:\/\/info.formfedern.com\/fr\/toles-dacier-a-ressort-et-toles-dacier-a-ressort-en-stock\/\" target=\"_blank\" rel=\"noopener noreferrer\"> Acier de bande de ressort<\/a> et<a href=\"https:\/\/info.formfedern.com\/federscheiben-klemmscheiben\/\" target=\"_blank\" rel=\"noopener noreferrer\"> Rondelles \u00e0 ressort<\/a> sur.<\/p>\n<p><center><iframe loading=\"lazy\" src=\"https:\/\/www.youtube.com\/embed\/XrcSHOWxcT4\" width=\"560\" height=\"315\" frameborder=\"0\" allowfullscreen=\"allowfullscreen\"><span style=\"display: inline-block; width: 0px; overflow: hidden; line-height: 0;\" data-mce-type=\"bookmark\" class=\"mce_SELRES_start\">\ufeff<\/span><span style=\"display: inline-block; width: 0px; overflow: hidden; line-height: 0;\" data-mce-type=\"bookmark\" class=\"mce_SELRES_start\">\ufeff<\/span><\/iframe><\/center><\/p>\n<h2><span class=\"ez-toc-section\" id=\"Offre_sans_engagement_de_Gutekunst_Formfedern\"><\/span>Offre sans engagement de Gutekunst Formfedern<span class=\"ez-toc-section-end\"><\/span><\/h2>\n<p>Si vous \u00eates int\u00e9ress\u00e9, envoyez-nous ce qui suit<a href=\"https:\/\/info.formfedern.com\/fr\/demande-de-ressorts\/\" target=\"_blank\" rel=\"noopener noreferrer\"> Bouton de demande<\/a> les donn\u00e9es du ressort technique souhait\u00e9, estamp\u00e9 et pli\u00e9 ou de la pi\u00e8ce laser avec le d\u00e9tail du nombre de pi\u00e8ces et le dessin\/donn\u00e9es CAO. Nous vous ferons une offre sans engagement dans les plus brefs d\u00e9lais sous forme d&rsquo;\u00e9chantillon, de prototype, en petites quantit\u00e9s et en grandes s\u00e9ries.<\/p>\n<table>\n<tbody>\n<tr>\n<td width=\"302\">\n<p style=\"text-align: center;\"><span style=\"text-align: center;\"><a class=\"maxbutton-1 maxbutton maxbutton-formfedern\" target=\"_blank\" rel=\"noopener\" href=\"https:\/\/info.formfedern.com\/formfedern-anfrage\/\"><span class='mb-text'>Anfrage Formfedern &amp; Blattfedern<\/span><\/a><\/span><\/p>\n<\/td>\n<td width=\"302\">\n<p style=\"text-align: center;\"><span style=\"text-align: center;\"><a class=\"maxbutton-2 maxbutton maxbutton-kontaktfedern\" target=\"_blank\" rel=\"noopener\" href=\"https:\/\/info.formfedern.com\/kontaktfedern-anfrage\/\"><span class='mb-text'>Anfrage Kontaktfedern<\/span><\/a><\/span><\/p>\n<\/td>\n<\/tr>\n<tr>\n<td width=\"302\">\n<p style=\"text-align: center;\"><span style=\"text-align: center;\"><a class=\"maxbutton-3 maxbutton maxbutton-stanzbiegeteile\" target=\"_blank\" rel=\"noopener\" href=\"https:\/\/info.formfedern.com\/stanzbiegeteile-anfrageformular\/\"><span class='mb-text'>Anfrage Stanzbiegeteile &amp; Stanzteile<\/span><\/a><\/span><\/p>\n<\/td>\n<td width=\"302\">\n<p style=\"text-align: center;\"><span style=\"text-align: center;\"><a class=\"maxbutton-4 maxbutton maxbutton-laserteile\" target=\"_blank\" rel=\"noopener\" href=\"https:\/\/info.formfedern.com\/laserteile-anfrageformular\/\"><span class='mb-text'>Anfrage Laserteile<\/span><\/a><\/span><\/p>\n<\/td>\n<\/tr>\n<\/tbody>\n<\/table>\n<p>Vous pouvez \u00e9galement contacter directement nos techniciens au<a href=\"mailto:info@gutekunst-formfedern.de\"> info@gutekunst-formfedern.de<\/a> et t\u00e9l\u00e9phone (+49) 07445 85160.<\/p>\n<p><strong>Gutekunst Formfedern GmbH<br \/>\n<\/strong> Siemensstrasse 11<br \/>\n72285 Pfalzgrafenweiler<br \/>\nT\u00e9l\u00e9phone +49 74 45-85 16-0<br \/>\nT\u00e9l\u00e9copie +49 74 45-85 16-33<br \/>\n<a class=\"email\" href=\"mailto:info@gutekunst-formfedern.de\">info@gutekunst-formfedern.de<\/a><\/p>","protected":false},"excerpt":{"rendered":"<p>Gutekunst Formfedern est synonyme d&rsquo;une extraordinaire vari\u00e9t\u00e9 de ressorts, d&rsquo;une multitude d&rsquo;id\u00e9es et du plus haut niveau de pr\u00e9cision dans la technologie des ressorts. Nous d\u00e9veloppons et fabriquons tout ce que vous d\u00e9sirez depuis 1991 Ressort en forme , Ressort<\/p>\n","protected":false},"author":6,"featured_media":0,"parent":0,"menu_order":0,"comment_status":"closed","ping_status":"closed","template":"","meta":{"footnotes":""},"page_tag":[],"class_list":["post-7702","page","type-page","status-publish","hentry"],"_links":{"self":[{"href":"https:\/\/info.formfedern.com\/fr\/wp-json\/wp\/v2\/pages\/7702","targetHints":{"allow":["GET"]}}],"collection":[{"href":"https:\/\/info.formfedern.com\/fr\/wp-json\/wp\/v2\/pages"}],"about":[{"href":"https:\/\/info.formfedern.com\/fr\/wp-json\/wp\/v2\/types\/page"}],"author":[{"embeddable":true,"href":"https:\/\/info.formfedern.com\/fr\/wp-json\/wp\/v2\/users\/6"}],"replies":[{"embeddable":true,"href":"https:\/\/info.formfedern.com\/fr\/wp-json\/wp\/v2\/comments?post=7702"}],"version-history":[{"count":1,"href":"https:\/\/info.formfedern.com\/fr\/wp-json\/wp\/v2\/pages\/7702\/revisions"}],"predecessor-version":[{"id":7704,"href":"https:\/\/info.formfedern.com\/fr\/wp-json\/wp\/v2\/pages\/7702\/revisions\/7704"}],"wp:attachment":[{"href":"https:\/\/info.formfedern.com\/fr\/wp-json\/wp\/v2\/media?parent=7702"}],"wp:term":[{"taxonomy":"page_tag","embeddable":true,"href":"https:\/\/info.formfedern.com\/fr\/wp-json\/wp\/v2\/page_tag?post=7702"}],"curies":[{"name":"wp","href":"https:\/\/api.w.org\/{rel}","templated":true}]}}