{"id":7697,"date":"2021-07-28T16:13:49","date_gmt":"2021-07-28T14:13:49","guid":{"rendered":"https:\/\/info.formfedern.com\/protection-des-donnees\/"},"modified":"2021-07-28T16:13:49","modified_gmt":"2021-07-28T14:13:49","slug":"protection-des-donnees","status":"publish","type":"page","link":"https:\/\/info.formfedern.com\/fr\/protection-des-donnees\/","title":{"rendered":"Protection des donn\u00e9es"},"content":{"rendered":"<p><strong>informations g\u00e9n\u00e9rales<\/strong><\/p>\n<p>Les informations suivantes donnent un simple aper\u00e7u de ce qu&rsquo;il advient de vos donn\u00e9es personnelles lorsque vous visitez notre site Web. Les donn\u00e9es personnelles sont toutes les donn\u00e9es avec lesquelles vous pouvez \u00eatre personnellement identifi\u00e9. Vous trouverez des informations d\u00e9taill\u00e9es sur le sujet de la protection des donn\u00e9es dans notre d\u00e9claration de protection des donn\u00e9es figurant sous ce texte.<\/p>\n<p><strong>Collecte de donn\u00e9es sur notre site Web<\/strong><\/p>\n<p><strong>Qui est responsable de la collecte des donn\u00e9es sur ce site Web ?<\/strong><br \/>\nLe traitement des donn\u00e9es sur ce site Web est effectu\u00e9 par l&rsquo;exploitant du site Web. Vous pouvez envoyer leurs coordonn\u00e9es au<a href=\"https:\/\/www.gutekunst-formfedern.de\/de\/impressum.html\"> imprimer<\/a> r\u00e9f\u00e9rez-vous \u00e0 ce site Web.<\/p>\n<p><strong>Comment collectons-nous vos donn\u00e9es ?<\/strong><br \/>\nD&rsquo;une part, vos donn\u00e9es sont collect\u00e9es lorsque vous nous les communiquez. Il peut s&rsquo;agir, par exemple, de donn\u00e9es que vous saisissez dans un formulaire de contact.<br \/>\nD&rsquo;autres donn\u00e9es sont automatiquement enregistr\u00e9es par nos syst\u00e8mes informatiques lorsque vous visitez le site. Il s&rsquo;agit principalement de donn\u00e9es techniques (par exemple, navigateur Internet, syst\u00e8me d&rsquo;exploitation ou heure de consultation de la page). Ces donn\u00e9es sont collect\u00e9es automatiquement d\u00e8s que vous entrez sur notre site Web.<\/p>\n<p><strong>Pourquoi utilisons-nous vos donn\u00e9es&nbsp;?<\/strong><br \/>\nCertaines des donn\u00e9es sont collect\u00e9es afin de garantir que le site Web est exempt d&rsquo;erreurs. D&rsquo;autres donn\u00e9es peuvent \u00eatre utilis\u00e9es pour analyser votre comportement d&rsquo;utilisateur.<\/p>\n<p><strong>De quels droits disposez-vous sur vos donn\u00e9es ?<\/strong><br \/>\nVous avez le droit de recevoir gratuitement \u00e0 tout moment des informations sur l&rsquo;origine, le destinataire et la finalit\u00e9 de vos donn\u00e9es personnelles stock\u00e9es. Vous avez \u00e9galement le droit de demander la rectification, le blocage ou la suppression de ces donn\u00e9es. Vous pouvez nous contacter \u00e0 tout moment \u00e0 l&rsquo;adresse indiqu\u00e9e dans les mentions l\u00e9gales si vous avez d&rsquo;autres questions au sujet de la protection des donn\u00e9es. Vous avez \u00e9galement le droit de d\u00e9poser une r\u00e9clamation aupr\u00e8s de l&rsquo;autorit\u00e9 de contr\u00f4le comp\u00e9tente.<\/p>\n<p><strong>Outils d&rsquo;analyse et outils tiers<\/strong><\/p>\n<p>Lorsque vous visitez notre site Web, votre comportement de navigation peut \u00eatre \u00e9valu\u00e9 statistiquement. Cela se fait principalement avec des cookies et des programmes dits d&rsquo;analyse. Votre comportement de navigation est g\u00e9n\u00e9ralement analys\u00e9 de mani\u00e8re anonyme ; le comportement de navigation ne peut pas \u00eatre retrac\u00e9 jusqu&rsquo;\u00e0 vous. Vous pouvez vous opposer \u00e0 cette analyse ou l&#8217;emp\u00eacher en n&rsquo;utilisant pas certains outils. Vous trouverez des informations d\u00e9taill\u00e9es \u00e0 ce sujet dans la d\u00e9claration de protection des donn\u00e9es suivante.<\/p>\n<p>Vous pouvez vous opposer \u00e0 cette analyse. Nous vous informerons des possibilit\u00e9s d&rsquo;opposition dans cette d\u00e9claration de protection des donn\u00e9es.<\/p>\n<div id=\"ez-toc-container\" class=\"ez-toc-v2_0_79 counter-hierarchy ez-toc-counter ez-toc-grey ez-toc-container-direction\">\n<div class=\"ez-toc-title-container\">\n<p class=\"ez-toc-title\" style=\"cursor:inherit\">Table of Contents<\/p>\n<span class=\"ez-toc-title-toggle\"><\/span><\/div>\n<nav><ul class='ez-toc-list ez-toc-list-level-1 ' ><li class='ez-toc-page-1 ez-toc-heading-level-2'><a class=\"ez-toc-link ez-toc-heading-1\" href=\"https:\/\/info.formfedern.com\/fr\/protection-des-donnees\/#1_Informations_generales_et_informations_obligatoires\" >1. Informations g\u00e9n\u00e9rales et informations obligatoires<\/a><\/li><li class='ez-toc-page-1 ez-toc-heading-level-2'><a class=\"ez-toc-link ez-toc-heading-2\" href=\"https:\/\/info.formfedern.com\/fr\/protection-des-donnees\/#2_Collecte_de_donnees_sur_notre_site_Internet\" >2. Collecte de donn\u00e9es sur notre site Internet<\/a><\/li><li class='ez-toc-page-1 ez-toc-heading-level-2'><a class=\"ez-toc-link ez-toc-heading-3\" href=\"https:\/\/info.formfedern.com\/fr\/protection-des-donnees\/#3_Outils_danalyse\" >3. Outils d&rsquo;analyse<\/a><\/li><li class='ez-toc-page-1 ez-toc-heading-level-2'><a class=\"ez-toc-link ez-toc-heading-4\" href=\"https:\/\/info.formfedern.com\/fr\/protection-des-donnees\/#4_Bulletin\" >4. Bulletin<\/a><\/li><li class='ez-toc-page-1 ez-toc-heading-level-2'><a class=\"ez-toc-link ez-toc-heading-5\" href=\"https:\/\/info.formfedern.com\/fr\/protection-des-donnees\/#5_Plugins_et_outils\" >5. Plugins et outils<\/a><\/li><\/ul><\/nav><\/div>\n<h2><span class=\"ez-toc-section\" id=\"1_Informations_generales_et_informations_obligatoires\"><\/span>1. Informations g\u00e9n\u00e9rales et informations obligatoires<span class=\"ez-toc-section-end\"><\/span><\/h2>\n<p><strong>protection des donn\u00e9es<\/strong><\/p>\n<p>Les exploitants de ce site Internet prennent tr\u00e8s au s\u00e9rieux la protection de vos donn\u00e9es personnelles. Nous traitons vos donn\u00e9es personnelles de mani\u00e8re confidentielle et conform\u00e9ment aux dispositions l\u00e9gales en mati\u00e8re de protection des donn\u00e9es et \u00e0 la pr\u00e9sente d\u00e9claration de protection des donn\u00e9es.<\/p>\n<p>Lorsque vous utilisez ce site Internet, diverses donn\u00e9es personnelles sont collect\u00e9es. Les donn\u00e9es personnelles sont des donn\u00e9es avec lesquelles vous pouvez \u00eatre personnellement identifi\u00e9. Cette d\u00e9claration de protection des donn\u00e9es explique quelles donn\u00e9es nous collectons et dans quel but nous les utilisons. Il explique \u00e9galement comment et dans quel but cela est fait.<\/p>\n<p>Nous attirons votre attention sur le fait que la transmission de donn\u00e9es sur Internet (par exemple lors de la communication par e-mail) peut pr\u00e9senter des failles de s\u00e9curit\u00e9. Une protection compl\u00e8te des donn\u00e9es contre l&rsquo;acc\u00e8s par des tiers n&rsquo;est pas possible.<\/p>\n<p><strong>Note sur l&rsquo;organisme responsable<\/strong><\/p>\n<p>Le responsable du traitement des donn\u00e9es sur ce site Internet est :<\/p>\n<p><strong>Gutekunst Formfedern GmbH<br \/>\n<\/strong> D\u00e9l\u00e9gu\u00e9 \u00e0 la protection des donn\u00e9es<br \/>\nSiemensstrasse 11<br \/>\nDE-72285 Pfalzgrafenweiler<br \/>\nAllemagne<\/p>\n<p><strong>t\u00e9l\u00e9phoner<\/strong> (0049) 7445 8516-0<br \/>\n<strong>fax<\/strong> (0049) 7445 8516-12<br \/>\n<strong>e-mail<\/strong><a href=\"mailto:info@gutekunst-formfedern.de\"> info@gutekunst-formfedern.de<\/a><\/p>\n<p>Le responsable est la personne physique ou morale qui, seule ou conjointement avec d&rsquo;autres, d\u00e9cide des finalit\u00e9s et des moyens de traitement des donn\u00e9es personnelles (par exemple, noms, adresses e-mail, etc.).<\/p>\n<p><strong>R\u00e9vocation de votre consentement au traitement des donn\u00e9es<\/strong><\/p>\n<p>De nombreux traitements de donn\u00e9es ne sont possibles qu&rsquo;avec votre consentement expr\u00e8s. Vous pouvez r\u00e9voquer votre consentement \u00e0 tout moment. Un e-mail informel \u00e0 nous est suffisant. La l\u00e9galit\u00e9 du traitement des donn\u00e9es effectu\u00e9 avant la r\u00e9vocation n&rsquo;est pas affect\u00e9e par la r\u00e9vocation.<\/p>\n<p><strong>Droit de recours aupr\u00e8s de l&rsquo;autorit\u00e9 de contr\u00f4le comp\u00e9tente<\/strong><\/p>\n<p>En cas de violation de la loi sur la protection des donn\u00e9es, la personne concern\u00e9e a le droit de d\u00e9poser une plainte aupr\u00e8s de l&rsquo;autorit\u00e9 de contr\u00f4le comp\u00e9tente. L&rsquo;autorit\u00e9 de contr\u00f4le comp\u00e9tente pour les questions de protection des donn\u00e9es est le d\u00e9l\u00e9gu\u00e9 \u00e0 la protection des donn\u00e9es de l&rsquo;\u00c9tat f\u00e9d\u00e9ral dans lequel notre entreprise est bas\u00e9e. Une liste des d\u00e9l\u00e9gu\u00e9s \u00e0 la protection des donn\u00e9es et leurs coordonn\u00e9es sont disponibles sur le lien suivant :<a href=\"https:\/\/www.bfdi.bund.de\/DE\/Infothek\/Anschriften_Links\/anschriften_links-node.html\"> https:\/\/www.bfdi.bund.de\/DE\/Infothek\/Anschriften_Links\/anschriften_links-node.html<\/a> .<\/p>\n<p><strong>Cryptage SSL ou TLS<\/strong><\/p>\n<p>Pour des raisons de s\u00e9curit\u00e9 et pour prot\u00e9ger la transmission de contenus confidentiels, tels que les commandes ou les demandes que vous nous envoyez en tant qu&rsquo;exploitant du site Web, ce site utilise un protocole SSL ou. Cryptage TLS. Vous pouvez reconna\u00eetre une connexion crypt\u00e9e par le fait que la ligne d&rsquo;adresse du navigateur passe de \u00ab&nbsp;http&nbsp;: \/\/&nbsp;\u00bb \u00e0 \u00ab&nbsp;https&nbsp;: \/\/&nbsp;\u00bb et par le symbole de cadenas dans la ligne de votre navigateur.<\/p>\n<p>Si le cryptage SSL ou TLS est activ\u00e9, les donn\u00e9es que vous nous transmettez ne peuvent pas \u00eatre lues par des tiers.<\/p>\n<p><strong>Information, blocage, suppression<\/strong><\/p>\n<p>Dans le cadre des dispositions l\u00e9gales applicables, vous disposez d&rsquo;un droit d&rsquo;information gratuit sur vos donn\u00e9es personnelles stock\u00e9es, leur origine et destinataire et la finalit\u00e9 du traitement des donn\u00e9es et, le cas \u00e9ch\u00e9ant, un droit de rectification, de blocage ou de suppression de ces donn\u00e9es. Vous pouvez nous contacter \u00e0 tout moment \u00e0 l&rsquo;adresse indiqu\u00e9e dans les mentions l\u00e9gales si vous avez d&rsquo;autres questions au sujet des donn\u00e9es personnelles.<\/p>\n<h2><span class=\"ez-toc-section\" id=\"2_Collecte_de_donnees_sur_notre_site_Internet\"><\/span>2. Collecte de donn\u00e9es sur notre site Internet<span class=\"ez-toc-section-end\"><\/span><\/h2>\n<p><strong>Fichiers journaux du serveur<\/strong><\/p>\n<p>L&rsquo;h\u00e9bergeur de ce site (<a href=\"https:\/\/www.ibumedia.de\/de\/\"> Ibumedia GmbH<\/a> ) collecte et stocke automatiquement des informations dans des fichiers journaux du serveur, que votre navigateur nous transmet automatiquement. Ceux-ci sont:<\/p>\n<ul>\n<li>Type de navigateur et version du navigateur<\/li>\n<li>syst\u00e8me d&rsquo;exploitation utilis\u00e9<\/li>\n<li>URL de r\u00e9f\u00e9rence<\/li>\n<li>Nom d&rsquo;h\u00f4te de l&rsquo;ordinateur acc\u00e9dant<\/li>\n<li>Heure de la demande du serveur<\/li>\n<li>adresse IP<\/li>\n<\/ul>\n<p>Ces donn\u00e9es ne seront pas fusionn\u00e9es avec d&rsquo;autres sources de donn\u00e9es.<\/p>\n<p>La base du traitement des donn\u00e9es est l&rsquo;article 6, al. 1 lit. f GDPR, qui permet le traitement de donn\u00e9es pour l&rsquo;ex\u00e9cution d&rsquo;un contrat ou de mesures pr\u00e9contractuelles.<\/p>\n<p><strong>Traitement des donn\u00e9es de commande<\/strong><br \/>\nnous avons avec<u> Ibumedia GmbH<\/u> conclu un contrat de traitement des donn\u00e9es de commande dans lequel nous<u> Ibumedia GmbH<\/u> obliger \u00e0 prot\u00e9ger les donn\u00e9es de nos clients et \u00e0 ne pas les transmettre \u00e0 des tiers.<\/p>\n<p><strong>Formulaire de contact et email<\/strong><\/p>\n<p>Si vous nous envoyez des demandes en utilisant le formulaire de contact ou par e-mail, vos coordonn\u00e9es du formulaire de demande ou de l&rsquo;e-mail, y compris les coordonn\u00e9es que vous y avez fournies, seront stock\u00e9es par nous dans le but de traiter la demande et dans le cas de questions de suivi. Nous ne transmettons pas ces donn\u00e9es sans votre consentement.<\/p>\n<p>Le traitement des donn\u00e9es saisies dans le formulaire de contact ou l&rsquo;e-mail a lieu exclusivement sur la base de votre consentement (art. 6 al. 1 lit. a RGPD). Vous pouvez r\u00e9voquer ce consentement \u00e0 tout moment. Un e-mail informel \u00e0 nous est suffisant. La l\u00e9galit\u00e9 des traitements de donn\u00e9es effectu\u00e9s avant la r\u00e9vocation n&rsquo;est pas affect\u00e9e par la r\u00e9vocation.<\/p>\n<p>Les donn\u00e9es que vous saisissez dans le formulaire de contact ou l&rsquo;e-mail resteront en notre possession jusqu&rsquo;\u00e0 ce que vous nous demandiez de les supprimer, de r\u00e9voquer votre consentement au stockage ou que le but du stockage des donn\u00e9es ne s&rsquo;applique plus (par exemple apr\u00e8s le traitement de votre demande). Les dispositions l\u00e9gales imp\u00e9ratives &#8211; en particulier les d\u00e9lais de conservation &#8211; restent inchang\u00e9es.<\/p>\n<p><strong>Fonction de commentaire sur ce site<\/strong><\/p>\n<p>Pour la fonction commentaire sur cette page, en plus de votre commentaire, des informations sur l&rsquo;heure de cr\u00e9ation du commentaire, votre adresse e-mail et, si vous ne postez pas de mani\u00e8re anonyme, le nom d&rsquo;utilisateur que vous avez choisi seront enregistr\u00e9s.<\/p>\n<p><strong>Dur\u00e9e de stockage des commentaires<\/strong><br \/>\nLes commentaires et les donn\u00e9es associ\u00e9es sont enregistr\u00e9s et restent sur notre site Web jusqu&rsquo;\u00e0 ce que le contenu comment\u00e9 soit compl\u00e8tement supprim\u00e9 ou que les commentaires doivent \u00eatre supprim\u00e9s pour des raisons l\u00e9gales (par exemple, commentaires offensants).<\/p>\n<p><strong>Base l\u00e9gale<\/strong><br \/>\nLes commentaires sont enregistr\u00e9s sur la base de votre consentement (art. 6 al. 1 lit. a RGPD). Vous pouvez r\u00e9voquer votre consentement \u00e0 tout moment. Un e-mail informel \u00e0 nous est suffisant. La l\u00e9galit\u00e9 des traitements de donn\u00e9es d\u00e9j\u00e0 effectu\u00e9s n&rsquo;est pas affect\u00e9e par la r\u00e9vocation.<\/p>\n<h2><span class=\"ez-toc-section\" id=\"3_Outils_danalyse\"><\/span><strong> 3. Outils d&rsquo;analyse<\/strong><span class=\"ez-toc-section-end\"><\/span><\/h2>\n<p><strong>Google Analytics<\/strong><\/p>\n<p>Ce site Web utilise des fonctions du service d&rsquo;analyse Web Google Analytics. Le fournisseur est Google Inc., 1600 Amphitheatre Parkway, Mountain View, CA 94043, \u00c9tats-Unis.<\/p>\n<p>Google Analytics utilise des \u00ab\u00a0cookies\u00a0\u00bb. Il s&rsquo;agit de fichiers texte qui sont enregistr\u00e9s sur votre ordinateur et qui permettent d&rsquo;analyser votre utilisation du site. Les informations g\u00e9n\u00e9r\u00e9es par le cookie concernant votre utilisation de ce site Web sont g\u00e9n\u00e9ralement transmises \u00e0 un serveur de Google aux \u00c9tats-Unis et y sont stock\u00e9es.<\/p>\n<p>Le stockage des cookies de Google Analytics est bas\u00e9 sur l&rsquo;article 6 par. 1 lit. f RGPD. L&rsquo;exploitant du site Web a un int\u00e9r\u00eat l\u00e9gitime \u00e0 analyser le comportement des utilisateurs afin d&rsquo;optimiser \u00e0 la fois son site Web et sa publicit\u00e9.<\/p>\n<p><strong>Anonymisation IP<\/strong><br \/>\nNous avons activ\u00e9 la fonction d&rsquo;anonymisation IP sur ce site Web. Cela signifie que votre adresse IP sera raccourcie par Google dans les \u00c9tats membres de l&rsquo;Union europ\u00e9enne ou dans d&rsquo;autres \u00c9tats contractants de l&rsquo;Accord sur l&rsquo;Espace \u00e9conomique europ\u00e9en avant d&rsquo;\u00eatre transmise aux \u00c9tats-Unis. L&rsquo;adresse IP compl\u00e8te ne sera envoy\u00e9e \u00e0 un serveur de Google aux \u00c9tats-Unis et y sera raccourcie que dans des cas exceptionnels. Au nom de l&rsquo;exploitant de ce site Web, Google utilisera ces informations pour \u00e9valuer votre utilisation du site Web, pour compiler des rapports sur l&rsquo;activit\u00e9 du site Web et pour fournir \u00e0 l&rsquo;exploitant du site Web d&rsquo;autres services li\u00e9s \u00e0 l&rsquo;activit\u00e9 du site Web et \u00e0 l&rsquo;utilisation d&rsquo;Internet. L&rsquo;adresse IP transmise par votre navigateur dans le cadre de Google Analytics ne sera pas fusionn\u00e9e avec d&rsquo;autres donn\u00e9es de Google.<\/p>\n<p><strong>Plugin de navigateur<\/strong><br \/>\nVous pouvez emp\u00eacher le stockage de cookies en param\u00e9trant votre logiciel de navigation en cons\u00e9quence ; Cependant, nous attirons votre attention sur le fait que dans ce cas, vous ne pourrez peut-\u00eatre pas utiliser toutes les fonctions de ce site Web dans leur int\u00e9gralit\u00e9. Vous pouvez \u00e9galement emp\u00eacher Google de collecter les donn\u00e9es g\u00e9n\u00e9r\u00e9es par le cookie et relatives \u00e0 votre utilisation du site (y compris votre adresse IP) et de traiter ces donn\u00e9es par Google en t\u00e9l\u00e9chargeant le plug-in de navigateur disponible sous le lien suivant et en l&rsquo;installant :<a href=\"https:\/\/tools.google.com\/dlpage\/gaoptout?hl=de\"> https:\/\/tools.google.com\/dlpage\/gaoptout?hl=de<\/a> .<\/p>\n<p><strong>Objection contre la collecte de donn\u00e9es<\/strong><br \/>\nVous pouvez emp\u00eacher Google Analytics de collecter vos donn\u00e9es en cliquant sur le lien suivant. Un cookie opt-out sera mis en place qui emp\u00eachera la collecte de vos donn\u00e9es lors de futures visites sur ce site Web : D\u00e9sactiver Google Analytics.<\/p>\n<p>Vous pouvez trouver plus d&rsquo;informations sur la fa\u00e7on dont Google Analytics traite les donn\u00e9es des utilisateurs dans la politique de confidentialit\u00e9 de Google&nbsp;:<a href=\"https:\/\/support.google.com\/analytics\/answer\/6004245?hl=de\"> https:\/\/support.google.com\/analytics\/answer\/6004245?hl=de<\/a> .<\/p>\n<p><strong>Partager du contenu via un plugin (Facebook, Google + 1, Twitter &amp; Co.)<\/strong><\/p>\n<p>Ce site Web contient des plugins \u00ab\u00a0Addthis\u00a0\u00bb qui vous permettent de mettre en signet ou de partager \/ partager (diffuser) du contenu de site Web int\u00e9ressant sur Facebook, Twitter, Instagram, etc. Lors de l&rsquo;utilisation de \u00ab\u00a0Addthis\u00a0\u00bb, des cookies sont utilis\u00e9s. Les donn\u00e9es g\u00e9n\u00e9r\u00e9es au cours du processus (telles que l&rsquo;heure d&rsquo;utilisation ou la langue du navigateur) sont envoy\u00e9es au<strong> Ajouter cette LLC<\/strong> transmis aux \u00c9tats-Unis et trait\u00e9 l\u00e0-bas. Pour plus d&rsquo;informations sur le traitement des donn\u00e9es par Add This LLC et la protection des donn\u00e9es maintenue par Add This LLC, voir<a href=\"https:\/\/www.addthis.com\/privacy\"> https:\/\/www.addthis.com\/privacy<\/a> . En particulier, ce site Web contient des informations sur le type de donn\u00e9es trait\u00e9es et leur utilisation pr\u00e9vue. Nous ne traitons pas les donn\u00e9es concern\u00e9es. En utilisant le champ \u00ab\u00a0Addthis\u00a0\u00bb, vous acceptez le traitement des donn\u00e9es par Add This LLC, notamment dans celui du site<a href=\"https:\/\/www.addthis.com\"> https:\/\/www.addthis.com<\/a> port\u00e9e apparente. Vous pouvez utiliser vos donn\u00e9es \u00e0 tout moment en utilisant un \u00ab\u00a0<a href=\"http:\/\/www.addthis.com\/privacy\/opt-out\"> D\u00e9sabonnement<\/a> \u00a0\u00bb contredire<\/p>\n<h2><span class=\"ez-toc-section\" id=\"4_Bulletin\"><\/span>4. Bulletin<span class=\"ez-toc-section-end\"><\/span><\/h2>\n<p><strong>Donn\u00e9es du bulletin<\/strong><\/p>\n<p>Si vous souhaitez recevoir la newsletter propos\u00e9e sur le site, nous avons besoin d&rsquo;une adresse e-mail de votre part ainsi que des informations nous permettant de v\u00e9rifier que vous \u00eates bien le propri\u00e9taire de l&rsquo;adresse e-mail fournie et que vous acceptez de recevoir les bulletin d&rsquo;information. D&rsquo;autres donn\u00e9es ne sont pas collect\u00e9es ou ne sont collect\u00e9es que sur une base volontaire. Nous utilisons ces donn\u00e9es exclusivement pour l&rsquo;envoi des informations demand\u00e9es et ne les transmettons pas \u00e0 des tiers.<\/p>\n<p>Le traitement des donn\u00e9es saisies dans le formulaire d&rsquo;inscription \u00e0 la newsletter a lieu exclusivement sur la base de votre consentement (art. 6 al. 1 lit. a RGPD). Vous pouvez \u00e0 tout moment r\u00e9voquer votre consentement au stockage des donn\u00e9es, de l&rsquo;adresse e-mail et de leur utilisation pour l&rsquo;envoi de la newsletter, par exemple via le lien \u00ab Se d\u00e9sinscrire de la newsletter \u00bb dans la newsletter. La l\u00e9galit\u00e9 des traitements de donn\u00e9es d\u00e9j\u00e0 effectu\u00e9s n&rsquo;est pas affect\u00e9e par la r\u00e9vocation.<\/p>\n<p>Les donn\u00e9es que vous avez stock\u00e9es chez nous dans le but de vous abonner \u00e0 la newsletter seront stock\u00e9es par nous jusqu&rsquo;\u00e0 ce que vous vous d\u00e9sinscriviez de la newsletter et seront supprim\u00e9es apr\u00e8s votre d\u00e9sinscription de la newsletter. Cela n&rsquo;affecte pas les donn\u00e9es que nous avons stock\u00e9es \u00e0 d&rsquo;autres fins (par exemple, les adresses e-mail pour la zone de commentaire).<\/p>\n<p><strong>MailPoet<\/strong><\/p>\n<p>Ce site Web utilise<a href=\"https:\/\/www.mailpoet.com\/\"> MailPoet<\/a> pour l&rsquo;envoi de newsletters. Le prestataire est Wysija SARL, 6 rue Dieud\u00e9, 13006, Marseille (France)<\/p>\n<p>MailPoet est un service avec lequel, entre autres, l&rsquo;envoi de newsletters peut \u00eatre organis\u00e9 et analys\u00e9. Les donn\u00e9es que vous saisirez dans le cadre de votre inscription \u00e0 la newsletter seront stock\u00e9es sur les serveurs de MailPoet en France.<\/p>\n<p>\u00c0 des fins d&rsquo;analyse, les e-mails envoy\u00e9s avec MailPoet contiennent un \u00ab pixel de suivi \u00bb qui se connecte aux serveurs MailPoet lorsque l&rsquo;e-mail est ouvert. De cette fa\u00e7on, il peut \u00eatre d\u00e9termin\u00e9 si un message de newsletter a \u00e9t\u00e9 ouvert.<\/p>\n<p>Si vous ne souhaitez pas d&rsquo;analyse par MailPoet, vous devez vous d\u00e9sinscrire de la newsletter. \u00c0 cette fin, nous fournissons un lien correspondant \u00ab\u00a0Se d\u00e9sinscrire de la newsletter\u00a0\u00bb dans chaque message de newsletter.<\/p>\n<h2><span class=\"ez-toc-section\" id=\"5_Plugins_et_outils\"><\/span>5. Plugins et outils<span class=\"ez-toc-section-end\"><\/span><\/h2>\n<p><strong>Youtube<\/strong><\/p>\n<p>Notre site Web int\u00e8gre des vid\u00e9os du site YouTube exploit\u00e9 par Google. L&rsquo;exploitant du site Web est YouTube, LLC, 901 Cherry Ave., San Bruno, CA 94066, \u00c9tats-Unis.<\/p>\n<p>Si vous visitez l&rsquo;une de nos pages avec une vid\u00e9o YouTube, une connexion aux serveurs YouTube sera \u00e9tablie. Le serveur YouTube est inform\u00e9 des pages que vous avez visit\u00e9es.<\/p>\n<p>Si vous \u00eates connect\u00e9 \u00e0 votre compte YouTube, vous autorisez YouTube \u00e0 attribuer votre comportement de navigation directement \u00e0 votre profil personnel. Vous pouvez emp\u00eacher cela en vous d\u00e9connectant de votre compte YouTube.<\/p>\n<p>YouTube est utilis\u00e9 dans l&rsquo;int\u00e9r\u00eat d&rsquo;une pr\u00e9sentation attrayante de nos offres en ligne. Cela repr\u00e9sente un int\u00e9r\u00eat l\u00e9gitime au sens de l&rsquo;article 6 al. 1 lit. f RGPD.<\/p>\n<p>Vous trouverez de plus amples informations sur le traitement des donn\u00e9es des utilisateurs dans la d\u00e9claration de protection des donn\u00e9es de YouTube \u00e0 l&rsquo;adresse&nbsp;:<a href=\"https:\/\/www.google.de\/intl\/de\/policies\/privacy\"> https:\/\/www.google.de\/intl\/de\/policies\/privacy<\/a> . Il y a une option de d\u00e9sinscription ici :<a href=\"https:\/\/adssettings.google.com\/authenticated\"> https:\/\/adssettings.google.com\/authentiated<\/a> .<\/p>\n<p><strong>Gutekunst Formfedern GmbH<br \/>\n<\/strong> D\u00e9l\u00e9gu\u00e9 \u00e0 la protection des donn\u00e9es<br \/>\nSiemensstrasse 11<br \/>\nDE-72285 Pfalzgrafenweiler<br \/>\nAllemagne<\/p>\n<p><strong>t\u00e9l\u00e9phoner<\/strong> (0049) 7445 8516-0<br \/>\n<strong>fax<\/strong> (0049) 7445 8516-12<br \/>\n<strong>e-mail<\/strong><a href=\"mailto:info@gutekunst-formfedern.de\"> info@gutekunst-formfedern.de<\/a><\/p>\n<p>&nbsp;<\/p>","protected":false},"excerpt":{"rendered":"<p>informations g\u00e9n\u00e9rales Les informations suivantes donnent un simple aper\u00e7u de ce qu&rsquo;il advient de vos donn\u00e9es personnelles lorsque vous visitez notre site Web. Les donn\u00e9es personnelles sont toutes les donn\u00e9es avec lesquelles vous pouvez \u00eatre personnellement identifi\u00e9. Vous trouverez des<\/p>\n","protected":false},"author":5,"featured_media":0,"parent":0,"menu_order":0,"comment_status":"closed","ping_status":"closed","template":"","meta":{"footnotes":""},"page_tag":[],"class_list":["post-7697","page","type-page","status-publish","hentry"],"_links":{"self":[{"href":"https:\/\/info.formfedern.com\/fr\/wp-json\/wp\/v2\/pages\/7697","targetHints":{"allow":["GET"]}}],"collection":[{"href":"https:\/\/info.formfedern.com\/fr\/wp-json\/wp\/v2\/pages"}],"about":[{"href":"https:\/\/info.formfedern.com\/fr\/wp-json\/wp\/v2\/types\/page"}],"author":[{"embeddable":true,"href":"https:\/\/info.formfedern.com\/fr\/wp-json\/wp\/v2\/users\/5"}],"replies":[{"embeddable":true,"href":"https:\/\/info.formfedern.com\/fr\/wp-json\/wp\/v2\/comments?post=7697"}],"version-history":[{"count":0,"href":"https:\/\/info.formfedern.com\/fr\/wp-json\/wp\/v2\/pages\/7697\/revisions"}],"wp:attachment":[{"href":"https:\/\/info.formfedern.com\/fr\/wp-json\/wp\/v2\/media?parent=7697"}],"wp:term":[{"taxonomy":"page_tag","embeddable":true,"href":"https:\/\/info.formfedern.com\/fr\/wp-json\/wp\/v2\/page_tag?post=7697"}],"curies":[{"name":"wp","href":"https:\/\/api.w.org\/{rel}","templated":true}]}}