{"id":6653,"date":"2021-05-19T15:02:12","date_gmt":"2021-05-19T13:02:12","guid":{"rendered":"https:\/\/info.formfedern.com\/bienvenue-chez-gutekunst-formfedern-gmbh\/"},"modified":"2021-05-19T15:13:09","modified_gmt":"2021-05-19T13:13:09","slug":"bienvenue-chez-gutekunst-formfedern-gmbh","status":"publish","type":"page","link":"https:\/\/info.formfedern.com\/fr\/bienvenue-chez-gutekunst-formfedern-gmbh\/","title":{"rendered":"Bienvenue chez Gutekunst Formfedern GmbH"},"content":{"rendered":"<h3 style=\"text-align: left;\">La maison de la derni\u00e8re technologie de printemps<\/h3>\n<p>&nbsp;<\/p>\n<p><a href=\"https:\/\/info.formfedern.com\/wp-content\/uploads\/Produktuebersicht.jpg\"><img loading=\"lazy\" decoding=\"async\" class=\"alignnone wp-image-6655 size-full\" src=\"https:\/\/info.formfedern.com\/wp-content\/uploads\/Produktuebersicht.jpg\" alt=\"Ressorts de forme individuelle, ressorts plats, ressorts \u00e0 lames, pi\u00e8ces estamp\u00e9es, pi\u00e8ces estamp\u00e9es et pli\u00e9es, pi\u00e8ces laser, pinces \u00e0 ressort, ressorts rectangulaires et pi\u00e8ces en fil pli\u00e9 dans une vari\u00e9t\u00e9 illimit\u00e9e de formes de ressorts moul\u00e9s Gutekunst\" width=\"1199\" height=\"190\" data-wp-pid=\"579\" srcset=\"https:\/\/info.formfedern.com\/wp-content\/uploads\/Produktuebersicht.jpg 1199w, https:\/\/info.formfedern.com\/wp-content\/uploads\/Produktuebersicht-300x48.jpg 300w, https:\/\/info.formfedern.com\/wp-content\/uploads\/Produktuebersicht-1024x162.jpg 1024w, https:\/\/info.formfedern.com\/wp-content\/uploads\/Produktuebersicht-200x32.jpg 200w, https:\/\/info.formfedern.com\/wp-content\/uploads\/Produktuebersicht-600x95.jpg 600w, https:\/\/info.formfedern.com\/wp-content\/uploads\/Produktuebersicht-800x127.jpg 800w\" sizes=\"auto, (max-width: 1199px) 100vw, 1199px\" \/><\/a><\/p>\n<p>Gutekunst Formfedern GmbH se sp\u00e9cialise dans la production de ressorts de forme individuelle, de ressorts plats, de ressorts \u00e0 lames, de pi\u00e8ces embouties, de pi\u00e8ces embouties et pli\u00e9es, de pi\u00e8ces laser, de pinces \u00e0 ressort, de ressorts rectangulaires et de pi\u00e8ces en fil pli\u00e9 dans une vari\u00e9t\u00e9 illimit\u00e9e de formes. Qu&rsquo;il s&rsquo;agisse de formes complexes ou de propri\u00e9t\u00e9s polyvalentes, en plus de la meilleure qualit\u00e9, l&rsquo;entreprise de Pfalzgrafenweiler, fond\u00e9e en 1990, est synonyme de solutions innovantes et de services complets d\u00e8s le d\u00e9part.<\/p>\n<p>Certifi\u00e9 selon ISO 9001: 2008, 14001, 18001 et 45001, Gutekunst Formfedern GmbH offre une pr\u00e9cision et une r\u00e9p\u00e9tabilit\u00e9 de pi\u00e8ces extr\u00eamement \u00e9lev\u00e9es avec son vaste parc de machines modernes de lasers contr\u00f4l\u00e9s par CAD \/ CAM, de machines de poin\u00e7onnage, de pliage, de pliage et de coupe par fil. Et assure un flux de commande rapide et optimal pour les prototypes, les petites quantit\u00e9s et les grandes s\u00e9ries via l&rsquo;atelier d&rsquo;outillage interne, le contr\u00f4le des commandes et de la production bas\u00e9 sur la CAO, ainsi que le principe \u00abtout-en-un\u00bb avec gestion personnalis\u00e9e des commandes .<\/p>\n<hr \/>\n<p>Les possibilit\u00e9s d&rsquo;application et de conception pour les ressorts profil\u00e9s, les ressorts plats, les ressorts \u00e0 lames, les pi\u00e8ces embouties, les pi\u00e8ces pli\u00e9es embouties, les pi\u00e8ces laser, les pinces \u00e0 ressort et les pi\u00e8ces en fil pli\u00e9 sont aussi vari\u00e9es et complexes que leur production. Afin de pouvoir vous accompagner dans la s\u00e9lection et la conception, nous avons \u00e0 c\u00f4t\u00e9 de notre site<a href=\"http:\/\/www.formfedern.com\" target=\"_blank\" rel=\"noopener noreferrer\"> www.formfedern.com<\/a> , et notre service de conception \u00e0<a href=\"mailto:info@gutekunst-formfedern.de\"> info@gutekunst-formfedern.de<\/a> , a lanc\u00e9 cette plateforme d&rsquo;information avec des sujets toujours int\u00e9ressants, actuels et ax\u00e9s sur les solutions concernant notre gamme de produits.<\/p>\n<p>Nous aimerions \u00e9galement r\u00e9pondre \u00e0 vos questions sp\u00e9cifiques sur ce sujet. Veuillez nous envoyer votre question simplement et sans engagement \u00e0&gt;<a href=\"mailto:info@formfedern.news2b.de\"> info@formfedern.news2b.de<\/a> .<\/p>\n<p><strong>Gutekunst Formfedern GmbH<br \/>\n<\/strong> Siemensstrasse 11<br \/>\n72285 Pfalzgrafenweiler<br \/>\nT\u00e9l\u00e9phone +49 74 45-85 16-0<br \/>\nT\u00e9l\u00e9copie +49 74 45-85 16-33<br \/>\n<a class=\"email\" href=\"mailto:info@gutekunst-formfedern.de\">info@gutekunst-formfedern.de<\/a><\/p>","protected":false},"excerpt":{"rendered":"<p>La maison de la derni\u00e8re technologie de printemps &nbsp; Gutekunst Formfedern GmbH se sp\u00e9cialise dans la production de ressorts de forme individuelle, de ressorts plats, de ressorts \u00e0 lames, de pi\u00e8ces embouties, de pi\u00e8ces embouties et pli\u00e9es, de pi\u00e8ces laser,<\/p>\n","protected":false},"author":6,"featured_media":0,"parent":0,"menu_order":0,"comment_status":"closed","ping_status":"closed","template":"","meta":{"footnotes":""},"page_tag":[],"class_list":["post-6653","page","type-page","status-publish","hentry"],"_links":{"self":[{"href":"https:\/\/info.formfedern.com\/fr\/wp-json\/wp\/v2\/pages\/6653","targetHints":{"allow":["GET"]}}],"collection":[{"href":"https:\/\/info.formfedern.com\/fr\/wp-json\/wp\/v2\/pages"}],"about":[{"href":"https:\/\/info.formfedern.com\/fr\/wp-json\/wp\/v2\/types\/page"}],"author":[{"embeddable":true,"href":"https:\/\/info.formfedern.com\/fr\/wp-json\/wp\/v2\/users\/6"}],"replies":[{"embeddable":true,"href":"https:\/\/info.formfedern.com\/fr\/wp-json\/wp\/v2\/comments?post=6653"}],"version-history":[{"count":3,"href":"https:\/\/info.formfedern.com\/fr\/wp-json\/wp\/v2\/pages\/6653\/revisions"}],"predecessor-version":[{"id":6728,"href":"https:\/\/info.formfedern.com\/fr\/wp-json\/wp\/v2\/pages\/6653\/revisions\/6728"}],"wp:attachment":[{"href":"https:\/\/info.formfedern.com\/fr\/wp-json\/wp\/v2\/media?parent=6653"}],"wp:term":[{"taxonomy":"page_tag","embeddable":true,"href":"https:\/\/info.formfedern.com\/fr\/wp-json\/wp\/v2\/page_tag?post=6653"}],"curies":[{"name":"wp","href":"https:\/\/api.w.org\/{rel}","templated":true}]}}