{"id":7693,"date":"2021-07-28T16:13:41","date_gmt":"2021-07-28T14:13:41","guid":{"rendered":"https:\/\/info.formfedern.com\/gama-de-productos-gutekunst-formfedern\/"},"modified":"2021-07-28T16:13:41","modified_gmt":"2021-07-28T14:13:41","slug":"gama-de-productos-gutekunst-formfedern","status":"publish","type":"page","link":"https:\/\/info.formfedern.com\/es\/gama-de-productos-gutekunst-formfedern\/","title":{"rendered":"Gama de productos Gutekunst Formfedern"},"content":{"rendered":"<p style=\"text-align: left;\">Gutekunst Formfedern representa una extraordinaria variedad de muelles, una gran cantidad de ideas y el m\u00e1s alto nivel de precisi\u00f3n en tecnolog\u00eda de muelles. Hemos estado desarrollando y fabricando todos los deseados desde 1991<a href=\"https:\/\/info.formfedern.com\/es\/resortes-de-forma-individual-y-resortes-planos\/\" target=\"_blank\" rel=\"noopener noreferrer\"> Muelle en forma<\/a> ,<a href=\"https:\/\/info.formfedern.com\/es\/resortes-planos\/\" target=\"_blank\" rel=\"noopener noreferrer\"> Resorte plano<\/a> ,<a href=\"https:\/\/info.formfedern.com\/es\/descripcion-general-de-ballestas\/\" target=\"_blank\" rel=\"noopener noreferrer\"> Ballesta<\/a> como<a href=\"https:\/\/info.formfedern.com\/es\/propiedades-de-las-piezas-dobladas-estampadas\/\" target=\"_blank\" rel=\"noopener noreferrer\"> Piezas estampadas y dobladas<\/a> y<a href=\"https:\/\/info.formfedern.com\/es\/piezas-laser-en-produccion-express\/\" target=\"_blank\" rel=\"noopener noreferrer\"> Partes laser<\/a> de todos<a href=\"https:\/\/info.formfedern.com\/es\/propiedades-de-las-laminas-de-acero-para-muelles\/\" target=\"_blank\" rel=\"noopener noreferrer\"> Aceros planos y flejados<\/a> en peque\u00f1as cantidades y grandes series. Ya sean formas complejas, propiedades de usos m\u00faltiples o simplemente para la correcta<a href=\"https:\/\/info.formfedern.com\/es\/resumen-de-tipos-de-resortes\/\" target=\"_blank\" rel=\"noopener noreferrer\"> Resorte de metal<\/a> hecho de material plano: cu\u00e9ntenos sus requisitos y sum\u00e9rjase en el mundo de<a href=\"https:\/\/info.formfedern.com\/es\/bienvenido-a-gutekunst-formfedern-gmbh\/\" target=\"_blank\" rel=\"noopener noreferrer\"> Muelles de forma Gutekunst<\/a> .<\/p>\n<p><img loading=\"lazy\" decoding=\"async\" class=\"aligncenter wp-image-6525 size-full\" src=\"https:\/\/info.formfedern.com\/wp-content\/uploads\/Formfedern_Uebersicht_900.jpg\" alt=\"Formfedern, Blattfedern, Flachfedern, Kontaktfedern und Laserteile - Gutekunst Formfedern\" width=\"900\" height=\"626\" data-wp-pid=\"4057\" srcset=\"https:\/\/info.formfedern.com\/wp-content\/uploads\/Formfedern_Uebersicht_900.jpg 900w, https:\/\/info.formfedern.com\/wp-content\/uploads\/Formfedern_Uebersicht_900-300x209.jpg 300w, https:\/\/info.formfedern.com\/wp-content\/uploads\/Formfedern_Uebersicht_900-768x534.jpg 768w, https:\/\/info.formfedern.com\/wp-content\/uploads\/Formfedern_Uebersicht_900-600x417.jpg 600w, https:\/\/info.formfedern.com\/wp-content\/uploads\/Formfedern_Uebersicht_900-150x104.jpg 150w, https:\/\/info.formfedern.com\/wp-content\/uploads\/Formfedern_Uebersicht_900-288x200.jpg 288w, https:\/\/info.formfedern.com\/wp-content\/uploads\/Formfedern_Uebersicht_900-800x556.jpg 800w, https:\/\/info.formfedern.com\/wp-content\/uploads\/Formfedern_Uebersicht_900-200x139.jpg 200w\" sizes=\"auto, (max-width: 900px) 100vw, 900px\" \/><\/p>\n<div id=\"ez-toc-container\" class=\"ez-toc-v2_0_82_2 counter-hierarchy ez-toc-counter ez-toc-grey ez-toc-container-direction\">\n<div class=\"ez-toc-title-container\">\n<p class=\"ez-toc-title\" style=\"cursor:inherit\">Table of Contents<\/p>\n<span class=\"ez-toc-title-toggle\"><\/span><\/div>\n<nav><ul class='ez-toc-list ez-toc-list-level-1 ' ><li class='ez-toc-page-1 ez-toc-heading-level-2'><a class=\"ez-toc-link ez-toc-heading-1\" href=\"https:\/\/info.formfedern.com\/es\/gama-de-productos-gutekunst-formfedern\/#Proceso_de_manufactura\" >Proceso de manufactura<\/a><\/li><li class='ez-toc-page-1 ez-toc-heading-level-2'><a class=\"ez-toc-link ez-toc-heading-2\" href=\"https:\/\/info.formfedern.com\/es\/gama-de-productos-gutekunst-formfedern\/#Dimensiones_de_fabricacion\" >Dimensiones de fabricaci\u00f3n<\/a><\/li><li class='ez-toc-page-1 ez-toc-heading-level-2'><a class=\"ez-toc-link ez-toc-heading-3\" href=\"https:\/\/info.formfedern.com\/es\/gama-de-productos-gutekunst-formfedern\/#plazo_de_entrega_corto\" >plazo de entrega corto<\/a><\/li><li class='ez-toc-page-1 ez-toc-heading-level-2'><a class=\"ez-toc-link ez-toc-heading-4\" href=\"https:\/\/info.formfedern.com\/es\/gama-de-productos-gutekunst-formfedern\/#Desarrollo_construccion_y_transferencia_de_datos_CAD\" >Desarrollo, construcci\u00f3n y transferencia de datos CAD<\/a><\/li><li class='ez-toc-page-1 ez-toc-heading-level-2'><a class=\"ez-toc-link ez-toc-heading-5\" href=\"https:\/\/info.formfedern.com\/es\/gama-de-productos-gutekunst-formfedern\/#Tratamientos_superficiales\" >Tratamientos superficiales<\/a><\/li><li class='ez-toc-page-1 ez-toc-heading-level-2'><a class=\"ez-toc-link ez-toc-heading-6\" href=\"https:\/\/info.formfedern.com\/es\/gama-de-productos-gutekunst-formfedern\/#Trabajos_posteriores_y_montajes\" >Trabajos posteriores y montajes<\/a><\/li><li class='ez-toc-page-1 ez-toc-heading-level-2'><a class=\"ez-toc-link ez-toc-heading-7\" href=\"https:\/\/info.formfedern.com\/es\/gama-de-productos-gutekunst-formfedern\/#Oferta_especial_de_producto\" >Oferta especial de producto<\/a><\/li><li class='ez-toc-page-1 ez-toc-heading-level-2'><a class=\"ez-toc-link ez-toc-heading-8\" href=\"https:\/\/info.formfedern.com\/es\/gama-de-productos-gutekunst-formfedern\/#Oferta_sin_compromiso_de_Gutekunst_Formfedern\" >Oferta sin compromiso de Gutekunst Formfedern<\/a><\/li><\/ul><\/nav><\/div>\n<h2><span class=\"ez-toc-section\" id=\"Proceso_de_manufactura\"><\/span>Proceso de manufactura<span class=\"ez-toc-section-end\"><\/span><\/h2>\n<p>Dependiendo de las propiedades, requisitos y cantidad<a href=\"https:\/\/info.formfedern.com\/es\/las-tecnicas-de-fabricacion-forman-resortes-resortes-planos-y-resortes-de-laminas\/\" target=\"_blank\" rel=\"noopener noreferrer\"> fabricar<\/a> utilizamos nuestros resortes de forma, resortes planos, resortes de hojas, as\u00ed como piezas estampadas y dobladas y piezas l\u00e1ser en modernas<a href=\"https:\/\/info.formfedern.com\/?p=8418&#038;preview=true&#038;preview_id=8418&#038;preview=true&#038;preview_id=8418\"> M\u00e1quinas de estampado y doblado<\/a> o en<a href=\"https:\/\/info.formfedern.com\/laserschneiden-metall\/\"> Corte por l\u00e1ser<\/a> , Procesos de corte y grabado por chorro de agua con los siguientes<a href=\"https:\/\/info.formfedern.com\/biegeverfahren-metallumformung\/\" target=\"_blank\" rel=\"noopener noreferrer\"> Tecnolog\u00eda de formaci\u00f3n<\/a> a trav\u00e9s de plegadoras TruBend y herramientas de forma libre. Conseguimos una precisi\u00f3n de pieza muy alta y una repetibilidad de hasta +\/- 0,05 mm. Estaremos encantados de proporcionarle un registro de proceso completo si lo solicita.<\/p>\n<h2><span class=\"ez-toc-section\" id=\"Dimensiones_de_fabricacion\"><\/span>Dimensiones de fabricaci\u00f3n<span class=\"ez-toc-section-end\"><\/span><\/h2>\n<p><u>Espesores de material:<\/u> 0,1 hasta 3,0 mm<br \/>\n<u>Anchos de banda:<\/u> 1,0 mm &#8211; 150 mm<br \/>\n<u>Tama\u00f1os de placa:<\/u> 1500 x 2500 mm<\/p>\n<h2><span class=\"ez-toc-section\" id=\"plazo_de_entrega_corto\"><\/span>plazo de entrega corto<span class=\"ez-toc-section-end\"><\/span><\/h2>\n<p>Con nuestro propio taller de herramientas para punzonar, doblar y estampar y nuestro extenso almac\u00e9n de material, permitimos tiempos de preparaci\u00f3n, producci\u00f3n y entrega lo m\u00e1s cortos posibles para prototipos, peque\u00f1as cantidades y grandes series. Adem\u00e1s de<a href=\"https:\/\/info.formfedern.com\/es\/propiedades-de-las-laminas-de-acero-para-muelles\/\" target=\"_blank\" rel=\"noopener noreferrer\"> Grados de acero para muelles<\/a> C75, C85, C100, MK101, las l\u00e1minas de acero inoxidable 1.4310, 1.4301, 1.4571, 1.4568 y metales no ferrosos<a href=\"https:\/\/info.formfedern.com\/es\/propiedades-de-cobre-berilio-cube\/\" target=\"_blank\" rel=\"noopener noreferrer\"> CuBe2<\/a> , CuSn6, CW612N, CW508L, tambi\u00e9n almacenamos aluminio ALMG3, AI99, chapas el\u00e9ctricas seg\u00fan EN 10106 M530-50A, as\u00ed como diversos materiales de alta temperatura como Duratherm e Inconel en varias dimensiones.<\/p>\n<h2><span class=\"ez-toc-section\" id=\"Desarrollo_construccion_y_transferencia_de_datos_CAD\"><\/span>Desarrollo, construcci\u00f3n y transferencia de datos CAD<span class=\"ez-toc-section-end\"><\/span><\/h2>\n<p>Ya sean formas complejas, propiedades de usos m\u00faltiples o el resorte de metal adecuado, nuestro departamento de tecnolog\u00eda y desarrollo lo apoyar\u00e1 desde el principio.<a href=\"https:\/\/info.formfedern.com\/es\/propiedades-de-los-resortes-tecnicos\/\" target=\"_blank\" rel=\"noopener noreferrer\"> dise\u00f1o \u00f3ptimo<\/a> el resorte de la forma deseada, el resorte plano y el resorte plano. Adem\u00e1s de la transferencia directa de datos CAD en formato 2D y 3D, tambi\u00e9n nos encargamos completamente del dise\u00f1o y desarrollo en base a una muestra, dibujo, perfil de requisitos o situaci\u00f3n de instalaci\u00f3n. Adem\u00e1s de una variedad de m\u00e9todos de c\u00e1lculo, contamos con 30 a\u00f1os de experiencia en la fabricaci\u00f3n de resortes y piezas moldeadas a partir de material plano.<\/p>\n<h2><span class=\"ez-toc-section\" id=\"Tratamientos_superficiales\"><\/span>Tratamientos superficiales<span class=\"ez-toc-section-end\"><\/span><\/h2>\n<p>Para protecci\u00f3n, para \u00f3ptica o para proporcionar funciones adicionales. Tambi\u00e9n le ofrecemos el adecuado para cada aplicaci\u00f3n deseada.<a href=\"https:\/\/info.formfedern.com\/es\/refinamiento-de-superficies-y-revestimiento-de-superficies-de-resortes-metalicos\/\" target=\"_blank\" rel=\"noopener noreferrer\"> Tratamiento de superficies<\/a> . Tales como galvanizado, cromado, niquelado, pasivado de pel\u00edcula gruesa, cromado, dorado, cobre, plateado, electropulido, vidrio y granallado, bru\u00f1ido, fosfatado, pasivado, recubrimiento pl\u00e1stico, recubrimiento en polvo, nitruraci\u00f3n, Delta-Tone 9000 y Delta-Seal, acabado vibratorio (acabado de barril), desbarbado qu\u00edmico, endurecimiento por inducci\u00f3n, tratamientos t\u00e9rmicos de bainita.<\/p>\n<h2><span class=\"ez-toc-section\" id=\"Trabajos_posteriores_y_montajes\"><\/span>Trabajos posteriores y montajes<span class=\"ez-toc-section-end\"><\/span><\/h2>\n<p>Estamos encantados de realizar trabajos adicionales bajo pedido, como estampado, soldadura, soldadura, uni\u00f3n, remachado, mordisco, prensado, esmerilado, corte de roscas, montaje, atornillado, embalaje y montaje directo en los conjuntos proporcionados.<\/p>\n<h2><span class=\"ez-toc-section\" id=\"Oferta_especial_de_producto\"><\/span>Oferta especial de producto<span class=\"ez-toc-section-end\"><\/span><\/h2>\n<p>Adem\u00e1s de nuestra gama de productos en todas partes<a href=\"https:\/\/info.formfedern.com\/es\/forma-resortes-ballestas-y-resortes-planos\/\" target=\"_blank\" rel=\"noopener noreferrer\"> Muelles de forma<\/a> ,<a href=\"https:\/\/info.formfedern.com\/es\/resortes-planos\/\" target=\"_blank\" rel=\"noopener noreferrer\"> Resortes planos<\/a> ,<a href=\"https:\/\/info.formfedern.com\/es\/descripcion-general-de-ballestas\/\" target=\"_blank\" rel=\"noopener noreferrer\"> Hojas primaverales<\/a> como<a href=\"https:\/\/info.formfedern.com\/es\/propiedades-de-las-piezas-dobladas-estampadas\/\" target=\"_blank\" rel=\"noopener noreferrer\"> Piezas estampadas y dobladas<\/a> y<a href=\"https:\/\/info.formfedern.com\/es\/piezas-laser-en-produccion-express\/\" target=\"_blank\" rel=\"noopener noreferrer\"> Partes laser<\/a> , eche un vistazo a nuestra gama de productos especiales<a href=\"https:\/\/info.formfedern.com\/es\/informacion-sobre-resortes-helicoidales\/\" target=\"_blank\" rel=\"noopener noreferrer\"> Espiral y resorte principal<\/a> ,<a href=\"https:\/\/info.formfedern.com\/es\/resortes-de-contacto-individual\/\" target=\"_blank\" rel=\"noopener noreferrer\"> Resortes de contacto<\/a> ,<a href=\"https:\/\/info.formfedern.com\/es\/compre-clips-de-resorte-y-clips-para-tubos\/\" target=\"_blank\" rel=\"noopener noreferrer\"> Clips de resorte<\/a> ,<a href=\"https:\/\/info.formfedern.com\/es\/clips-metalicos-a-medida\/\" target=\"_blank\" rel=\"noopener noreferrer\"> Clips de metal<\/a> ,<a href=\"https:\/\/info.formfedern.com\/es\/arandelas-de-seguridad-para-ejes-y-ejes\/\" target=\"_blank\" rel=\"noopener noreferrer\"> Arandelas de seguridad<\/a> ,<a href=\"https:\/\/info.formfedern.com\/es\/acero-de-banda-de-resorte-y-laminas-de-acero-de-resorte-de-stock\/\" target=\"_blank\" rel=\"noopener noreferrer\"> Acero de banda de resorte<\/a> y<a href=\"https:\/\/info.formfedern.com\/federscheiben-klemmscheiben\/\" target=\"_blank\" rel=\"noopener noreferrer\"> Arandelas de muelle<\/a> en.<\/p>\n<p><center><iframe loading=\"lazy\" src=\"https:\/\/www.youtube.com\/embed\/XrcSHOWxcT4\" width=\"560\" height=\"315\" frameborder=\"0\" allowfullscreen=\"allowfullscreen\"><span style=\"display: inline-block; width: 0px; overflow: hidden; line-height: 0;\" data-mce-type=\"bookmark\" class=\"mce_SELRES_start\">\ufeff<\/span><span style=\"display: inline-block; width: 0px; overflow: hidden; line-height: 0;\" data-mce-type=\"bookmark\" class=\"mce_SELRES_start\">\ufeff<\/span><\/iframe><\/center><\/p>\n<h2><span class=\"ez-toc-section\" id=\"Oferta_sin_compromiso_de_Gutekunst_Formfedern\"><\/span>Oferta sin compromiso de Gutekunst Formfedern<span class=\"ez-toc-section-end\"><\/span><\/h2>\n<p>Si est\u00e1 interesado, env\u00edenos lo siguiente<a href=\"https:\/\/info.formfedern.com\/es\/solicitud-de-muelles\/\" target=\"_blank\" rel=\"noopener noreferrer\"> Bot\u00f3n de solicitud<\/a> los datos del resorte t\u00e9cnico deseado, estampado y doblado o pieza l\u00e1ser con detalle del n\u00famero de piezas y los datos del dibujo \/ CAD. Le haremos una oferta sin compromiso a corto plazo como muestra, prototipo, en peque\u00f1as cantidades y grandes series.<\/p>\n<table>\n<tbody>\n<tr>\n<td width=\"302\">\n<p style=\"text-align: center;\"><span style=\"text-align: center;\"><a class=\"maxbutton-1 maxbutton maxbutton-formfedern\" target=\"_blank\" rel=\"noopener\" href=\"https:\/\/info.formfedern.com\/formfedern-anfrage\/\"><span class='mb-text'>Anfrage Formfedern &amp; Blattfedern<\/span><\/a><\/span><\/p>\n<\/td>\n<td width=\"302\">\n<p style=\"text-align: center;\"><span style=\"text-align: center;\"><a class=\"maxbutton-2 maxbutton maxbutton-kontaktfedern\" target=\"_blank\" rel=\"noopener\" href=\"https:\/\/info.formfedern.com\/kontaktfedern-anfrage\/\"><span class='mb-text'>Anfrage Kontaktfedern<\/span><\/a><\/span><\/p>\n<\/td>\n<\/tr>\n<tr>\n<td width=\"302\">\n<p style=\"text-align: center;\"><span style=\"text-align: center;\"><a class=\"maxbutton-3 maxbutton maxbutton-stanzbiegeteile\" target=\"_blank\" rel=\"noopener\" href=\"https:\/\/info.formfedern.com\/stanzbiegeteile-anfrageformular\/\"><span class='mb-text'>Anfrage Stanzbiegeteile &amp; Stanzteile<\/span><\/a><\/span><\/p>\n<\/td>\n<td width=\"302\">\n<p style=\"text-align: center;\"><span style=\"text-align: center;\"><a class=\"maxbutton-4 maxbutton maxbutton-laserteile\" target=\"_blank\" rel=\"noopener\" href=\"https:\/\/info.formfedern.com\/laserteile-anfrageformular\/\"><span class='mb-text'>Anfrage Laserteile<\/span><\/a><\/span><\/p>\n<\/td>\n<\/tr>\n<\/tbody>\n<\/table>\n<p>Tambi\u00e9n puede contactar a nuestros t\u00e9cnicos directamente en<a href=\"mailto:info@gutekunst-formfedern.de\"> info@gutekunst-formfedern.de<\/a> y tel\u00e9fono (+49) 07445 85160.<\/p>\n<p><strong>Gutekunst Formfedern GmbH<br \/>\n<\/strong> Siemensstrasse 11<br \/>\n72285 Pfalzgrafenweiler<br \/>\nTel\u00e9fono +49 74 45-85 16-0<br \/>\nFax +49 74 45-85 16-33<br \/>\n<a class=\"email\" href=\"mailto:info@gutekunst-formfedern.de\">info@gutekunst-formfedern.de<\/a><\/p>","protected":false},"excerpt":{"rendered":"<p>Gutekunst Formfedern representa una extraordinaria variedad de muelles, una gran cantidad de ideas y el m\u00e1s alto nivel de precisi\u00f3n en tecnolog\u00eda de muelles. Hemos estado desarrollando y fabricando todos los deseados desde 1991 Muelle en forma , Resorte plano<\/p>\n","protected":false},"author":6,"featured_media":0,"parent":0,"menu_order":0,"comment_status":"closed","ping_status":"closed","template":"","meta":{"footnotes":""},"page_tag":[],"class_list":["post-7693","page","type-page","status-publish","hentry"],"_links":{"self":[{"href":"https:\/\/info.formfedern.com\/es\/wp-json\/wp\/v2\/pages\/7693","targetHints":{"allow":["GET"]}}],"collection":[{"href":"https:\/\/info.formfedern.com\/es\/wp-json\/wp\/v2\/pages"}],"about":[{"href":"https:\/\/info.formfedern.com\/es\/wp-json\/wp\/v2\/types\/page"}],"author":[{"embeddable":true,"href":"https:\/\/info.formfedern.com\/es\/wp-json\/wp\/v2\/users\/6"}],"replies":[{"embeddable":true,"href":"https:\/\/info.formfedern.com\/es\/wp-json\/wp\/v2\/comments?post=7693"}],"version-history":[{"count":0,"href":"https:\/\/info.formfedern.com\/es\/wp-json\/wp\/v2\/pages\/7693\/revisions"}],"wp:attachment":[{"href":"https:\/\/info.formfedern.com\/es\/wp-json\/wp\/v2\/media?parent=7693"}],"wp:term":[{"taxonomy":"page_tag","embeddable":true,"href":"https:\/\/info.formfedern.com\/es\/wp-json\/wp\/v2\/page_tag?post=7693"}],"curies":[{"name":"wp","href":"https:\/\/api.w.org\/{rel}","templated":true}]}}