{"id":6714,"date":"2021-05-19T15:08:47","date_gmt":"2021-05-19T13:08:47","guid":{"rendered":"https:\/\/info.formfedern.com\/bienvenido-a-gutekunst-formfedern-gmbh\/"},"modified":"2021-05-19T15:17:15","modified_gmt":"2021-05-19T13:17:15","slug":"bienvenido-a-gutekunst-formfedern-gmbh","status":"publish","type":"page","link":"https:\/\/info.formfedern.com\/es\/bienvenido-a-gutekunst-formfedern-gmbh\/","title":{"rendered":"Bienvenido a Gutekunst Formfedern GmbH"},"content":{"rendered":"<h3 style=\"text-align: left;\">El hogar de la \u00faltima tecnolog\u00eda de primavera<\/h3>\n<p>&nbsp;<\/p>\n<p><a href=\"https:\/\/info.formfedern.com\/wp-content\/uploads\/Produktuebersicht.jpg\"><img loading=\"lazy\" decoding=\"async\" class=\"alignnone wp-image-6716 size-full\" src=\"https:\/\/info.formfedern.com\/wp-content\/uploads\/Produktuebersicht.jpg\" alt=\"Resortes de forma individual, resortes planos, resortes de l\u00e1minas, piezas estampadas, piezas estampadas y dobladas, piezas l\u00e1ser, clips de resorte, resortes rectangulares y piezas de alambre dobladas en una variedad ilimitada de formas de resortes moldeados Gutekunst\" width=\"1199\" height=\"190\" data-wp-pid=\"579\" srcset=\"https:\/\/info.formfedern.com\/wp-content\/uploads\/Produktuebersicht.jpg 1199w, https:\/\/info.formfedern.com\/wp-content\/uploads\/Produktuebersicht-300x48.jpg 300w, https:\/\/info.formfedern.com\/wp-content\/uploads\/Produktuebersicht-1024x162.jpg 1024w, https:\/\/info.formfedern.com\/wp-content\/uploads\/Produktuebersicht-200x32.jpg 200w, https:\/\/info.formfedern.com\/wp-content\/uploads\/Produktuebersicht-600x95.jpg 600w, https:\/\/info.formfedern.com\/wp-content\/uploads\/Produktuebersicht-800x127.jpg 800w\" sizes=\"auto, (max-width: 1199px) 100vw, 1199px\" \/><\/a><\/p>\n<p>Gutekunst Formfedern GmbH se especializa en la producci\u00f3n de resortes de forma individual, resortes planos, resortes de l\u00e1minas, piezas estampadas, piezas estampadas y dobladas, piezas l\u00e1ser, clips de resorte, resortes rectangulares y piezas de alambre dobladas en una variedad ilimitada de formas. Ya sean formas complejas o propiedades de usos m\u00faltiples, adem\u00e1s de la mejor calidad, la empresa de Pfalzgrafenweiler, fundada en 1990, representa soluciones innovadoras y un servicio integral desde el principio.<\/p>\n<p>Certificada seg\u00fan ISO 9001: 2008, 14001, 18001 y 45001, Gutekunst Formfedern GmbH ofrece una precisi\u00f3n y repetibilidad de piezas extremadamente alta con su extenso parque de m\u00e1quinas modernas de l\u00e1seres controlados por CAD \/ CAM, m\u00e1quinas de punzonado, doblado, doblado y corte de alambre. Y garantiza un flujo de pedidos r\u00e1pido y \u00f3ptimo para prototipos, peque\u00f1as cantidades y grandes series a trav\u00e9s del taller de herramientas interno, el control de producci\u00f3n y pedidos basado en CAD, as\u00ed como el principio \u00abtodo en uno\u00bb con gesti\u00f3n de pedidos personalizada .<\/p>\n<hr \/>\n<p>Las opciones de aplicaci\u00f3n y dise\u00f1o para resortes perfilados, resortes planos, resortes de l\u00e1minas, piezas estampadas, piezas dobladas estampadas, piezas l\u00e1ser, clips de resorte y piezas de alambre dobladas son tan variadas y complejas como su producci\u00f3n. Para poder apoyarte en la selecci\u00f3n y dise\u00f1o, tenemos al lado de nuestro sitio web<a href=\"http:\/\/www.formfedern.com\" target=\"_blank\" rel=\"noopener noreferrer\"> www.formfedern.com<\/a> y nuestro servicio de dise\u00f1o en<a href=\"mailto:info@gutekunst-formfedern.de\"> info@gutekunst-formfedern.de<\/a> , lanz\u00f3 esta plataforma de informaci\u00f3n con temas continuamente interesantes, actuales y orientados a soluciones relacionados con nuestra gama de productos.<\/p>\n<p>Tambi\u00e9n nos gustar\u00eda responder a sus preguntas espec\u00edficas sobre este tema. Env\u00edanos tu consulta de forma sencilla y sin compromiso&gt;<a href=\"mailto:info@formfedern.news2b.de\"> info@formfedern.news2b.de<\/a> .<\/p>\n<p><strong>Gutekunst Formfedern GmbH<br \/>\n<\/strong> Siemensstrasse 11<br \/>\n72285 Pfalzgrafenweiler<br \/>\nTel\u00e9fono +49 74 45-85 16-0<br \/>\nFax +49 74 45-85 16-33<br \/>\n<a class=\"email\" href=\"mailto:info@gutekunst-formfedern.de\">info@gutekunst-formfedern.de<\/a><\/p>","protected":false},"excerpt":{"rendered":"<p>El hogar de la \u00faltima tecnolog\u00eda de primavera &nbsp; Gutekunst Formfedern GmbH se especializa en la producci\u00f3n de resortes de forma individual, resortes planos, resortes de l\u00e1minas, piezas estampadas, piezas estampadas y dobladas, piezas l\u00e1ser, clips de resorte, resortes rectangulares<\/p>\n","protected":false},"author":6,"featured_media":0,"parent":0,"menu_order":0,"comment_status":"closed","ping_status":"closed","template":"","meta":{"footnotes":""},"page_tag":[],"class_list":["post-6714","page","type-page","status-publish","hentry"],"_links":{"self":[{"href":"https:\/\/info.formfedern.com\/es\/wp-json\/wp\/v2\/pages\/6714","targetHints":{"allow":["GET"]}}],"collection":[{"href":"https:\/\/info.formfedern.com\/es\/wp-json\/wp\/v2\/pages"}],"about":[{"href":"https:\/\/info.formfedern.com\/es\/wp-json\/wp\/v2\/types\/page"}],"author":[{"embeddable":true,"href":"https:\/\/info.formfedern.com\/es\/wp-json\/wp\/v2\/users\/6"}],"replies":[{"embeddable":true,"href":"https:\/\/info.formfedern.com\/es\/wp-json\/wp\/v2\/comments?post=6714"}],"version-history":[{"count":1,"href":"https:\/\/info.formfedern.com\/es\/wp-json\/wp\/v2\/pages\/6714\/revisions"}],"predecessor-version":[{"id":6733,"href":"https:\/\/info.formfedern.com\/es\/wp-json\/wp\/v2\/pages\/6714\/revisions\/6733"}],"wp:attachment":[{"href":"https:\/\/info.formfedern.com\/es\/wp-json\/wp\/v2\/media?parent=6714"}],"wp:term":[{"taxonomy":"page_tag","embeddable":true,"href":"https:\/\/info.formfedern.com\/es\/wp-json\/wp\/v2\/page_tag?post=6714"}],"curies":[{"name":"wp","href":"https:\/\/api.w.org\/{rel}","templated":true}]}}