{"id":7686,"date":"2021-07-28T16:13:32","date_gmt":"2021-07-28T14:13:32","guid":{"rendered":"https:\/\/info.formfedern.com\/produktova-rada-gutekunst-formfedern\/"},"modified":"2021-07-29T16:18:52","modified_gmt":"2021-07-29T14:18:52","slug":"produktova-rada-gutekunst-formfedern","status":"publish","type":"page","link":"https:\/\/info.formfedern.com\/cs\/produktova-rada-gutekunst-formfedern\/","title":{"rendered":"Produktov\u00e1 \u0159ada Gutekunst Formfedern"},"content":{"rendered":"<p style=\"text-align: left;\">Gutekunst Formfedern znamen\u00e1 mimo\u0159\u00e1dnou paletu pru\u017ein, spoustu n\u00e1pad\u016f a nejvy\u0161\u0161\u00ed \u00farove\u0148 p\u0159esnosti v technologii pru\u017ein. Od roku 1991 vyv\u00edj\u00edme a vyr\u00e1b\u00edme ka\u017ed\u00fd po\u017eadovan\u00fd<a href=\"https:\/\/info.formfedern.com\/cs\/jednotlive-tvarovane-pruziny-a-ploche-pruziny\/\" target=\"_blank\" rel=\"noopener noreferrer\"> Tvarovan\u00e1 pru\u017eina<\/a> ,<a href=\"https:\/\/info.formfedern.com\/cs\/ploche-pruziny\/\" target=\"_blank\" rel=\"noopener noreferrer\"> Ploch\u00e1 pru\u017eina<\/a> ,<a href=\"https:\/\/info.formfedern.com\/cs\/prehled-listovych-pruzin\/\" target=\"_blank\" rel=\"noopener noreferrer\"> Listov\u00e9 jaro<\/a> tak jako<a href=\"https:\/\/info.formfedern.com\/cs\/vlastnosti-lisovanych-a-ohybanych-dilu\/\" target=\"_blank\" rel=\"noopener noreferrer\"> Lisovan\u00e9 a ohnut\u00e9 \u010d\u00e1sti<\/a> a<a href=\"https:\/\/info.formfedern.com\/cs\/laserove-dily-v-expresni-vyrobe\/\" target=\"_blank\" rel=\"noopener noreferrer\"> Laserov\u00e9 d\u00edly<\/a> ze v\u0161ech<a href=\"https:\/\/info.formfedern.com\/cs\/vlastnosti-plechu-z-pruzinove-oceli\/\" target=\"_blank\" rel=\"noopener noreferrer\"> Ploch\u00e9 a p\u00e1sov\u00e9 oceli<\/a> v mal\u00fdch mno\u017estv\u00edch a velk\u00fdch s\u00e9ri\u00edch. A\u0165 u\u017e slo\u017eit\u00e9 tvary, v\u00edce\u00fa\u010delov\u00e9 vlastnosti nebo jednodu\u0161e pro ten prav\u00fd<a href=\"https:\/\/info.formfedern.com\/cs\/prehled-typu-pruzin\/\" target=\"_blank\" rel=\"noopener noreferrer\"> Kovov\u00e1 pru\u017eina<\/a> z ploch\u00e9ho materi\u00e1lu &#8211; \u0159ekn\u011bte n\u00e1m sv\u00e9 po\u017eadavky a pono\u0159te se do sv\u011bta<a href=\"https:\/\/info.formfedern.com\/cs\/vitejte-v-gutekunst-formfedern-gmbh\/\" target=\"_blank\" rel=\"noopener noreferrer\"> Gutekunst tvo\u0159\u00ed pru\u017einy<\/a> .<\/p>\n<p><img loading=\"lazy\" decoding=\"async\" class=\"aligncenter wp-image-6518 size-full\" src=\"https:\/\/info.formfedern.com\/wp-content\/uploads\/Formfedern_Uebersicht_900.jpg\" alt=\"Formfedern, Blattfedern, Flachfedern, Kontaktfedern und Laserteile - Gutekunst Formfedern\" width=\"900\" height=\"626\" data-wp-pid=\"4057\" srcset=\"https:\/\/info.formfedern.com\/wp-content\/uploads\/Formfedern_Uebersicht_900.jpg 900w, https:\/\/info.formfedern.com\/wp-content\/uploads\/Formfedern_Uebersicht_900-300x209.jpg 300w, https:\/\/info.formfedern.com\/wp-content\/uploads\/Formfedern_Uebersicht_900-768x534.jpg 768w, https:\/\/info.formfedern.com\/wp-content\/uploads\/Formfedern_Uebersicht_900-600x417.jpg 600w, https:\/\/info.formfedern.com\/wp-content\/uploads\/Formfedern_Uebersicht_900-150x104.jpg 150w, https:\/\/info.formfedern.com\/wp-content\/uploads\/Formfedern_Uebersicht_900-288x200.jpg 288w, https:\/\/info.formfedern.com\/wp-content\/uploads\/Formfedern_Uebersicht_900-800x556.jpg 800w, https:\/\/info.formfedern.com\/wp-content\/uploads\/Formfedern_Uebersicht_900-200x139.jpg 200w\" sizes=\"auto, (max-width: 900px) 100vw, 900px\" \/><\/p>\n<div id=\"ez-toc-container\" class=\"ez-toc-v2_0_82_2 counter-hierarchy ez-toc-counter ez-toc-grey ez-toc-container-direction\">\n<div class=\"ez-toc-title-container\">\n<p class=\"ez-toc-title\" style=\"cursor:inherit\">Table of Contents<\/p>\n<span class=\"ez-toc-title-toggle\"><\/span><\/div>\n<nav><ul class='ez-toc-list ez-toc-list-level-1 ' ><li class='ez-toc-page-1 ez-toc-heading-level-2'><a class=\"ez-toc-link ez-toc-heading-1\" href=\"https:\/\/info.formfedern.com\/cs\/produktova-rada-gutekunst-formfedern\/#Vyrobni_proces\" >V\u00fdrobn\u00ed proces<\/a><\/li><li class='ez-toc-page-1 ez-toc-heading-level-2'><a class=\"ez-toc-link ez-toc-heading-2\" href=\"https:\/\/info.formfedern.com\/cs\/produktova-rada-gutekunst-formfedern\/#Vyrobni_rozmery\" >V\u00fdrobn\u00ed rozm\u011bry<\/a><\/li><li class='ez-toc-page-1 ez-toc-heading-level-2'><a class=\"ez-toc-link ez-toc-heading-3\" href=\"https:\/\/info.formfedern.com\/cs\/produktova-rada-gutekunst-formfedern\/#kratka_dodaci_lhuta\" >kr\u00e1tk\u00e1 dodac\u00ed lh\u016fta<\/a><\/li><li class='ez-toc-page-1 ez-toc-heading-level-2'><a class=\"ez-toc-link ez-toc-heading-4\" href=\"https:\/\/info.formfedern.com\/cs\/produktova-rada-gutekunst-formfedern\/#Vyvoj_konstrukce_a_prenos_dat_CAD\" >V\u00fdvoj, konstrukce a p\u0159enos dat CAD<\/a><\/li><li class='ez-toc-page-1 ez-toc-heading-level-2'><a class=\"ez-toc-link ez-toc-heading-5\" href=\"https:\/\/info.formfedern.com\/cs\/produktova-rada-gutekunst-formfedern\/#Povrchove_upravy\" >Povrchov\u00e9 \u00fapravy<\/a><\/li><li class='ez-toc-page-1 ez-toc-heading-level-2'><a class=\"ez-toc-link ez-toc-heading-6\" href=\"https:\/\/info.formfedern.com\/cs\/produktova-rada-gutekunst-formfedern\/#Dalsi_prace_a_montaze\" >Dal\u0161\u00ed pr\u00e1ce a mont\u00e1\u017ee<\/a><\/li><li class='ez-toc-page-1 ez-toc-heading-level-2'><a class=\"ez-toc-link ez-toc-heading-7\" href=\"https:\/\/info.formfedern.com\/cs\/produktova-rada-gutekunst-formfedern\/#Specialni_nabidka_produktu\" >Speci\u00e1ln\u00ed nab\u00eddka produkt\u016f<\/a><\/li><li class='ez-toc-page-1 ez-toc-heading-level-2'><a class=\"ez-toc-link ez-toc-heading-8\" href=\"https:\/\/info.formfedern.com\/cs\/produktova-rada-gutekunst-formfedern\/#Nezavazna_nabidka_od_Gutekunst_Formfedern\" >Nez\u00e1vazn\u00e1 nab\u00eddka od Gutekunst Formfedern<\/a><\/li><\/ul><\/nav><\/div>\n<h2><span class=\"ez-toc-section\" id=\"Vyrobni_proces\"><\/span>V\u00fdrobn\u00ed proces<span class=\"ez-toc-section-end\"><\/span><\/h2>\n<p>V z\u00e1vislosti na vlastnostech, po\u017eadavc\u00edch a mno\u017estv\u00ed<a href=\"https:\/\/info.formfedern.com\/cs\/vyrobni-techniky-tvori-pruziny-ploche-pruziny-a-listove-pruziny\/\" target=\"_blank\" rel=\"noopener noreferrer\"> v\u00fdroba<\/a> na modern\u00ed pou\u017e\u00edv\u00e1me na\u0161e tvarov\u00e9 pru\u017einy, ploch\u00e9 pru\u017einy, listov\u00e9 pru\u017einy i lisovan\u00e9 a ohnut\u00e9 d\u00edly a laserov\u00e9 d\u00edly<a href=\"https:\/\/info.formfedern.com\/?p=8414&#038;preview=true&#038;preview_id=8414&#038;preview=true&#038;preview_id=8414\"> Razic\u00ed a oh\u00fdbac\u00ed stroje<\/a> nebo v<a href=\"https:\/\/info.formfedern.com\/laserschneiden-metall\/\"> Laserov\u00e9 \u0159ez\u00e1n\u00ed<\/a> , \u0158ez\u00e1n\u00ed vodn\u00edm paprskem a lept\u00e1n\u00ed s n\u00e1sledn\u00fdmi<a href=\"https:\/\/info.formfedern.com\/biegeverfahren-metallumformung\/\" target=\"_blank\" rel=\"noopener noreferrer\"> Technologie tv\u00e1\u0159en\u00ed<\/a> prost\u0159ednictv\u00edm oh\u00fdbac\u00edch stroj\u016f TruBend a voln\u00fdch n\u00e1stroj\u016f. Dosahujeme velmi vysok\u00e9 p\u0159esnosti d\u00edlu a opakovatelnosti a\u017e +\/- 0,05 mm. R\u00e1di v\u00e1m na vy\u017e\u00e1d\u00e1n\u00ed poskytneme kompletn\u00ed protokol procesu.<\/p>\n<h2><span class=\"ez-toc-section\" id=\"Vyrobni_rozmery\"><\/span>V\u00fdrobn\u00ed rozm\u011bry<span class=\"ez-toc-section-end\"><\/span><\/h2>\n<p><u>Tlou\u0161\u0165ka materi\u00e1lu:<\/u> 0,1 a\u017e 3,0 mm<br \/>\n<u>\u0160\u00ed\u0159ky p\u00e1sma:<\/u> 1,0 mm &#8211; 150 mm<br \/>\n<u>Velikosti desek:<\/u> 1 500 x 2 500 mm<\/p>\n<h2><span class=\"ez-toc-section\" id=\"kratka_dodaci_lhuta\"><\/span>kr\u00e1tk\u00e1 dodac\u00ed lh\u016fta<span class=\"ez-toc-section-end\"><\/span><\/h2>\n<p>D\u00edky vlastn\u00ed n\u00e1stroj\u00e1rn\u011b pro d\u011brovac\u00ed, oh\u00fdbac\u00ed a ra\u017eebn\u00ed n\u00e1stroje a na\u0161emu rozs\u00e1hl\u00e9mu skladu materi\u00e1lu umo\u017e\u0148ujeme nejkrat\u0161\u00ed mo\u017en\u00e9 p\u0159\u00edpravn\u00e9, v\u00fdrobn\u00ed a dodac\u00ed lh\u016fty pro prototypy, mal\u00e1 mno\u017estv\u00ed a velk\u00e9 s\u00e9rie. Nav\u00edc k<a href=\"https:\/\/info.formfedern.com\/cs\/vlastnosti-plechu-z-pruzinove-oceli\/\" target=\"_blank\" rel=\"noopener noreferrer\"> T\u0159\u00eddy pru\u017einov\u00e9 oceli<\/a> C75, C85, C100, MK101, plechy z nerezov\u00e9 oceli 1.4310, 1.4301, 1.4571, 1.4568 a ne\u017eelezn\u00e9 kovy<a href=\"https:\/\/info.formfedern.com\/cs\/vlastnosti-medeneho-berylia-cube\/\" target=\"_blank\" rel=\"noopener noreferrer\"> CuBe2<\/a> \u201eCuSn6, CW612N, CW508L, skladujeme tak\u00e9 hlin\u00edkov\u00e9 ALMG3, AI99, elektrick\u00e9 plechy podle EN 10106 M530-50A a tak\u00e9 r\u016fzn\u00e9 vysokoteplotn\u00ed materi\u00e1ly jako Duratherm a Inconel v r\u016fzn\u00fdch rozm\u011brech.<\/p>\n<h2><span class=\"ez-toc-section\" id=\"Vyvoj_konstrukce_a_prenos_dat_CAD\"><\/span>V\u00fdvoj, konstrukce a p\u0159enos dat CAD<span class=\"ez-toc-section-end\"><\/span><\/h2>\n<p>A\u0165 u\u017e jde o slo\u017eit\u00e9 tvary, v\u00edce\u00fa\u010delov\u00e9 vlastnosti nebo spr\u00e1vnou kovovou pru\u017einu, na\u0161e technologick\u00e9 a v\u00fdvojov\u00e9 odd\u011blen\u00ed v\u00e1s bude podporovat hned od za\u010d\u00e1tku<a href=\"https:\/\/info.formfedern.com\/cs\/vlastnosti-technickych-pruzin\/\" target=\"_blank\" rel=\"noopener noreferrer\"> optim\u00e1ln\u00ed design<\/a> po\u017eadovanou tvarovanou pru\u017einu, plochou pru\u017einu a listovou pru\u017einu. Krom\u011b p\u0159\u00edm\u00e9ho p\u0159enosu dat CAD ve 2D a 3D form\u00e1tu zcela p\u0159evezmeme tak\u00e9 n\u00e1vrh a v\u00fdvoj na z\u00e1klad\u011b vzorku, v\u00fdkresu, profilu po\u017eadavku nebo situace instalace. Krom\u011b r\u016fzn\u00fdch v\u00fdpo\u010dtov\u00fdch metod m\u00e1me 30 let know-how ve v\u00fdrob\u011b pru\u017ein a lisovan\u00fdch d\u00edl\u016f z ploch\u00e9ho materi\u00e1lu.<\/p>\n<h2><span class=\"ez-toc-section\" id=\"Povrchove_upravy\"><\/span>Povrchov\u00e9 \u00fapravy<span class=\"ez-toc-section-end\"><\/span><\/h2>\n<p>Pro ochranu, pro optiku nebo pro poskytnut\u00ed dal\u0161\u00edch funkc\u00ed. Nab\u00edz\u00edme v\u00e1m tak\u00e9 ten prav\u00fd pro ka\u017edou po\u017eadovanou aplikaci<a href=\"https:\/\/info.formfedern.com\/cs\/povrchova-uprava-a-konecna-uprava-kovovych-pruzin\/\" target=\"_blank\" rel=\"noopener noreferrer\"> Povrchov\u00e1 \u00faprava<\/a> . Jako je galvanick\u00e9 zinkov\u00e1n\u00ed, chromov\u00e1n\u00ed, niklov\u00e1n\u00ed, pasivace siln\u00fdch vrstev, chrom\u00e1tov\u00e1n\u00ed, pozlacov\u00e1n\u00ed, pokovov\u00e1n\u00ed m\u011bd\u00ed, st\u0159\u00edb\u0159en\u00ed, elektrolytick\u00e9 le\u0161t\u011bn\u00ed, sklen\u011bn\u00e9 a brokov\u00e1n\u00ed, le\u0161t\u011bn\u00ed, fosf\u00e1tov\u00e1n\u00ed, pasivace, plastov\u00e9 lakov\u00e1n\u00ed, pr\u00e1\u0161kov\u00e9 lakov\u00e1n\u00ed, nitridov\u00e1n\u00ed, Delta-Tone 9000 a Delta-Seal, vibra\u010dn\u00ed povrchov\u00e1 \u00faprava (povrchov\u00e1 \u00faprava hlavn\u011b), chemick\u00e9 odstra\u0148ov\u00e1n\u00ed ot\u0159ep\u016f, induk\u010dn\u00ed kalen\u00ed, bainitov\u00e9 tepeln\u00e9 \u00fapravy.<\/p>\n<h2><span class=\"ez-toc-section\" id=\"Dalsi_prace_a_montaze\"><\/span>Dal\u0161\u00ed pr\u00e1ce a mont\u00e1\u017ee<span class=\"ez-toc-section-end\"><\/span><\/h2>\n<p>R\u00e1di p\u0159ijmeme dal\u0161\u00ed pr\u00e1ce na vy\u017e\u00e1d\u00e1n\u00ed, jako je ra\u017een\u00ed, sva\u0159ov\u00e1n\u00ed, p\u00e1jen\u00ed, spojov\u00e1n\u00ed, n\u00fdtov\u00e1n\u00ed, okusov\u00e1n\u00ed, lisov\u00e1n\u00ed, brou\u0161en\u00ed, \u0159ez\u00e1n\u00ed z\u00e1vit\u016f, mont\u00e1\u017e, \u0161roubov\u00e1n\u00ed, balen\u00ed a p\u0159\u00edm\u00e1 mont\u00e1\u017e v dodan\u00fdch sestav\u00e1ch.<\/p>\n<h2><span class=\"ez-toc-section\" id=\"Specialni_nabidka_produktu\"><\/span>Speci\u00e1ln\u00ed nab\u00eddka produkt\u016f<span class=\"ez-toc-section-end\"><\/span><\/h2>\n<p>Krom\u011b na\u0161\u00ed produktov\u00e9 \u0159ady v\u0161ude kolem<a href=\"https:\/\/info.formfedern.com\/cs\/tvarove-pruziny-listove-pruziny-a-ploche-pruziny\/\" target=\"_blank\" rel=\"noopener noreferrer\"> Tvarov\u00e9 pru\u017einy<\/a> ,<a href=\"https:\/\/info.formfedern.com\/cs\/ploche-pruziny\/\" target=\"_blank\" rel=\"noopener noreferrer\"> Ploch\u00e9 pru\u017einy<\/a> ,<a href=\"https:\/\/info.formfedern.com\/cs\/prehled-listovych-pruzin\/\" target=\"_blank\" rel=\"noopener noreferrer\"> Listov\u00e9 pru\u017einy<\/a> tak jako<a href=\"https:\/\/info.formfedern.com\/cs\/vlastnosti-lisovanych-a-ohybanych-dilu\/\" target=\"_blank\" rel=\"noopener noreferrer\"> Lisovan\u00e9 a ohnut\u00e9 \u010d\u00e1sti<\/a> a<a href=\"https:\/\/info.formfedern.com\/cs\/laserove-dily-v-expresni-vyrobe\/\" target=\"_blank\" rel=\"noopener noreferrer\"> Laserov\u00e9 d\u00edly<\/a> , pod\u00edvejte se na na\u0161i speci\u00e1ln\u00ed \u0159adu produkt\u016f<a href=\"https:\/\/info.formfedern.com\/cs\/informace-o-vinutych-pruzinach\/\" target=\"_blank\" rel=\"noopener noreferrer\"> Spir\u00e1la a hnac\u00ed s\u00edla<\/a> ,<a href=\"https:\/\/info.formfedern.com\/cs\/jednotlive-kontaktni-pruziny\/\" target=\"_blank\" rel=\"noopener noreferrer\"> Kontaktn\u00ed pru\u017einy<\/a> ,<a href=\"https:\/\/info.formfedern.com\/cs\/kupte-si-pruzinove-spony-a-spony-na-trubky\/\" target=\"_blank\" rel=\"noopener noreferrer\"> Jarn\u00ed klipy<\/a> ,<a href=\"https:\/\/info.formfedern.com\/cs\/kovove-klipy-na-miru\/\" target=\"_blank\" rel=\"noopener noreferrer\"> Kovov\u00e9 spony<\/a> ,<a href=\"https:\/\/info.formfedern.com\/cs\/pojistne-podlozky-pro-hridele-a-napravy\/\" target=\"_blank\" rel=\"noopener noreferrer\"> Pojistn\u00e9 podlo\u017eky<\/a> ,<a href=\"https:\/\/info.formfedern.com\/cs\/pruzinova-ocel-a-plechy-z-pruzinove-oceli-ze-skladu\/\" target=\"_blank\" rel=\"noopener noreferrer\"> Pru\u017einov\u00e1 ocel<\/a> a<a href=\"https:\/\/info.formfedern.com\/federscheiben-klemmscheiben\/\" target=\"_blank\" rel=\"noopener noreferrer\"> Pru\u017en\u00e9 podlo\u017eky<\/a> na.<\/p>\n<p><center><iframe loading=\"lazy\" src=\"https:\/\/www.youtube.com\/embed\/XrcSHOWxcT4\" width=\"560\" height=\"315\" frameborder=\"0\" allowfullscreen=\"allowfullscreen\"><span style=\"display: inline-block; width: 0px; overflow: hidden; line-height: 0;\" data-mce-type=\"bookmark\" class=\"mce_SELRES_start\">\ufeff<\/span><span style=\"display: inline-block; width: 0px; overflow: hidden; line-height: 0;\" data-mce-type=\"bookmark\" class=\"mce_SELRES_start\">\ufeff<\/span><\/iframe><\/center><\/p>\n<h2><span class=\"ez-toc-section\" id=\"Nezavazna_nabidka_od_Gutekunst_Formfedern\"><\/span>Nez\u00e1vazn\u00e1 nab\u00eddka od Gutekunst Formfedern<span class=\"ez-toc-section-end\"><\/span><\/h2>\n<p>Pokud m\u00e1te z\u00e1jem, po\u0161lete n\u00e1m n\u00e1sleduj\u00edc\u00ed<a href=\"https:\/\/info.formfedern.com\/cs\/jarni-pozadavek\/\" target=\"_blank\" rel=\"noopener noreferrer\"> Tla\u010d\u00edtko Po\u017e\u00e1dat<\/a> data po\u017eadovan\u00e9 technick\u00e9 pru\u017einy, lisovan\u00e9 a ohnut\u00e9 nebo laserov\u00e9 \u010d\u00e1sti s podrobnostmi o po\u010dtu kus\u016f a v\u00fdkresov\u00fdmi \/ CAD daty. V kr\u00e1tk\u00e9 dob\u011b v\u00e1m p\u0159iprav\u00edme nez\u00e1vaznou nab\u00eddku jako vzorek, prototyp, v mal\u00e9m mno\u017estv\u00ed a ve velk\u00fdch s\u00e9ri\u00edch.<\/p>\n<table>\n<tbody>\n<tr>\n<td width=\"302\">\n<p style=\"text-align: center;\"><span style=\"text-align: center;\"><a class=\"maxbutton-1 maxbutton maxbutton-formfedern\" target=\"_blank\" rel=\"noopener\" href=\"https:\/\/info.formfedern.com\/formfedern-anfrage\/\"><span class='mb-text'>Anfrage Formfedern &amp; Blattfedern<\/span><\/a><\/span><\/p>\n<\/td>\n<td width=\"302\">\n<p style=\"text-align: center;\"><span style=\"text-align: center;\"><a class=\"maxbutton-2 maxbutton maxbutton-kontaktfedern\" target=\"_blank\" rel=\"noopener\" href=\"https:\/\/info.formfedern.com\/kontaktfedern-anfrage\/\"><span class='mb-text'>Anfrage Kontaktfedern<\/span><\/a><\/span><\/p>\n<\/td>\n<\/tr>\n<tr>\n<td width=\"302\">\n<p style=\"text-align: center;\"><span style=\"text-align: center;\"><a class=\"maxbutton-3 maxbutton maxbutton-stanzbiegeteile\" target=\"_blank\" rel=\"noopener\" href=\"https:\/\/info.formfedern.com\/stanzbiegeteile-anfrageformular\/\"><span class='mb-text'>Anfrage Stanzbiegeteile &amp; Stanzteile<\/span><\/a><\/span><\/p>\n<\/td>\n<td width=\"302\">\n<p style=\"text-align: center;\"><span style=\"text-align: center;\"><a class=\"maxbutton-4 maxbutton maxbutton-laserteile\" target=\"_blank\" rel=\"noopener\" href=\"https:\/\/info.formfedern.com\/laserteile-anfrageformular\/\"><span class='mb-text'>Anfrage Laserteile<\/span><\/a><\/span><\/p>\n<\/td>\n<\/tr>\n<\/tbody>\n<\/table>\n<p>M\u016f\u017eete tak\u00e9 kontaktovat na\u0161e techniky p\u0159\u00edmo na adrese<a href=\"mailto:info@gutekunst-formfedern.de\"> info@gutekunst-formfedern.de<\/a> a telefon (+49) 07445 85160.<\/p>\n<p><strong>Gutekunst Formfedern GmbH<br \/>\n<\/strong> Siemensstrasse 11<br \/>\n72285 Pfalzgrafenweiler<br \/>\nTelefon +49 74 45-85 16-0<br \/>\nFax: +49 74 45-85 16-33<br \/>\n<a class=\"email\" href=\"mailto:info@gutekunst-formfedern.de\">info@gutekunst-formfedern.de<\/a><\/p>","protected":false},"excerpt":{"rendered":"<p>Gutekunst Formfedern znamen\u00e1 mimo\u0159\u00e1dnou paletu pru\u017ein, spoustu n\u00e1pad\u016f a nejvy\u0161\u0161\u00ed \u00farove\u0148 p\u0159esnosti v technologii pru\u017ein. Od roku 1991 vyv\u00edj\u00edme a vyr\u00e1b\u00edme ka\u017ed\u00fd po\u017eadovan\u00fd Tvarovan\u00e1 pru\u017eina , Ploch\u00e1 pru\u017eina , Listov\u00e9 jaro tak jako Lisovan\u00e9 a ohnut\u00e9 \u010d\u00e1sti a Laserov\u00e9 d\u00edly<\/p>\n","protected":false},"author":6,"featured_media":0,"parent":0,"menu_order":0,"comment_status":"closed","ping_status":"closed","template":"","meta":{"footnotes":""},"page_tag":[],"class_list":["post-7686","page","type-page","status-publish","hentry"],"_links":{"self":[{"href":"https:\/\/info.formfedern.com\/cs\/wp-json\/wp\/v2\/pages\/7686","targetHints":{"allow":["GET"]}}],"collection":[{"href":"https:\/\/info.formfedern.com\/cs\/wp-json\/wp\/v2\/pages"}],"about":[{"href":"https:\/\/info.formfedern.com\/cs\/wp-json\/wp\/v2\/types\/page"}],"author":[{"embeddable":true,"href":"https:\/\/info.formfedern.com\/cs\/wp-json\/wp\/v2\/users\/6"}],"replies":[{"embeddable":true,"href":"https:\/\/info.formfedern.com\/cs\/wp-json\/wp\/v2\/comments?post=7686"}],"version-history":[{"count":1,"href":"https:\/\/info.formfedern.com\/cs\/wp-json\/wp\/v2\/pages\/7686\/revisions"}],"predecessor-version":[{"id":7914,"href":"https:\/\/info.formfedern.com\/cs\/wp-json\/wp\/v2\/pages\/7686\/revisions\/7914"}],"wp:attachment":[{"href":"https:\/\/info.formfedern.com\/cs\/wp-json\/wp\/v2\/media?parent=7686"}],"wp:term":[{"taxonomy":"page_tag","embeddable":true,"href":"https:\/\/info.formfedern.com\/cs\/wp-json\/wp\/v2\/page_tag?post=7686"}],"curies":[{"name":"wp","href":"https:\/\/api.w.org\/{rel}","templated":true}]}}