{"id":6640,"date":"2021-05-19T15:01:07","date_gmt":"2021-05-19T13:01:07","guid":{"rendered":"https:\/\/info.formfedern.com\/vitejte-v-gutekunst-formfedern-gmbh\/"},"modified":"2021-05-19T15:12:14","modified_gmt":"2021-05-19T13:12:14","slug":"vitejte-v-gutekunst-formfedern-gmbh","status":"publish","type":"page","link":"https:\/\/info.formfedern.com\/cs\/vitejte-v-gutekunst-formfedern-gmbh\/","title":{"rendered":"V\u00edtejte v Gutekunst Formfedern GmbH"},"content":{"rendered":"<h3 style=\"text-align: left;\">Domov nejnov\u011bj\u0161\u00ed pru\u017einov\u00e9 technologie<\/h3>\n<p>&nbsp;<\/p>\n<p><a href=\"https:\/\/info.formfedern.com\/wp-content\/uploads\/Produktuebersicht.jpg\"><img loading=\"lazy\" decoding=\"async\" class=\"alignnone wp-image-6643 size-full\" src=\"https:\/\/info.formfedern.com\/wp-content\/uploads\/Produktuebersicht.jpg\" alt=\"Jednotliv\u00e9 tvarovan\u00e9 pru\u017einy, ploch\u00e9 pru\u017einy, listov\u00e9 pru\u017einy, lisovan\u00e9 d\u00edly, lisovan\u00e9 a ohnut\u00e9 d\u00edly, laserov\u00e9 d\u00edly, pru\u017einov\u00e9 spony, obd\u00e9ln\u00edkov\u00e9 pru\u017einy a ohnut\u00e9 dr\u00e1t\u011bn\u00e9 d\u00edly v neomezen\u00e9 rozmanitosti tvar\u016f z lisovan\u00fdch pru\u017ein Gutekunst\" width=\"1199\" height=\"190\" data-wp-pid=\"579\" srcset=\"https:\/\/info.formfedern.com\/wp-content\/uploads\/Produktuebersicht.jpg 1199w, https:\/\/info.formfedern.com\/wp-content\/uploads\/Produktuebersicht-300x48.jpg 300w, https:\/\/info.formfedern.com\/wp-content\/uploads\/Produktuebersicht-1024x162.jpg 1024w, https:\/\/info.formfedern.com\/wp-content\/uploads\/Produktuebersicht-200x32.jpg 200w, https:\/\/info.formfedern.com\/wp-content\/uploads\/Produktuebersicht-600x95.jpg 600w, https:\/\/info.formfedern.com\/wp-content\/uploads\/Produktuebersicht-800x127.jpg 800w\" sizes=\"auto, (max-width: 1199px) 100vw, 1199px\" \/><\/a><\/p>\n<p>Gutekunst Formfedern GmbH se specializuje na v\u00fdrobu jednotliv\u00fdch tvarovan\u00fdch pru\u017ein, ploch\u00fdch pru\u017ein, listov\u00fdch pru\u017ein, lisovan\u00fdch d\u00edl\u016f, lisovan\u00fdch a oh\u00fdban\u00fdch d\u00edl\u016f, laserov\u00fdch d\u00edl\u016f, pru\u017einov\u00fdch spon, pravo\u00fahl\u00fdch pru\u017ein a oh\u00fdban\u00fdch dr\u00e1t\u011bn\u00fdch d\u00edl\u016f v neomezen\u00e9 rozmanitosti tvar\u016f. A\u0165 u\u017e jde o slo\u017eit\u00e9 tvary nebo v\u00edce\u00fa\u010delov\u00e9 vlastnosti, spole\u010dnost Pfalzgrafenweiler, zalo\u017een\u00e1 v roce 1990, vedle nejvy\u0161\u0161\u00ed kvality stoj\u00ed od sam\u00e9ho za\u010d\u00e1tku za inovativn\u00ed \u0159e\u0161en\u00ed a komplexn\u00ed slu\u017eby.<\/p>\n<p>Spole\u010dnost Gutekunst Formfedern GmbH, certifikovan\u00e1 podle norem ISO 9001: 2008, 14001, 18001 a 45001, nab\u00edz\u00ed extr\u00e9mn\u011b vysokou p\u0159esnost a opakovatelnost d\u00edl\u016f se sv\u00fdm rozs\u00e1hl\u00fdm modern\u00edm strojov\u00fdm parkem laser\u016f \u0159\u00edzen\u00fdch CAD \/ CAM, d\u011brovac\u00edch, oh\u00fdbac\u00edch, oh\u00fdbac\u00edch a \u0159ezac\u00edch stroj\u016f. A zaji\u0161\u0165uje rychl\u00fd a optim\u00e1ln\u00ed tok zak\u00e1zek pro prototypy, mal\u00e1 mno\u017estv\u00ed a velk\u00e9 s\u00e9rie prost\u0159ednictv\u00edm vlastn\u00ed d\u00edlny, \u0159\u00edzen\u00ed objedn\u00e1vek a v\u00fdroby na z\u00e1klad\u011b CAD, jako\u017e i \u201eprincip\u201e v\u0161e v jednom \u201cs personalizovanou spr\u00e1vou objedn\u00e1vek .<\/p>\n<hr \/>\n<p>Mo\u017enosti pou\u017eit\u00ed a konstrukce tvarovan\u00fdch pru\u017ein, ploch\u00fdch pru\u017ein, listov\u00fdch pru\u017ein, lisovan\u00fdch d\u00edl\u016f, lisovan\u00fdch oh\u00fdban\u00fdch d\u00edl\u016f, laserov\u00fdch d\u00edl\u016f, pru\u017einov\u00fdch spon a oh\u00fdban\u00fdch dr\u00e1t\u011bn\u00fdch d\u00edl\u016f jsou stejn\u011b rozmanit\u00e9 a slo\u017eit\u00e9 jako jejich v\u00fdroba. Abychom v\u00e1s mohli podpo\u0159it p\u0159i v\u00fdb\u011bru a designu, m\u00e1me vedle na\u0161eho webu<a href=\"http:\/\/www.formfedern.com\" target=\"_blank\" rel=\"noopener noreferrer\"> www.formfedern.com<\/a> a na\u0161e designov\u00e1 slu\u017eba na<a href=\"mailto:info@gutekunst-formfedern.de\"> info@gutekunst-formfedern.de<\/a> , spustila tuto informa\u010dn\u00ed platformu s neust\u00e1le zaj\u00edmav\u00fdmi, aktu\u00e1ln\u00edmi t\u00e9maty a t\u00e9maty zam\u011b\u0159en\u00fdmi na \u0159e\u0161en\u00ed t\u00fdkaj\u00edc\u00ed se na\u0161\u00ed produktov\u00e9 \u0159ady.<\/p>\n<p>R\u00e1di bychom tak\u00e9 odpov\u011bd\u011bli na va\u0161e konkr\u00e9tn\u00ed ot\u00e1zky t\u00fdkaj\u00edc\u00ed se tohoto t\u00e9matu. Za\u0161lete n\u00e1m pros\u00edm svou ot\u00e1zku jednodu\u0161e a nez\u00e1vazn\u011b&gt;<a href=\"mailto:info@formfedern.news2b.de\"> info@formfedern.news2b.de<\/a> .<\/p>\n<p><strong>Gutekunst Formfedern GmbH<br \/>\n<\/strong> Siemensstrasse 11<br \/>\n72285 Pfalzgrafenweiler<br \/>\nTelefon +49 74 45-85 16-0<br \/>\nFax: +49 74 45-85 16-33<br \/>\n<a class=\"email\" href=\"mailto:info@gutekunst-formfedern.de\">info@gutekunst-formfedern.de<\/a><\/p>","protected":false},"excerpt":{"rendered":"<p>Domov nejnov\u011bj\u0161\u00ed pru\u017einov\u00e9 technologie &nbsp; Gutekunst Formfedern GmbH se specializuje na v\u00fdrobu jednotliv\u00fdch tvarovan\u00fdch pru\u017ein, ploch\u00fdch pru\u017ein, listov\u00fdch pru\u017ein, lisovan\u00fdch d\u00edl\u016f, lisovan\u00fdch a oh\u00fdban\u00fdch d\u00edl\u016f, laserov\u00fdch d\u00edl\u016f, pru\u017einov\u00fdch spon, pravo\u00fahl\u00fdch pru\u017ein a oh\u00fdban\u00fdch dr\u00e1t\u011bn\u00fdch d\u00edl\u016f v neomezen\u00e9 rozmanitosti tvar\u016f. A\u0165<\/p>\n","protected":false},"author":6,"featured_media":0,"parent":0,"menu_order":0,"comment_status":"closed","ping_status":"closed","template":"","meta":{"footnotes":""},"page_tag":[],"class_list":["post-6640","page","type-page","status-publish","hentry"],"_links":{"self":[{"href":"https:\/\/info.formfedern.com\/cs\/wp-json\/wp\/v2\/pages\/6640","targetHints":{"allow":["GET"]}}],"collection":[{"href":"https:\/\/info.formfedern.com\/cs\/wp-json\/wp\/v2\/pages"}],"about":[{"href":"https:\/\/info.formfedern.com\/cs\/wp-json\/wp\/v2\/types\/page"}],"author":[{"embeddable":true,"href":"https:\/\/info.formfedern.com\/cs\/wp-json\/wp\/v2\/users\/6"}],"replies":[{"embeddable":true,"href":"https:\/\/info.formfedern.com\/cs\/wp-json\/wp\/v2\/comments?post=6640"}],"version-history":[{"count":3,"href":"https:\/\/info.formfedern.com\/cs\/wp-json\/wp\/v2\/pages\/6640\/revisions"}],"predecessor-version":[{"id":6726,"href":"https:\/\/info.formfedern.com\/cs\/wp-json\/wp\/v2\/pages\/6640\/revisions\/6726"}],"wp:attachment":[{"href":"https:\/\/info.formfedern.com\/cs\/wp-json\/wp\/v2\/media?parent=6640"}],"wp:term":[{"taxonomy":"page_tag","embeddable":true,"href":"https:\/\/info.formfedern.com\/cs\/wp-json\/wp\/v2\/page_tag?post=6640"}],"curies":[{"name":"wp","href":"https:\/\/api.w.org\/{rel}","templated":true}]}}